{"id":20,"date":"2020-03-09T17:13:52","date_gmt":"2020-03-09T16:13:52","guid":{"rendered":"https:\/\/web176.globalbases.com\/?page_id=20"},"modified":"2021-07-03T11:41:16","modified_gmt":"2021-07-03T09:41:16","slug":"produkte","status":"publish","type":"page","link":"https:\/\/www.isotildam.de\/index.php\/produkte\/","title":{"rendered":"Technologien"},"content":{"rendered":"\n<figure class=\"wp-block-pullquote is-style-default\" style=\"border-color:#0693e3\"><blockquote><p>IsoTilDam bietet aufgrund st\u00e4ndiger Neu- und Produktweiterentwicklungen ein sehr breites Spektrum von Anwendungen &#8211; das von der Nivillierung der Maschinen bis hin zur Schwingungsisolierung, Schwingungsd\u00e4mpfung und Schwingungstilgung reicht.<\/p><\/blockquote><\/figure>\n\n\n\n<figure class=\"wp-block-gallery alignright columns-1 is-cropped wp-block-gallery-1 is-layout-flex wp-block-gallery-is-layout-flex\"><ul class=\"blocks-gallery-grid\"><li class=\"blocks-gallery-item\"><figure><img loading=\"lazy\" decoding=\"async\" width=\"300\" height=\"185\" src=\"https:\/\/www.isotildam.de\/wp-content\/uploads\/2020\/10\/IMG_0151-300x185.png\" alt=\"\" data-id=\"5519\" data-full-url=\"https:\/\/web176.globalbases.com\/wp-content\/uploads\/2020\/10\/IMG_0151.png\" data-link=\"https:\/\/web176.globalbases.com\/img_0151\/\" class=\"wp-image-5519\" srcset=\"https:\/\/www.isotildam.de\/wp-content\/uploads\/2020\/10\/IMG_0151-300x185.png 300w, https:\/\/www.isotildam.de\/wp-content\/uploads\/2020\/10\/IMG_0151-600x371.png 600w, https:\/\/www.isotildam.de\/wp-content\/uploads\/2020\/10\/IMG_0151-768x474.png 768w, https:\/\/www.isotildam.de\/wp-content\/uploads\/2020\/10\/IMG_0151-1024x632.png 1024w, https:\/\/www.isotildam.de\/wp-content\/uploads\/2020\/10\/IMG_0151.png 1200w\" sizes=\"auto, (max-width: 300px) 100vw, 300px\" \/><figcaption class=\"blocks-gallery-item__caption\">Keilschuh IKS1 zur Nivellierung<\/figcaption><\/figure><\/li><li class=\"blocks-gallery-item\"><figure><img loading=\"lazy\" decoding=\"async\" width=\"300\" height=\"239\" src=\"https:\/\/www.isotildam.de\/wp-content\/uploads\/2020\/10\/Bild4-300x239.png\" alt=\"\" data-id=\"5898\" data-full-url=\"https:\/\/web176.globalbases.com\/wp-content\/uploads\/2020\/10\/Bild4.png\" data-link=\"https:\/\/web176.globalbases.com\/index.php\/produkte\/schwingungsisolierpakete\/bild4\/\" class=\"wp-image-5898\" srcset=\"https:\/\/www.isotildam.de\/wp-content\/uploads\/2020\/10\/Bild4-300x239.png 300w, https:\/\/www.isotildam.de\/wp-content\/uploads\/2020\/10\/Bild4.png 333w\" sizes=\"auto, (max-width: 300px) 100vw, 300px\" \/><figcaption class=\"blocks-gallery-item__caption\">EPK60P-6 zur Schwingungsisolierung<\/figcaption><\/figure><\/li><li class=\"blocks-gallery-item\"><figure><img loading=\"lazy\" decoding=\"async\" width=\"300\" height=\"138\" src=\"https:\/\/www.isotildam.de\/wp-content\/uploads\/2020\/10\/IMG_0074_gray-1-300x138.png\" alt=\"\" data-id=\"5352\" data-full-url=\"https:\/\/web176.globalbases.com\/wp-content\/uploads\/2020\/10\/IMG_0074_gray-1.png\" data-link=\"https:\/\/web176.globalbases.com\/img_0074_gray-2\/\" class=\"wp-image-5352\" srcset=\"https:\/\/www.isotildam.de\/wp-content\/uploads\/2020\/10\/IMG_0074_gray-1-300x138.png 300w, https:\/\/www.isotildam.de\/wp-content\/uploads\/2020\/10\/IMG_0074_gray-1-600x276.png 600w, https:\/\/www.isotildam.de\/wp-content\/uploads\/2020\/10\/IMG_0074_gray-1-768x353.png 768w, https:\/\/www.isotildam.de\/wp-content\/uploads\/2020\/10\/IMG_0074_gray-1-1024x470.png 1024w, https:\/\/www.isotildam.de\/wp-content\/uploads\/2020\/10\/IMG_0074_gray-1.png 1200w\" sizes=\"auto, (max-width: 300px) 100vw, 300px\" \/><figcaption class=\"blocks-gallery-item__caption\">EPL30G und EPL30P zur Schwingungsd\u00e4mpfung<\/figcaption><\/figure><\/li><li class=\"blocks-gallery-item\"><figure><img loading=\"lazy\" decoding=\"async\" width=\"300\" height=\"166\" src=\"https:\/\/www.isotildam.de\/wp-content\/uploads\/2020\/11\/Bild1-300x166.png\" alt=\"\" data-id=\"6099\" data-full-url=\"https:\/\/web176.globalbases.com\/wp-content\/uploads\/2020\/11\/Bild1.png\" data-link=\"https:\/\/web176.globalbases.com\/index.php\/produkte\/bild1-2\/\" class=\"wp-image-6099\" srcset=\"https:\/\/www.isotildam.de\/wp-content\/uploads\/2020\/11\/Bild1-300x166.png 300w, https:\/\/www.isotildam.de\/wp-content\/uploads\/2020\/11\/Bild1.png 547w\" sizes=\"auto, (max-width: 300px) 100vw, 300px\" \/><figcaption class=\"blocks-gallery-item__caption\">Vorspannbarer Tilger zur Schwingungstilgung<\/figcaption><\/figure><\/li><\/ul><\/figure>\n\n\n\n<p class=\"wp-block-paragraph\">Fa. ISOTILDAM Schwingungstechnik bietet Ihnen komplette L\u00f6sungen aus einer Hand an, von der Beratung und Planung bis zur Realisierung und \u00dcberpr\u00fcfung der Wirksamkeit der Ma\u00dfnahmen. Zur Realisierung der ausgelegten L\u00f6sungen bieten wir Ihnen unsere innovativen Maschinenaufstellelemente und alle Elemente zur Reduzierung von Schwingungen (Ersch\u00fctterungen, K\u00f6rperschall, Luftschall und Ger\u00e4usche) an. Wir haben uns zum Ziel gesetzt, Nutzen sowie Qualit\u00e4t und Produktivit\u00e4t, Genauigkeit, Funktionalit\u00e4t und Wirtschaftlichkeit bei unseren Kunden zu erreichen, indem wir die neusten technologischen Entwicklungen und Erkenntnisse im Bereich der Maschinenaufstelltechnik und der Schwingungstechnik mit unseren innovativen Produkten in die Praxis umsetzen.   In den folgenden Abschnitten finden Sie zurzeit eine Liste mit entsprechenden Beschreibungen unserer aktuellen Produkte. <\/p>\n\n\n\n<p class=\"wp-block-paragraph\">Wir liefern Ihnen die folgenden Elemente auf Ihre Anfrage: <\/p>\n\n\n\n<ol class=\"wp-block-list\"><li>Isolierungsplatten zur Schwingungsisolierung und zur Schwingungsd\u00e4mpfung <br>Isolierungspakete zur Schwingungsisolierung und zur Schwingungsd\u00e4mpfung<br>Antirutschplatten<\/li><li>Keilschuhe bzw. Maschinenschuhe zum Aufstellen und zur Nivellierung von Maschinen, Anlagen, Ger\u00e4ten, Pressen etc.<\/li><li>Nivellierteller zur einfachen Aufstellung von Maschinen<\/li><li>Maschinenlagerungssysteme zur optimalen Aufstellen von Maschinen <\/li><li>zwei achsiges Schr\u00e4glager zur Aufnahme der horizontalen Kr\u00e4ften <\/li><li>Pressenlagerungssysteme zur optimalen Aufstellung von Umformmaschinen, Pressen, Schmiedepressen, H\u00e4mmern, Stanzen, Scheren, Schredder, Zerbrecher, M\u00fchlen<\/li><li>Fundamentisolierung, oberirdisch und unterirdisch zur Reduzierung von&nbsp;Schwingungen und zur Versteifung von Maschinen<\/li><li>Gummipuffer zur Aufstellung von Motoren, Aggregaten, Pumpen, Ventilatoren etc.<\/li><li>Schwingungstilger zur Reduzierung der Schwingungen von Maschinen, Anlagen, Ger\u00e4ten und Geb\u00e4uden <\/li><li>Schwingungsd\u00e4mpfer bzw. D\u00e4mpfungselemente zur Reduzierung der Schwingungen <\/li><li>Erdbebenschutz f\u00fcr Maschinen und Geb\u00e4ude <\/li><li>Elemente zur Schallisolierung zur Reduzierung von Ger\u00e4uschen und Luftschall <\/li><li>Horizontale Abst\u00fctzungen zur Stabilisierung einer elastisch gelagerten Maschine <\/li><li>Zubeh\u00f6r, Schrauben, Schraubenkopfisolation etc.<\/li><\/ol>\n\n\n\n<div class=\"blockspare-block-accordion blockspare-block blockspare-block-1b6883\" data-item-toggle=\"true\">\n<div class=\"wp-block-blockspare-accordion-item blockspare-block-1e62ae\"><div class=\"blockspare-accordion-item blockspare-type-fill \" data-act-color=\"#fff\" data-txt-color=\"#fff\" data-active=\"#0693e3\" data-pan=\"#0693e3\" style=\"margin-bottom:10px\"><div class=\"blockspare-accordion-panel  blockspare-right\" style=\"background-color:#0693e3\"><span class=\"blockspare-accordion-panel-handler\" role=\"button\" style=\"color:#fff\"><span class=\"blockspare-accordion-icon fa fa-plus\"><\/span><span class=\"blockspare-accordion-panel-handler-label\">Druck- und Papiermaschinen<\/span><\/span><\/div><div class=\"blockspare-accordion-body\" style=\"background-color:#fff\" data-bg=\"#fff\">\n<ul class=\"wp-block-list\"><li>Mehrfarbendruckmaschinen<\/li><li>Papierschneider<\/li><li>Sammelhefter<\/li><\/ul>\n\n\n\n<p class=\"wp-block-paragraph\"><\/p>\n<\/div><\/div><\/div>\n\n\n\n<div class=\"wp-block-blockspare-accordion-item blockspare-block-40a783\"><div class=\"blockspare-accordion-item blockspare-type-fill \" data-act-color=\"#fff\" data-txt-color=\"#fff\" data-active=\"#0693e3\" data-pan=\"#0693e3\" style=\"margin-bottom:10px\"><div class=\"blockspare-accordion-panel  blockspare-right\" style=\"background-color:#0693e3\"><span class=\"blockspare-accordion-panel-handler\" role=\"button\" style=\"color:#fff\"><span class=\"blockspare-accordion-icon fa fa-plus\"><\/span><span class=\"blockspare-accordion-panel-handler-label\">Glasbearbeitungsmaschinen<\/span><\/span><\/div><div class=\"blockspare-accordion-body\" style=\"background-color:#fff\" data-bg=\"#fff\">\n<ul class=\"wp-block-list\"><li>Glasdrehmaschinen<\/li><li>Glasschleifmaschinen<\/li><\/ul>\n<\/div><\/div><\/div>\n\n\n\n<div class=\"wp-block-blockspare-accordion-item blockspare-block-cf2b5c\"><div class=\"blockspare-accordion-item blockspare-type-fill \" data-act-color=\"#fff\" data-txt-color=\"#fff\" data-active=\"#0693e3\" data-pan=\"#0693e3\" style=\"margin-bottom:10px\"><div class=\"blockspare-accordion-panel  blockspare-right\" style=\"background-color:#0693e3\"><span class=\"blockspare-accordion-panel-handler\" role=\"button\" style=\"color:#fff\"><span class=\"blockspare-accordion-icon fa fa-plus\"><\/span><span class=\"blockspare-accordion-panel-handler-label\">Holzbearbeitungsmaschinen<\/span><\/span><\/div><div class=\"blockspare-accordion-body\" style=\"background-color:#fff\" data-bg=\"#fff\">\n<ul class=\"wp-block-list\"><li>Holzschleifmaschinen<\/li><\/ul>\n<\/div><\/div><\/div>\n\n\n\n<div class=\"wp-block-blockspare-accordion-item blockspare-block-6c08bb\"><div class=\"blockspare-accordion-item blockspare-type-fill \" data-act-color=\"#fff\" data-txt-color=\"#fff\" data-active=\"#0693e3\" data-pan=\"#0693e3\" style=\"margin-bottom:10px\"><div class=\"blockspare-accordion-panel  blockspare-right\" style=\"background-color:#0693e3\"><span class=\"blockspare-accordion-panel-handler\" role=\"button\" style=\"color:#fff\"><span class=\"blockspare-accordion-icon fa fa-plus\"><\/span><span class=\"blockspare-accordion-panel-handler-label\">Pressen und Stanzen<\/span><\/span><\/div><div class=\"blockspare-accordion-body\" style=\"background-color:#fff\" data-bg=\"#fff\">\n<ul class=\"wp-block-list\"><li>Exzentrenpressen<\/li><li>hydraulische Pressen und Stanzen<\/li><li>Schmiedeh\u00e4mmer<\/li><li>Schmiedepressen<\/li><li>Spindelpressen<\/li><li>Tafelscheren<\/li><\/ul>\n<\/div><\/div><\/div>\n\n\n\n<div class=\"wp-block-blockspare-accordion-item blockspare-block-cabbb9\"><div class=\"blockspare-accordion-item blockspare-type-fill \" data-act-color=\"#fff\" data-txt-color=\"#fff\" data-active=\"#0693e3\" data-pan=\"#0693e3\" style=\"margin-bottom:10px\"><div class=\"blockspare-accordion-panel  blockspare-right\" style=\"background-color:#0693e3\"><span class=\"blockspare-accordion-panel-handler\" role=\"button\" style=\"color:#fff\"><span class=\"blockspare-accordion-icon fa fa-plus\"><\/span><span class=\"blockspare-accordion-panel-handler-label\">Werkzeugmaschinen<\/span><\/span><\/div><div class=\"blockspare-accordion-body\" style=\"background-color:#fff\" data-bg=\"#fff\">\n<ul class=\"wp-block-list\"><li>Bearbeitungszentren<\/li><li>Drehmaschinen<\/li><li>Erodiermaschinen<\/li><li>Fr\u00e4smaschinen<\/li><li>Graviermaschinen<\/li><li>Schleifmaschinen<\/li><li>Sondermaschinen<\/li><li>Tieflochbohrmaschinen<\/li><li>Transferstra\u00dfen<\/li><\/ul>\n<\/div><\/div><\/div>\n\n\n\n<div class=\"wp-block-blockspare-accordion-item blockspare-block-ff36f9\"><div class=\"blockspare-accordion-item blockspare-type-fill \" data-act-color=\"#fff\" data-txt-color=\"#fff\" data-active=\"#0693e3\" data-pan=\"#0693e3\" style=\"margin-bottom:10px\"><div class=\"blockspare-accordion-panel  blockspare-right\" style=\"background-color:#0693e3\"><span class=\"blockspare-accordion-panel-handler\" role=\"button\" style=\"color:#fff\"><span class=\"blockspare-accordion-icon fa fa-plus\"><\/span><span class=\"blockspare-accordion-panel-handler-label\">Weitere Maschinenbereiche<\/span><\/span><\/div><div class=\"blockspare-accordion-body\" style=\"background-color:#fff\" data-bg=\"#fff\">\n<ul class=\"wp-block-list\"><li>F\u00f6rderb\u00e4nder<\/li><li>Geb\u00e4ude, Stahlbau, Treppen<\/li><li>Genratoren<\/li><li>Kalibriermaschinen<\/li><li>Kranbahnen<\/li><li>Leiterplattenbohrmaschinen<\/li><li>Messmaschinen<\/li><li>Motoren<\/li><li>M\u00fchlen\/Schredder<\/li><li>Pr\u00fcfst\u00e4nde<\/li><li>Pumpen<\/li><li>textilverarbeitende Maschinen<\/li><li>Trafos<\/li><li>Verdichter<\/li><li>Verpackungsmaschinen<\/li><li>Waagen<\/li><li>u. v. m.<\/li><\/ul>\n<\/div><\/div><\/div>\n<\/div>\n\n\n\n<p class=\"wp-block-paragraph\"><\/p>\n","protected":false},"excerpt":{"rendered":"<p>IsoTilDam bietet aufgrund st\u00e4ndiger Neu- und Produktweiterentwicklungen ein sehr breites Spektrum von Anwendungen &#8211; das von der Nivillierung der Maschinen bis hin zur Schwingungsisolierung, Schwingungsd\u00e4mpfung und Schwingungstilgung reicht. Fa. ISOTILDAM Schwingungstechnik bietet Ihnen komplette L\u00f6sungen aus einer Hand an, von der Beratung und Planung bis zur Realisierung und \u00dcberpr\u00fcfung der Wirksamkeit der Ma\u00dfnahmen. Zur Realisierung [&hellip;]<\/p>\n","protected":false},"author":1,"featured_media":0,"parent":0,"menu_order":40,"comment_status":"closed","ping_status":"closed","template":"","meta":{"_crdt_document":"","footnotes":""},"class_list":["post-20","page","type-page","status-publish","hentry"],"_links":{"self":[{"href":"https:\/\/www.isotildam.de\/index.php\/wp-json\/wp\/v2\/pages\/20","targetHints":{"allow":["GET"]}}],"collection":[{"href":"https:\/\/www.isotildam.de\/index.php\/wp-json\/wp\/v2\/pages"}],"about":[{"href":"https:\/\/www.isotildam.de\/index.php\/wp-json\/wp\/v2\/types\/page"}],"author":[{"embeddable":true,"href":"https:\/\/www.isotildam.de\/index.php\/wp-json\/wp\/v2\/users\/1"}],"replies":[{"embeddable":true,"href":"https:\/\/www.isotildam.de\/index.php\/wp-json\/wp\/v2\/comments?post=20"}],"version-history":[{"count":4,"href":"https:\/\/www.isotildam.de\/index.php\/wp-json\/wp\/v2\/pages\/20\/revisions"}],"predecessor-version":[{"id":6405,"href":"https:\/\/www.isotildam.de\/index.php\/wp-json\/wp\/v2\/pages\/20\/revisions\/6405"}],"wp:attachment":[{"href":"https:\/\/www.isotildam.de\/index.php\/wp-json\/wp\/v2\/media?parent=20"}],"curies":[{"name":"wp","href":"https:\/\/api.w.org\/{rel}","templated":true}]}}