{"id":274,"date":"2020-03-20T13:16:48","date_gmt":"2020-03-20T12:16:48","guid":{"rendered":"https:\/\/web176.globalbases.com\/?page_id=274"},"modified":"2020-11-12T14:53:31","modified_gmt":"2020-11-12T13:53:31","slug":"fe-berechnung","status":"publish","type":"page","link":"https:\/\/www.isotildam.de\/index.php\/dienstleistungen\/fe-berechnung\/","title":{"rendered":"FE Berechnung"},"content":{"rendered":"\n<div class=\"wp-block-image\"><figure class=\"alignright size-full\"><img loading=\"lazy\" decoding=\"async\" width=\"300\" height=\"176\" src=\"https:\/\/www.isotildam.de\/wp-content\/uploads\/2020\/03\/0a9dd83354.gif\" alt=\"\" class=\"wp-image-276\"\/><\/figure><\/div>\n\n\n\n<p class=\"wp-block-paragraph\">Maschinen, Anlagen und Ger\u00e4te werden heutzutage aus Kosten- und Flexibilit\u00e4tsgr\u00fcnden m\u00f6glichst in Leichtbauweise hergestellt. Der zunehmende Einfluss des Leichtbaus, die st\u00e4ndig steigenden Anspr\u00fcche an Konstruktionen sowie wirtschaftliche Aspekte erfordern f\u00fcr die Entwicklung von neuen Maschinen, Anlagen und Ger\u00e4ten eine sehr genauere Systemanalyse oder Strukturanalyse. Diese k\u00f6nnen analytisch aber auch messtechnisch durchgef\u00fchrt werden. F\u00fcr eine analytische Systemanalyse ist immer physikalisches Model, zu entwickeln, das aus Massenverh\u00e4ltnissen, Steifigkeiten und aus D\u00e4mpfungskoeffizienten besteht. Eine der bekanntesten analytischen Systemanalysen ist die Finite Elemente Berechnung. Mittels eines solchen FE \u2013 Modell k\u00f6nnen statische und dynamische Berechnungen durchgef\u00fchrt werden, im einzelnen<\/p>\n\n\n\n<ul class=\"wp-block-list\"><li>Statik- und Dynamikberechnungen<\/li><li>Ermittlung der Eigenfrequenzen Eigenformen<\/li><li>Festigkeitsuntersuchungen<\/li><li>Berechnung von Spannungen<\/li><li>Simulation des Systemverhaltens bei einer bestimmten Erregung<\/li><li>Vorhersagen des dynamischen Verhaltens eines Systems bei verschiedenen Systemparametern<\/li><li>Bestimmung der erforderlichen Modifikationen, um das gew\u00fcnschte dynamische Verhalten zu erreichen<\/li><\/ul>\n","protected":false},"excerpt":{"rendered":"<p>Maschinen, Anlagen und Ger\u00e4te werden heutzutage aus Kosten- und Flexibilit\u00e4tsgr\u00fcnden m\u00f6glichst in Leichtbauweise hergestellt. Der zunehmende Einfluss des Leichtbaus, die st\u00e4ndig steigenden Anspr\u00fcche an Konstruktionen sowie wirtschaftliche Aspekte erfordern f\u00fcr die Entwicklung von neuen Maschinen, Anlagen und Ger\u00e4ten eine sehr genauere Systemanalyse oder Strukturanalyse. Diese k\u00f6nnen analytisch aber auch messtechnisch durchgef\u00fchrt werden. F\u00fcr eine analytische [&hellip;]<\/p>\n","protected":false},"author":1,"featured_media":0,"parent":69,"menu_order":2,"comment_status":"closed","ping_status":"closed","template":"","meta":{"_crdt_document":"","footnotes":""},"class_list":["post-274","page","type-page","status-publish","hentry"],"_links":{"self":[{"href":"https:\/\/www.isotildam.de\/index.php\/wp-json\/wp\/v2\/pages\/274","targetHints":{"allow":["GET"]}}],"collection":[{"href":"https:\/\/www.isotildam.de\/index.php\/wp-json\/wp\/v2\/pages"}],"about":[{"href":"https:\/\/www.isotildam.de\/index.php\/wp-json\/wp\/v2\/types\/page"}],"author":[{"embeddable":true,"href":"https:\/\/www.isotildam.de\/index.php\/wp-json\/wp\/v2\/users\/1"}],"replies":[{"embeddable":true,"href":"https:\/\/www.isotildam.de\/index.php\/wp-json\/wp\/v2\/comments?post=274"}],"version-history":[{"count":0,"href":"https:\/\/www.isotildam.de\/index.php\/wp-json\/wp\/v2\/pages\/274\/revisions"}],"up":[{"embeddable":true,"href":"https:\/\/www.isotildam.de\/index.php\/wp-json\/wp\/v2\/pages\/69"}],"wp:attachment":[{"href":"https:\/\/www.isotildam.de\/index.php\/wp-json\/wp\/v2\/media?parent=274"}],"curies":[{"name":"wp","href":"https:\/\/api.w.org\/{rel}","templated":true}]}}