{"id":310,"date":"2020-03-20T14:00:25","date_gmt":"2020-03-20T13:00:25","guid":{"rendered":"https:\/\/web176.globalbases.com\/?page_id=310"},"modified":"2020-11-12T15:25:57","modified_gmt":"2020-11-12T14:25:57","slug":"ordnungsanalyse","status":"publish","type":"page","link":"https:\/\/www.isotildam.de\/index.php\/dienstleistungen\/ordnungsanalyse\/","title":{"rendered":"Ordnungsanalyse"},"content":{"rendered":"\n<div class=\"wp-block-image\"><figure class=\"alignright size-full\"><img loading=\"lazy\" decoding=\"async\" width=\"300\" height=\"211\" src=\"https:\/\/www.isotildam.de\/wp-content\/uploads\/2020\/03\/050fb1da38.gif\" alt=\"\" class=\"wp-image-312\"\/><figcaption>Bearbeitung im Online-Betrieb<\/figcaption><\/figure><\/div>\n\n\n\n<p class=\"wp-block-paragraph\">Ordnungsanalyse ist die Analyse von Ger\u00e4uschen und\/oder Schwingungen von rotierenden Maschinen. Anders als bei der Frequenzanalyse werden hierbei die Amplituden des Ger\u00e4usches oder der Schwingungen nicht \u00fcber der Frequenz sondern \u00fcber der Drehzahl aufgetragen. Unter Ordnung wird dabei ein Vielfaches der Drehzahl verstanden.<\/p>\n\n\n\n<p class=\"wp-block-paragraph\">Die Ordnungsanalyse wird entweder bei einer \nkonstanten Drehzahl durchgef\u00fchrt oder f\u00fcr einen gesamten Hochlauf, bei \ndem die Maschine von der niedrigsten bis zur h\u00f6chsten Drehzahl \nbeschleunigt wird. <\/p>\n\n\n\n<div class=\"wp-block-image\"><figure class=\"alignleft size-full\"><img loading=\"lazy\" decoding=\"async\" width=\"300\" height=\"212\" src=\"https:\/\/www.isotildam.de\/wp-content\/uploads\/2020\/03\/74bc5e3bf8.gif\" alt=\"\" class=\"wp-image-314\"\/><figcaption>Bearbeitung im Offline-Betrieb<\/figcaption><\/figure><\/div>\n\n\n\n<p class=\"wp-block-paragraph\">Solche Untersuchungen dienen einerseits der  Einhaltung von zul\u00e4ssigen Ger\u00e4uschgrenzen und andererseits erm\u00f6glichen sie die Erkennung der Ursachen von Ger\u00e4uschen. Somit k\u00f6nnen die  Ergebnisse solcher Untersuchungen als Grundlage zur konstruktiven Optimierung von Maschinen, Anlagen, Motoren etc. verwendet werden.<\/p>\n\n\n\n<p class=\"wp-block-paragraph\">Wir analysieren Ger\u00e4usche und Schwingungen in \nOrdnungen der Motordrehzahl an laufenden Motoren, Fahrzeugen etc., um \neine Strukturanalyse mit Hilfe der Ordnungsanalyse bei \ndrehzahlabh\u00e4ngiger Anregung (Antriebsmotor mit seinen Ordnungen) \ndurchf\u00fchren zu k\u00f6nnen. Dabei wird gekl\u00e4rt, welche Ordnungen dabei \nauftreten und welche Eigenfrequenzen der Struktur dabei resonanzartig \nangeregt werden.<\/p>\n","protected":false},"excerpt":{"rendered":"<p>Ordnungsanalyse ist die Analyse von Ger\u00e4uschen und\/oder Schwingungen von rotierenden Maschinen. Anders als bei der Frequenzanalyse werden hierbei die Amplituden des Ger\u00e4usches oder der Schwingungen nicht \u00fcber der Frequenz sondern \u00fcber der Drehzahl aufgetragen. Unter Ordnung wird dabei ein Vielfaches der Drehzahl verstanden. Die Ordnungsanalyse wird entweder bei einer konstanten Drehzahl durchgef\u00fchrt oder f\u00fcr einen [&hellip;]<\/p>\n","protected":false},"author":1,"featured_media":0,"parent":69,"menu_order":6,"comment_status":"closed","ping_status":"closed","template":"","meta":{"_crdt_document":"","footnotes":""},"class_list":["post-310","page","type-page","status-publish","hentry"],"_links":{"self":[{"href":"https:\/\/www.isotildam.de\/index.php\/wp-json\/wp\/v2\/pages\/310","targetHints":{"allow":["GET"]}}],"collection":[{"href":"https:\/\/www.isotildam.de\/index.php\/wp-json\/wp\/v2\/pages"}],"about":[{"href":"https:\/\/www.isotildam.de\/index.php\/wp-json\/wp\/v2\/types\/page"}],"author":[{"embeddable":true,"href":"https:\/\/www.isotildam.de\/index.php\/wp-json\/wp\/v2\/users\/1"}],"replies":[{"embeddable":true,"href":"https:\/\/www.isotildam.de\/index.php\/wp-json\/wp\/v2\/comments?post=310"}],"version-history":[{"count":0,"href":"https:\/\/www.isotildam.de\/index.php\/wp-json\/wp\/v2\/pages\/310\/revisions"}],"up":[{"embeddable":true,"href":"https:\/\/www.isotildam.de\/index.php\/wp-json\/wp\/v2\/pages\/69"}],"wp:attachment":[{"href":"https:\/\/www.isotildam.de\/index.php\/wp-json\/wp\/v2\/media?parent=310"}],"curies":[{"name":"wp","href":"https:\/\/api.w.org\/{rel}","templated":true}]}}