{"id":316,"date":"2020-03-20T14:04:03","date_gmt":"2020-03-20T13:04:03","guid":{"rendered":"https:\/\/web176.globalbases.com\/?page_id=316"},"modified":"2020-11-12T15:39:35","modified_gmt":"2020-11-12T14:39:35","slug":"soundanalyse","status":"publish","type":"page","link":"https:\/\/www.isotildam.de\/index.php\/dienstleistungen\/soundanalyse\/","title":{"rendered":"Soundanalyse"},"content":{"rendered":"\n<div class=\"wp-block-image\"><figure class=\"alignright size-large\"><img loading=\"lazy\" decoding=\"async\" width=\"300\" height=\"215\" src=\"https:\/\/www.isotildam.de\/wp-content\/uploads\/2020\/03\/2aa562e858.gif\" alt=\"\" class=\"wp-image-318\"\/><figcaption>RPM, Pegel, FFT-Sonogramm, Ordnungs-, FFT- und Terz-Spektrum<\/figcaption><\/figure><\/div>\n\n\n\n<p class=\"wp-block-paragraph\">Mit der Soundmaschine kann eine schnelle und komfortable Soundanalyse vorgenommen werden. Das integrierte Filtermodul erm\u00f6glicht aus der Originaldatei bis zu drei weitere gefilterte Dateien zu erstellen, die Ergebnisse in den Diagrammen darzustellen und anzuh\u00f6ren. Somit wird es m\u00f6glich, die optimal wirksamen Ma\u00dfnahmen zur Reduzierung von Ger\u00e4uschen auszulegen.<\/p>\n","protected":false},"excerpt":{"rendered":"<p>Mit der Soundmaschine kann eine schnelle und komfortable Soundanalyse vorgenommen werden. Das integrierte Filtermodul erm\u00f6glicht aus der Originaldatei bis zu drei weitere gefilterte Dateien zu erstellen, die Ergebnisse in den Diagrammen darzustellen und anzuh\u00f6ren. Somit wird es m\u00f6glich, die optimal wirksamen Ma\u00dfnahmen zur Reduzierung von Ger\u00e4uschen auszulegen.<\/p>\n","protected":false},"author":1,"featured_media":0,"parent":69,"menu_order":7,"comment_status":"closed","ping_status":"closed","template":"","meta":{"_crdt_document":"","footnotes":""},"class_list":["post-316","page","type-page","status-publish","hentry"],"_links":{"self":[{"href":"https:\/\/www.isotildam.de\/index.php\/wp-json\/wp\/v2\/pages\/316","targetHints":{"allow":["GET"]}}],"collection":[{"href":"https:\/\/www.isotildam.de\/index.php\/wp-json\/wp\/v2\/pages"}],"about":[{"href":"https:\/\/www.isotildam.de\/index.php\/wp-json\/wp\/v2\/types\/page"}],"author":[{"embeddable":true,"href":"https:\/\/www.isotildam.de\/index.php\/wp-json\/wp\/v2\/users\/1"}],"replies":[{"embeddable":true,"href":"https:\/\/www.isotildam.de\/index.php\/wp-json\/wp\/v2\/comments?post=316"}],"version-history":[{"count":0,"href":"https:\/\/www.isotildam.de\/index.php\/wp-json\/wp\/v2\/pages\/316\/revisions"}],"up":[{"embeddable":true,"href":"https:\/\/www.isotildam.de\/index.php\/wp-json\/wp\/v2\/pages\/69"}],"wp:attachment":[{"href":"https:\/\/www.isotildam.de\/index.php\/wp-json\/wp\/v2\/media?parent=316"}],"curies":[{"name":"wp","href":"https:\/\/api.w.org\/{rel}","templated":true}]}}