{"id":321,"date":"2020-03-20T14:09:49","date_gmt":"2020-03-20T13:09:49","guid":{"rendered":"https:\/\/web176.globalbases.com\/?page_id=321"},"modified":"2020-11-12T15:44:01","modified_gmt":"2020-11-12T14:44:01","slug":"maschinenueberwachung","status":"publish","type":"page","link":"https:\/\/www.isotildam.de\/index.php\/dienstleistungen\/maschinenueberwachung\/","title":{"rendered":"Maschinen\u00fcberwachung"},"content":{"rendered":"\n<div class=\"wp-block-image\"><figure class=\"alignright size-full\"><img loading=\"lazy\" decoding=\"async\" width=\"300\" height=\"269\" src=\"https:\/\/www.isotildam.de\/wp-content\/uploads\/2020\/03\/8f92ab65c0.gif\" alt=\"\" class=\"wp-image-323\"\/><figcaption>FFT-Spektren in Wasserfalldarstellung f\u00fcr Trendanalyse<\/figcaption><\/figure><\/div>\n\n\n\n<p class=\"wp-block-paragraph\">Durch Mascheinen\u00fcberwachung k\u00f6nnen Kosten gesenkt und Qualit\u00e4t und Produktivit\u00e4t sicher gestellt werden. Verschiedene Maschinen in den Produktionshallen werden aus logistischen Gr\u00fcnden nebeneinander installiert. Maschinen sind mit ihren Eigenfrequenzen und Eigenformen schwingungsf\u00e4hige Systeme, die heutzutage aus Kosten- und Flexibilit\u00e4tsgr\u00fcnden des \u00d6fteren in Leichtbauweise hergestellt werden. Solche Maschinen sind anf\u00e4lliger gegen Schwingungen. Bei \u00dcbereinstimmung der Eigenfrequenz mit der Erregerfrequenz k\u00f6nnen Resonanzschwingungen hervorgerufen werden, da Materiald\u00e4mpfung von Maschinenstrukturen im Allgemeinen sehr gering (D = 2 %) ist. Durch die rotierenden und oszillierenden Massen und durch Verformung der Maschinenteile infolge des eigenen Betriebs von Maschinen entstehen Massenkr\u00e4fte, die nach au\u00dfen gehen. Dar\u00fcber hinaus m\u00fcssen aus Gr\u00fcnden des Produktionsflusses in der Praxis des \u00d6fteren Feinbearbeitungsmaschinen in Produktionslinien integriert werden. Werden die Schwingungen von Maschinen unzul\u00e4ssig gro\u00df, k\u00f6nnen Sch\u00e4den an diesen Maschinen entstehen, die einen Produktionsstillstand nach sich ziehen. Dies wiederum ist mit hohen Kosten verbunden.<\/p>\n\n\n\n<div class=\"wp-block-image\"><figure class=\"alignright size-full\"><img loading=\"lazy\" decoding=\"async\" width=\"300\" height=\"224\" src=\"https:\/\/www.isotildam.de\/wp-content\/uploads\/2020\/03\/71de6b75ed.gif\" alt=\"\" class=\"wp-image-326\"\/><figcaption>FFT-Spektrum Grenzkurve (rot) Messkurve (blau) &#8211; gut<\/figcaption><\/figure><\/div>\n\n\n\n<p class=\"wp-block-paragraph\">Durch Maschinen\u00fcberwachung k\u00f6nnen die \nnotwendigen Ma\u00dfnahmen rechtzeitig realsiliert werden, um Sch\u00e4den und \nProduktionsausfall vermeiden zu k\u00f6nnen. Dabei k\u00f6nnen Schwingungen von \nMaschinen in bestimmten Abst\u00e4nden oder aber permanent \u00fcberwacht werden.<\/p>\n\n\n\n<div class=\"wp-block-image\"><figure class=\"alignleft size-full\"><img loading=\"lazy\" decoding=\"async\" width=\"300\" height=\"225\" src=\"https:\/\/www.isotildam.de\/wp-content\/uploads\/2020\/03\/3ce6d08157.gif\" alt=\"\" class=\"wp-image-325\"\/><figcaption>FFT-Spektrum Grenzkurve (rot) Messkurve (blau) &#8211; schlecht<\/figcaption><\/figure><\/div>\n\n\n\n<p class=\"wp-block-paragraph\">Eine periodische Schwingsmessung an einer \nMaschine reicht in vielen F\u00e4llen nicht aus, wenn z.B. ein Schaden ohne \nAnk\u00fcndigung zwischen zwei Messungen stattfindet. Der Schaden bleibt dann\n bis zur n\u00e4chsten Messung unerkannt.<\/p>\n\n\n\n<p class=\"wp-block-paragraph\">Eine permanente Schwingungsmessung bzw. \n\u00dcberwachung ist insbesondere f\u00fcr Maschinen an schwer zug\u00e4nglichen \nStellen und bei Maschinen erforderlich, deren Ausfall erhebliche \nProduktionsverluste verursachen. Mit einer vertretbaren Investition \nk\u00f6nnen alle relevanten Schwingungen einer Maschine kontrolliert werden. \nSomit k\u00f6nnen die Ma\u00dfnahmen rechzeitig ergriffen werden, um Schwingungen \nwieder unter Kontrolle zu bringen. Damit wird es m\u00f6glich, erhebliche \nKosten zu vermeiden.<\/p>\n","protected":false},"excerpt":{"rendered":"<p>Durch Mascheinen\u00fcberwachung k\u00f6nnen Kosten gesenkt und Qualit\u00e4t und Produktivit\u00e4t sicher gestellt werden. Verschiedene Maschinen in den Produktionshallen werden aus logistischen Gr\u00fcnden nebeneinander installiert. Maschinen sind mit ihren Eigenfrequenzen und Eigenformen schwingungsf\u00e4hige Systeme, die heutzutage aus Kosten- und Flexibilit\u00e4tsgr\u00fcnden des \u00d6fteren in Leichtbauweise hergestellt werden. Solche Maschinen sind anf\u00e4lliger gegen Schwingungen. Bei \u00dcbereinstimmung der Eigenfrequenz mit [&hellip;]<\/p>\n","protected":false},"author":1,"featured_media":0,"parent":69,"menu_order":8,"comment_status":"closed","ping_status":"closed","template":"","meta":{"_crdt_document":"","footnotes":""},"class_list":["post-321","page","type-page","status-publish","hentry"],"_links":{"self":[{"href":"https:\/\/www.isotildam.de\/index.php\/wp-json\/wp\/v2\/pages\/321","targetHints":{"allow":["GET"]}}],"collection":[{"href":"https:\/\/www.isotildam.de\/index.php\/wp-json\/wp\/v2\/pages"}],"about":[{"href":"https:\/\/www.isotildam.de\/index.php\/wp-json\/wp\/v2\/types\/page"}],"author":[{"embeddable":true,"href":"https:\/\/www.isotildam.de\/index.php\/wp-json\/wp\/v2\/users\/1"}],"replies":[{"embeddable":true,"href":"https:\/\/www.isotildam.de\/index.php\/wp-json\/wp\/v2\/comments?post=321"}],"version-history":[{"count":0,"href":"https:\/\/www.isotildam.de\/index.php\/wp-json\/wp\/v2\/pages\/321\/revisions"}],"up":[{"embeddable":true,"href":"https:\/\/www.isotildam.de\/index.php\/wp-json\/wp\/v2\/pages\/69"}],"wp:attachment":[{"href":"https:\/\/www.isotildam.de\/index.php\/wp-json\/wp\/v2\/media?parent=321"}],"curies":[{"name":"wp","href":"https:\/\/api.w.org\/{rel}","templated":true}]}}