{"id":332,"date":"2020-03-20T14:24:43","date_gmt":"2020-03-20T13:24:43","guid":{"rendered":"https:\/\/web176.globalbases.com\/?page_id=332"},"modified":"2020-11-12T15:53:15","modified_gmt":"2020-11-12T14:53:15","slug":"akustische-laermkamera","status":"publish","type":"page","link":"https:\/\/www.isotildam.de\/index.php\/dienstleistungen\/akustische-laermkamera\/","title":{"rendered":"Akustische L\u00e4rmkamera"},"content":{"rendered":"\n<div class=\"wp-block-image\"><figure class=\"alignright size-medium\"><img loading=\"lazy\" decoding=\"async\" width=\"214\" height=\"300\" src=\"https:\/\/www.isotildam.de\/wp-content\/uploads\/2020\/03\/4d7ee412a0-214x300.gif\" alt=\"\" class=\"wp-image-509\" srcset=\"https:\/\/www.isotildam.de\/wp-content\/uploads\/2020\/03\/4d7ee412a0-214x300.gif 214w, https:\/\/www.isotildam.de\/wp-content\/uploads\/2020\/03\/4d7ee412a0.gif 300w\" sizes=\"auto, (max-width: 214px) 100vw, 214px\" \/><figcaption>Mikrofonarray<\/figcaption><\/figure><\/div>\n\n\n\n<p class=\"wp-block-paragraph\">Mit der akustischen L\u00e4rmkamera kann L\u00e4rm optisch \nsichtbar gemacht und dadurch seine Schallquellen und deren \nFrequenzinhalte erkannt werden. Lehrsatz der akustischen L\u00e4rmkamera:\n<\/p>\n\n\n\n<p class=\"wp-block-paragraph\">Mit den Ohren sehen hei\u00dft Geh\u00f6rtes sichtbar machen.\n<\/p>\n\n\n\n<p class=\"wp-block-paragraph\">Die Bestandteile der L\u00e4rmkamera sind:<\/p>\n\n\n\n<ul class=\"wp-block-list\"><li>Mikrofonarray<\/li><li>Messverst\u00e4rker<\/li><li>Messrechner<\/li><li>Analyseprogramm<\/li><li>digitale (optische) Kamera<\/li><\/ul>\n\n\n\n<p class=\"wp-block-paragraph\">Der L\u00e4rm wird mit den Mikrofonen erfasst und nach einer speziellen Analyse in einem Farbtopogramm dargestellt.<\/p>\n\n\n\n<figure class=\"wp-block-gallery columns-2 is-cropped wp-block-gallery-1 is-layout-flex wp-block-gallery-is-layout-flex\"><ul class=\"blocks-gallery-grid\"><li class=\"blocks-gallery-item\"><figure><img loading=\"lazy\" decoding=\"async\" width=\"300\" height=\"154\" src=\"https:\/\/www.isotildam.de\/wp-content\/uploads\/2020\/03\/4baaea9b9d.gif\" alt=\"\" data-id=\"334\" data-full-url=\"https:\/\/www.isotildam.de\/wp-content\/uploads\/2020\/03\/4baaea9b9d.gif\" data-link=\"https:\/\/www.isotildam.de\/index.php\/dienstleistungen\/akustische-laermkamera\/4baaea9b9d\/\" class=\"wp-image-334\"\/><figcaption class=\"blocks-gallery-item__caption\">Schallquelle wird sichtbar<\/figcaption><\/figure><\/li><li class=\"blocks-gallery-item\"><figure><img loading=\"lazy\" decoding=\"async\" width=\"287\" height=\"258\" src=\"https:\/\/www.isotildam.de\/wp-content\/uploads\/2020\/03\/Bild_2_Akustische_Kamera.gif\" alt=\"\" data-id=\"336\" data-full-url=\"https:\/\/www.isotildam.de\/wp-content\/uploads\/2020\/03\/Bild_2_Akustische_Kamera.gif\" data-link=\"https:\/\/www.isotildam.de\/index.php\/dienstleistungen\/akustische-laermkamera\/bild_2_akustische_kamera\/\" class=\"wp-image-336\"\/><figcaption class=\"blocks-gallery-item__caption\">Mikrofonarray und Messrechner<\/figcaption><\/figure><\/li><\/ul><\/figure>\n","protected":false},"excerpt":{"rendered":"<p>Mit der akustischen L\u00e4rmkamera kann L\u00e4rm optisch sichtbar gemacht und dadurch seine Schallquellen und deren Frequenzinhalte erkannt werden. Lehrsatz der akustischen L\u00e4rmkamera: Mit den Ohren sehen hei\u00dft Geh\u00f6rtes sichtbar machen. Die Bestandteile der L\u00e4rmkamera sind: Mikrofonarray Messverst\u00e4rker Messrechner Analyseprogramm digitale (optische) Kamera Der L\u00e4rm wird mit den Mikrofonen erfasst und nach einer speziellen Analyse in [&hellip;]<\/p>\n","protected":false},"author":1,"featured_media":0,"parent":69,"menu_order":9,"comment_status":"closed","ping_status":"closed","template":"","meta":{"_crdt_document":"","footnotes":""},"class_list":["post-332","page","type-page","status-publish","hentry"],"_links":{"self":[{"href":"https:\/\/www.isotildam.de\/index.php\/wp-json\/wp\/v2\/pages\/332","targetHints":{"allow":["GET"]}}],"collection":[{"href":"https:\/\/www.isotildam.de\/index.php\/wp-json\/wp\/v2\/pages"}],"about":[{"href":"https:\/\/www.isotildam.de\/index.php\/wp-json\/wp\/v2\/types\/page"}],"author":[{"embeddable":true,"href":"https:\/\/www.isotildam.de\/index.php\/wp-json\/wp\/v2\/users\/1"}],"replies":[{"embeddable":true,"href":"https:\/\/www.isotildam.de\/index.php\/wp-json\/wp\/v2\/comments?post=332"}],"version-history":[{"count":0,"href":"https:\/\/www.isotildam.de\/index.php\/wp-json\/wp\/v2\/pages\/332\/revisions"}],"up":[{"embeddable":true,"href":"https:\/\/www.isotildam.de\/index.php\/wp-json\/wp\/v2\/pages\/69"}],"wp:attachment":[{"href":"https:\/\/www.isotildam.de\/index.php\/wp-json\/wp\/v2\/media?parent=332"}],"curies":[{"name":"wp","href":"https:\/\/api.w.org\/{rel}","templated":true}]}}