{"id":339,"date":"2020-03-20T14:27:31","date_gmt":"2020-03-20T13:27:31","guid":{"rendered":"https:\/\/web176.globalbases.com\/?page_id=339"},"modified":"2020-10-30T14:12:03","modified_gmt":"2020-10-30T13:12:03","slug":"weitere-dienstleistungen","status":"publish","type":"page","link":"https:\/\/www.isotildam.de\/index.php\/dienstleistungen\/weitere-dienstleistungen\/","title":{"rendered":"Weitere Dienstleistungen"},"content":{"rendered":"\n<p class=\"wp-block-paragraph\">Ferner bieten wir Ihnen die folgenden weiteren Dienstleistungen an:<\/p>\n\n\n\n<h2 class=\"wp-block-heading\" id=\"beratung\">Beratung<\/h2>\n\n\n\n<p class=\"wp-block-paragraph\">Die Beratung erfolgt f\u00fcr alle Bereiche der Maschinenaufstelltechnik und der Schwingungstechnik. Nach gr\u00fcndlichen Untersuchungen werden Empfehlungen ausgearbeitet. Sie erstreckt sich ebenso auf Realisierung von Ma\u00dfnahmen, Fabrikplanung, Aufstellung von Maschinen, Isolierung einzelner Bereiche, Maschinen und Maschinenteilen,  Messsysteme- und Sensorauswahl.<\/p>\n\n\n\n<h2 class=\"wp-block-heading\" id=\"seminare\">Seminare<\/h2>\n\n\n\n<p class=\"wp-block-paragraph\">Neben den Schulungen, die mit einer Systemeinweisung und kundenspezifischen Messaufgaben verbunden sind, gibt es spezielle Seminare, die allgemeiner auf die theoretischen Hindergr\u00fcnde der mathematischen Schwingungslehre ausgerichtet sind. Das jeweilige Seminar-Thema muss vorab vereinbart werden. Wir bieten Seminare \u00fcber:<\/p>\n\n\n\n<ul class=\"wp-block-list\"><li>Schwingungsmesstechnik<\/li><li>Schwingungsisolation, Schwingungstilgung, Schwingungsd\u00e4mpfung<\/li><li>Modal- und Betriebsschwingformanalyse<\/li><li>Maschinenaufstelltechnik<\/li><li>&#8230;<\/li><\/ul>\n\n\n\n<h2 class=\"wp-block-heading\" id=\"sonderloesungen\">Sonderl\u00f6sungen<\/h2>\n\n\n\n<ul class=\"wp-block-list\"><li>Individuelle L\u00f6sungen Ihrer Schwingungsprobleme<\/li><li>L\u00f6sungen zum Erdbebenschutz<\/li><li>Sonderl\u00f6sungen im nicht prim\u00e4ren Schwingungsbereich, z.B. der str\u00f6mungserregten Schwingungen, werden dann ben\u00f6tigt, wenn die Aufgaben nicht mit unseren vorhandenen Messsystemen bearbeitet werden k\u00f6nnen. Die notwendigen Anpassungen werden vorgenommen und die Aufgabe gel\u00f6st.<\/li><\/ul>\n\n\n\n<h2 class=\"wp-block-heading\" id=\"weitere-untersuchungen\">Weitere Untersuchungen:<\/h2>\n\n\n\n<ul class=\"wp-block-list\"><li>Humanschwingungen<\/li><li>Schall- und Pegelleistungen<\/li><li>Vorbeifahrt nach ISO 362<\/li><\/ul>\n","protected":false},"excerpt":{"rendered":"<p>Ferner bieten wir Ihnen die folgenden weiteren Dienstleistungen an: Beratung Die Beratung erfolgt f\u00fcr alle Bereiche der Maschinenaufstelltechnik und der Schwingungstechnik. Nach gr\u00fcndlichen Untersuchungen werden Empfehlungen ausgearbeitet. Sie erstreckt sich ebenso auf Realisierung von Ma\u00dfnahmen, Fabrikplanung, Aufstellung von Maschinen, Isolierung einzelner Bereiche, Maschinen und Maschinenteilen, Messsysteme- und Sensorauswahl. Seminare Neben den Schulungen, die mit einer [&hellip;]<\/p>\n","protected":false},"author":1,"featured_media":0,"parent":69,"menu_order":11,"comment_status":"closed","ping_status":"closed","template":"","meta":{"_crdt_document":"","footnotes":""},"class_list":["post-339","page","type-page","status-publish","hentry"],"_links":{"self":[{"href":"https:\/\/www.isotildam.de\/index.php\/wp-json\/wp\/v2\/pages\/339","targetHints":{"allow":["GET"]}}],"collection":[{"href":"https:\/\/www.isotildam.de\/index.php\/wp-json\/wp\/v2\/pages"}],"about":[{"href":"https:\/\/www.isotildam.de\/index.php\/wp-json\/wp\/v2\/types\/page"}],"author":[{"embeddable":true,"href":"https:\/\/www.isotildam.de\/index.php\/wp-json\/wp\/v2\/users\/1"}],"replies":[{"embeddable":true,"href":"https:\/\/www.isotildam.de\/index.php\/wp-json\/wp\/v2\/comments?post=339"}],"version-history":[{"count":0,"href":"https:\/\/www.isotildam.de\/index.php\/wp-json\/wp\/v2\/pages\/339\/revisions"}],"up":[{"embeddable":true,"href":"https:\/\/www.isotildam.de\/index.php\/wp-json\/wp\/v2\/pages\/69"}],"wp:attachment":[{"href":"https:\/\/www.isotildam.de\/index.php\/wp-json\/wp\/v2\/media?parent=339"}],"curies":[{"name":"wp","href":"https:\/\/api.w.org\/{rel}","templated":true}]}}