{"id":390,"date":"2020-03-20T14:55:07","date_gmt":"2020-03-20T13:55:07","guid":{"rendered":"https:\/\/web176.globalbases.com\/?page_id=390"},"modified":"2021-07-03T11:35:47","modified_gmt":"2021-07-03T09:35:47","slug":"forschung-und-entwicklung","status":"publish","type":"page","link":"https:\/\/www.isotildam.de\/index.php\/forschung-und-entwicklung\/","title":{"rendered":"Forschung und Entwicklung"},"content":{"rendered":"\n<figure class=\"wp-block-gallery alignright columns-1 is-cropped wp-block-gallery-1 is-layout-flex wp-block-gallery-is-layout-flex\"><ul class=\"blocks-gallery-grid\"><li class=\"blocks-gallery-item\"><figure><img loading=\"lazy\" decoding=\"async\" width=\"300\" height=\"228\" src=\"https:\/\/www.isotildam.de\/wp-content\/uploads\/2020\/10\/IMG_0170-300x228.png\" alt=\"\" data-id=\"5602\" data-full-url=\"https:\/\/web176.globalbases.com\/wp-content\/uploads\/2020\/10\/IMG_0170.png\" data-link=\"https:\/\/web176.globalbases.com\/img_0170\/\" class=\"wp-image-5602\" srcset=\"https:\/\/www.isotildam.de\/wp-content\/uploads\/2020\/10\/IMG_0170-300x228.png 300w, https:\/\/www.isotildam.de\/wp-content\/uploads\/2020\/10\/IMG_0170-1536x1169.png 1536w, https:\/\/www.isotildam.de\/wp-content\/uploads\/2020\/10\/IMG_0170-600x457.png 600w, https:\/\/www.isotildam.de\/wp-content\/uploads\/2020\/10\/IMG_0170-768x585.png 768w, https:\/\/www.isotildam.de\/wp-content\/uploads\/2020\/10\/IMG_0170-1024x780.png 1024w, https:\/\/www.isotildam.de\/wp-content\/uploads\/2020\/10\/IMG_0170.png 1600w\" sizes=\"auto, (max-width: 300px) 100vw, 300px\" \/><\/figure><\/li><li class=\"blocks-gallery-item\"><figure><img loading=\"lazy\" decoding=\"async\" width=\"300\" height=\"230\" src=\"https:\/\/www.isotildam.de\/wp-content\/uploads\/2020\/10\/IMG_0171-300x230.png\" alt=\"\" data-id=\"5603\" data-full-url=\"https:\/\/web176.globalbases.com\/wp-content\/uploads\/2020\/10\/IMG_0171.png\" data-link=\"https:\/\/web176.globalbases.com\/img_0171\/\" class=\"wp-image-5603\" srcset=\"https:\/\/www.isotildam.de\/wp-content\/uploads\/2020\/10\/IMG_0171-300x230.png 300w, https:\/\/www.isotildam.de\/wp-content\/uploads\/2020\/10\/IMG_0171-1536x1180.png 1536w, https:\/\/www.isotildam.de\/wp-content\/uploads\/2020\/10\/IMG_0171-600x461.png 600w, https:\/\/www.isotildam.de\/wp-content\/uploads\/2020\/10\/IMG_0171-768x590.png 768w, https:\/\/www.isotildam.de\/wp-content\/uploads\/2020\/10\/IMG_0171-1024x787.png 1024w, https:\/\/www.isotildam.de\/wp-content\/uploads\/2020\/10\/IMG_0171.png 1600w\" sizes=\"auto, (max-width: 300px) 100vw, 300px\" \/><\/figure><\/li><li class=\"blocks-gallery-item\"><figure><img loading=\"lazy\" decoding=\"async\" width=\"300\" height=\"163\" src=\"https:\/\/www.isotildam.de\/wp-content\/uploads\/2020\/10\/Autodesk-Inventor-Zusammenbau-Keilschuh-3000-K-300x163.png\" alt=\"\" data-id=\"5616\" data-full-url=\"https:\/\/web176.globalbases.com\/wp-content\/uploads\/2020\/10\/Autodesk-Inventor-Zusammenbau-Keilschuh-3000-K.png\" data-link=\"https:\/\/web176.globalbases.com\/autodesk-inventor-zusammenbau-keilschuh-3000-k\/\" class=\"wp-image-5616\" srcset=\"https:\/\/www.isotildam.de\/wp-content\/uploads\/2020\/10\/Autodesk-Inventor-Zusammenbau-Keilschuh-3000-K-300x163.png 300w, https:\/\/www.isotildam.de\/wp-content\/uploads\/2020\/10\/Autodesk-Inventor-Zusammenbau-Keilschuh-3000-K-600x326.png 600w, https:\/\/www.isotildam.de\/wp-content\/uploads\/2020\/10\/Autodesk-Inventor-Zusammenbau-Keilschuh-3000-K-768x417.png 768w, https:\/\/www.isotildam.de\/wp-content\/uploads\/2020\/10\/Autodesk-Inventor-Zusammenbau-Keilschuh-3000-K.png 950w\" sizes=\"auto, (max-width: 300px) 100vw, 300px\" \/><\/figure><\/li><li class=\"blocks-gallery-item\"><figure><img loading=\"lazy\" decoding=\"async\" width=\"300\" height=\"163\" src=\"https:\/\/www.isotildam.de\/wp-content\/uploads\/2020\/10\/AutoCAD-Kugelroller-300x163.png\" alt=\"\" data-id=\"5614\" data-full-url=\"https:\/\/web176.globalbases.com\/wp-content\/uploads\/2020\/10\/AutoCAD-Kugelroller.png\" data-link=\"https:\/\/web176.globalbases.com\/autocad-kugelroller\/\" class=\"wp-image-5614\" srcset=\"https:\/\/www.isotildam.de\/wp-content\/uploads\/2020\/10\/AutoCAD-Kugelroller-300x163.png 300w, https:\/\/www.isotildam.de\/wp-content\/uploads\/2020\/10\/AutoCAD-Kugelroller-600x325.png 600w, https:\/\/www.isotildam.de\/wp-content\/uploads\/2020\/10\/AutoCAD-Kugelroller-768x416.png 768w, https:\/\/www.isotildam.de\/wp-content\/uploads\/2020\/10\/AutoCAD-Kugelroller.png 950w\" sizes=\"auto, (max-width: 300px) 100vw, 300px\" \/><\/figure><\/li><li class=\"blocks-gallery-item\"><figure><img loading=\"lazy\" decoding=\"async\" width=\"300\" height=\"163\" src=\"https:\/\/www.isotildam.de\/wp-content\/uploads\/2020\/10\/ADINA-FFM-300x163.png\" alt=\"\" data-id=\"5610\" data-full-url=\"https:\/\/web176.globalbases.com\/wp-content\/uploads\/2020\/10\/ADINA-FFM.png\" data-link=\"https:\/\/web176.globalbases.com\/adina-ffm\/\" class=\"wp-image-5610\" srcset=\"https:\/\/www.isotildam.de\/wp-content\/uploads\/2020\/10\/ADINA-FFM-300x163.png 300w, https:\/\/www.isotildam.de\/wp-content\/uploads\/2020\/10\/ADINA-FFM-600x325.png 600w, https:\/\/www.isotildam.de\/wp-content\/uploads\/2020\/10\/ADINA-FFM-768x416.png 768w, https:\/\/www.isotildam.de\/wp-content\/uploads\/2020\/10\/ADINA-FFM.png 950w\" sizes=\"auto, (max-width: 300px) 100vw, 300px\" \/><\/figure><\/li><li class=\"blocks-gallery-item\"><figure><img loading=\"lazy\" decoding=\"async\" width=\"972\" height=\"1024\" src=\"https:\/\/www.isotildam.de\/wp-content\/uploads\/2020\/10\/IMG_0175-972x1024.png\" alt=\"\" data-id=\"5607\" data-full-url=\"https:\/\/web176.globalbases.com\/wp-content\/uploads\/2020\/10\/IMG_0175.png\" data-link=\"https:\/\/web176.globalbases.com\/img_0175\/\" class=\"wp-image-5607\" srcset=\"https:\/\/www.isotildam.de\/wp-content\/uploads\/2020\/10\/IMG_0175-972x1024.png 972w, https:\/\/www.isotildam.de\/wp-content\/uploads\/2020\/10\/IMG_0175-1458x1536.png 1458w, https:\/\/www.isotildam.de\/wp-content\/uploads\/2020\/10\/IMG_0175-600x632.png 600w, https:\/\/www.isotildam.de\/wp-content\/uploads\/2020\/10\/IMG_0175-285x300.png 285w, https:\/\/www.isotildam.de\/wp-content\/uploads\/2020\/10\/IMG_0175-768x809.png 768w, https:\/\/www.isotildam.de\/wp-content\/uploads\/2020\/10\/IMG_0175.png 1600w\" sizes=\"auto, (max-width: 972px) 100vw, 972px\" \/><\/figure><\/li><\/ul><\/figure>\n\n\n\n<p class=\"wp-block-paragraph\">Die Fa. ISOTILDAM Schwingungstechnik ist eine \nsehr innovative Firma, die ihre Dienstleistungen, Produkte und L\u00f6sungen \nst\u00e4ndig weiterentwickelt, um Ihre Kunden stets auf h\u00f6chstem Niveau \nkompetent und zeitgem\u00e4\u00df mit Rat und Tat zufriedenzustellen. Heutzutage \nwerden einerseits die Anforderungen an die Maschinen, Anlagen, Pressen \nund Ger\u00e4te immer h\u00f6her, andererseits Maschinen, insbesondere \nWerkzeugmaschinen aus Kosten- und Flexibilit\u00e4tsgr\u00fcnden m\u00f6glichst leicht \naufgebaut. Dadurch werden diese Maschinen und deren Teile dynamisch \nweicher und schwingungsanf\u00e4lliger. Durch den Betrieb solcher Maschinen \ntreten innerhalb dieser erhebliche Schwingungen auf, weil zum einen \nBiege- und Torsionseigenformen bei tieferen Eigenfrequenzen aufgrund des\n leichten Maschinenbaus auftreten und zum anderen die \nBetriebsdrehzahlbereiche aus Produktivit\u00e4tsgr\u00fcnden immer breitbandiger \nwerden. Da die Materiald\u00e4mpfung dieser Maschinen im Allgemeinen sehr \ngering (D\u2264%) ist, werden bei der \u00dcbereinstimmung einer Eigenfrequenz mit\n einer Erregerfrequenz resonanzartige Maschinenschwingungen \nhervorgerufen. Die Teile der Maschinen verformen sich w\u00e4hrend der \nBearbeitung eines Werkst\u00fcckes elastisch. Wird die Bearbeitungsstufe \nver\u00e4ndert oder abgeschlossen, dann schwingt die Maschine aus. Dadurch \nentstehende Massenkr\u00e4fte gehen nach au\u00dfen oder beeinflussen die \nFunktionalit\u00e4t und Produktivit\u00e4t der Maschine. Zur Reduzierung der \nSchwingungen von Maschinen, Anlagen, Pressen etc. sind die \nentsprechenden Aufstell- und D\u00e4mpfungselemente mit neuartigen \nWerkstoffen sowie die entsprechenden Dienstleistungen weiterzuentwickeln\n und individuell auszulegen.<\/p>\n\n\n\n<p class=\"wp-block-paragraph\">Ein anderer sehr wichtiger Bereich ist der  Erdbebenschutz. In diesem Bereich hat der Gr\u00fcnder, Herr Dr.-Ing. S. G\u00fcney  des Unternehmens  mehrere Forschungsvorhaben durchgef\u00fchrt und kann langj\u00e4hrige Erfahrung  vorweisen. Erdbeben geh\u00f6ren zu den Naturerscheinungen, die f\u00fcr den  Menschen v\u00f6llig unerwartet auftreten und im Allgemeinen zu gro\u00dfen  Katastrophen f\u00fchren. Es kommt durch die Erdbebeneinwirkungen zu  Personensch\u00e4den und Sachsch\u00e4den an Geb\u00e4uden und Einrichtungen.  Geb\u00e4udesch\u00e4den treten infolge von \u00dcberschreitungen zul\u00e4ssiger  Beanspruchungen auf. Die Fa. ISOTILDAM hat sich zur Aufgabe gemacht,  einen preiswerten und in der Praxis einsetzbaren Erdbebenschutz zu  entwickeln.<\/p>\n","protected":false},"excerpt":{"rendered":"<p>Die Fa. ISOTILDAM Schwingungstechnik ist eine sehr innovative Firma, die ihre Dienstleistungen, Produkte und L\u00f6sungen st\u00e4ndig weiterentwickelt, um Ihre Kunden stets auf h\u00f6chstem Niveau kompetent und zeitgem\u00e4\u00df mit Rat und Tat zufriedenzustellen. Heutzutage werden einerseits die Anforderungen an die Maschinen, Anlagen, Pressen und Ger\u00e4te immer h\u00f6her, andererseits Maschinen, insbesondere Werkzeugmaschinen aus Kosten- und Flexibilit\u00e4tsgr\u00fcnden m\u00f6glichst [&hellip;]<\/p>\n","protected":false},"author":1,"featured_media":0,"parent":0,"menu_order":30,"comment_status":"closed","ping_status":"closed","template":"","meta":{"_crdt_document":"","footnotes":""},"class_list":["post-390","page","type-page","status-publish","hentry"],"_links":{"self":[{"href":"https:\/\/www.isotildam.de\/index.php\/wp-json\/wp\/v2\/pages\/390","targetHints":{"allow":["GET"]}}],"collection":[{"href":"https:\/\/www.isotildam.de\/index.php\/wp-json\/wp\/v2\/pages"}],"about":[{"href":"https:\/\/www.isotildam.de\/index.php\/wp-json\/wp\/v2\/types\/page"}],"author":[{"embeddable":true,"href":"https:\/\/www.isotildam.de\/index.php\/wp-json\/wp\/v2\/users\/1"}],"replies":[{"embeddable":true,"href":"https:\/\/www.isotildam.de\/index.php\/wp-json\/wp\/v2\/comments?post=390"}],"version-history":[{"count":6,"href":"https:\/\/www.isotildam.de\/index.php\/wp-json\/wp\/v2\/pages\/390\/revisions"}],"predecessor-version":[{"id":6393,"href":"https:\/\/www.isotildam.de\/index.php\/wp-json\/wp\/v2\/pages\/390\/revisions\/6393"}],"wp:attachment":[{"href":"https:\/\/www.isotildam.de\/index.php\/wp-json\/wp\/v2\/media?parent=390"}],"curies":[{"name":"wp","href":"https:\/\/api.w.org\/{rel}","templated":true}]}}