{"id":402,"date":"2020-03-20T15:00:47","date_gmt":"2020-03-20T14:00:47","guid":{"rendered":"https:\/\/web176.globalbases.com\/?page_id=402"},"modified":"2021-07-03T11:38:43","modified_gmt":"2021-07-03T09:38:43","slug":"neuartige-werkstoffe","status":"publish","type":"page","link":"https:\/\/www.isotildam.de\/index.php\/forschung-und-entwicklung\/neuartige-werkstoffe\/","title":{"rendered":"Neuartige Werkstoffe"},"content":{"rendered":"\n<div class=\"wp-block-image\"><figure class=\"alignright size-large is-resized\"><img loading=\"lazy\" decoding=\"async\" src=\"https:\/\/www.isotildam.de\/wp-content\/uploads\/2020\/10\/IMG_0070-1-1024x687.png\" alt=\"\" class=\"wp-image-5343\" width=\"256\" height=\"172\" srcset=\"https:\/\/www.isotildam.de\/wp-content\/uploads\/2020\/10\/IMG_0070-1-1024x687.png 1024w, https:\/\/www.isotildam.de\/wp-content\/uploads\/2020\/10\/IMG_0070-1-600x403.png 600w, https:\/\/www.isotildam.de\/wp-content\/uploads\/2020\/10\/IMG_0070-1-300x201.png 300w, https:\/\/www.isotildam.de\/wp-content\/uploads\/2020\/10\/IMG_0070-1-768x515.png 768w, https:\/\/www.isotildam.de\/wp-content\/uploads\/2020\/10\/IMG_0070-1.png 1200w\" sizes=\"auto, (max-width: 256px) 100vw, 256px\" \/><\/figure><\/div>\n\n\n\n<p class=\"wp-block-paragraph\">Beim Elastomeren ist die Formstabilit\u00e4t eine sehr wichtige Eigenschaft. Denn eine auf diesen Elastomeren gelagerten Maschine darf Ihre Geometrie im Laufe der Zeit nicht verlieren. Im Allgemeinen zeigen alle Elastomere das Kriechen unter einer statischen Last. Wichtig ist dabei, dass das Elastomer diesen Kriechvorgang m\u00f6glichst schnell abschlie\u00dft. Die Elastomere m\u00fcssen auch eine ausreichende D\u00e4mpfung haben. Jedoch wird das Kriechverhalten mit der zunehmender D\u00e4mpfung schlechter. Daher soll eine Mischung entwickelt werden, bei der sowohl eine Formstabilit\u00e4t als auch eine aussreichende D\u00e4mpfung gew\u00e4hrleistet wird. Unsere Elastomere schlie\u00dfen das Kreichverhalten in k\u00fcrzester Zeit ab. in folgendem Bild das Kriechverhalten unserer hochbelasbarer Elastomerplatte EPL10G dargestellt, bei der das Kriechverhalten nach ca. 36 Stunden abgeschlossen wird. Somit bleibt die Geometrie Ihrer Maschinen, Anlagen und Geb\u00e4ude unver\u00e4ndert.<\/p>\n\n\n\n<div class=\"wp-block-image\"><figure class=\"aligncenter size-large\"><img loading=\"lazy\" decoding=\"async\" width=\"860\" height=\"633\" src=\"https:\/\/www.isotildam.de\/wp-content\/uploads\/2020\/10\/Verformung_EPL10G.png\" alt=\"\" class=\"wp-image-6029\" srcset=\"https:\/\/www.isotildam.de\/wp-content\/uploads\/2020\/10\/Verformung_EPL10G.png 860w, https:\/\/www.isotildam.de\/wp-content\/uploads\/2020\/10\/Verformung_EPL10G-600x442.png 600w, https:\/\/www.isotildam.de\/wp-content\/uploads\/2020\/10\/Verformung_EPL10G-300x221.png 300w, https:\/\/www.isotildam.de\/wp-content\/uploads\/2020\/10\/Verformung_EPL10G-768x565.png 768w\" sizes=\"auto, (max-width: 860px) 100vw, 860px\" \/><\/figure><\/div>\n\n\n\n<p class=\"wp-block-paragraph\">Die weiteren Eigenschaften von Elastomeren<\/p>\n\n\n\n<ul class=\"wp-block-list\"><li>Elastizit\u00e4t<\/li><li>D\u00e4mpfung<\/li><li>Best\u00e4ndigkeit gegen Medien wie \u00d6l, Laugen etc.<\/li><li>Temperaturbest\u00e4ndigkeit<\/li><li>Alterung<\/li><li>Standzeit<\/li><li>u. v. m.<\/li><\/ul>\n","protected":false},"excerpt":{"rendered":"<p>Beim Elastomeren ist die Formstabilit\u00e4t eine sehr wichtige Eigenschaft. Denn eine auf diesen Elastomeren gelagerten Maschine darf Ihre Geometrie im Laufe der Zeit nicht verlieren. Im Allgemeinen zeigen alle Elastomere das Kriechen unter einer statischen Last. Wichtig ist dabei, dass das Elastomer diesen Kriechvorgang m\u00f6glichst schnell abschlie\u00dft. Die Elastomere m\u00fcssen auch eine ausreichende D\u00e4mpfung haben. [&hellip;]<\/p>\n","protected":false},"author":1,"featured_media":0,"parent":390,"menu_order":1,"comment_status":"closed","ping_status":"closed","template":"","meta":{"_crdt_document":"","footnotes":""},"class_list":["post-402","page","type-page","status-publish","hentry"],"_links":{"self":[{"href":"https:\/\/www.isotildam.de\/index.php\/wp-json\/wp\/v2\/pages\/402","targetHints":{"allow":["GET"]}}],"collection":[{"href":"https:\/\/www.isotildam.de\/index.php\/wp-json\/wp\/v2\/pages"}],"about":[{"href":"https:\/\/www.isotildam.de\/index.php\/wp-json\/wp\/v2\/types\/page"}],"author":[{"embeddable":true,"href":"https:\/\/www.isotildam.de\/index.php\/wp-json\/wp\/v2\/users\/1"}],"replies":[{"embeddable":true,"href":"https:\/\/www.isotildam.de\/index.php\/wp-json\/wp\/v2\/comments?post=402"}],"version-history":[{"count":2,"href":"https:\/\/www.isotildam.de\/index.php\/wp-json\/wp\/v2\/pages\/402\/revisions"}],"predecessor-version":[{"id":6400,"href":"https:\/\/www.isotildam.de\/index.php\/wp-json\/wp\/v2\/pages\/402\/revisions\/6400"}],"up":[{"embeddable":true,"href":"https:\/\/www.isotildam.de\/index.php\/wp-json\/wp\/v2\/pages\/390"}],"wp:attachment":[{"href":"https:\/\/www.isotildam.de\/index.php\/wp-json\/wp\/v2\/media?parent=402"}],"curies":[{"name":"wp","href":"https:\/\/api.w.org\/{rel}","templated":true}]}}