{"id":406,"date":"2020-03-20T15:03:28","date_gmt":"2020-03-20T14:03:28","guid":{"rendered":"https:\/\/web176.globalbases.com\/?page_id=406"},"modified":"2020-11-12T16:24:18","modified_gmt":"2020-11-12T15:24:18","slug":"aufstellelemente","status":"publish","type":"page","link":"https:\/\/www.isotildam.de\/index.php\/forschung-und-entwicklung\/aufstellelemente\/","title":{"rendered":"Aufstellelemente"},"content":{"rendered":"\n<h2 class=\"wp-block-heading\" id=\"entwicklung-von-optimal-wirksamen-aufstellelemente-keilschuh-nivellierelemente-maschinen-und-pressenlagerungssysteme-schraeglager-etc\">Entwicklung von optimal wirksamen  Aufstellelemente (Keilschuh, Nivellierelemente, Maschinen- und  Pressenlagerungssysteme, Schr\u00e4glager etc.)<\/h2>\n\n\n\n<figure class=\"wp-block-gallery alignright columns-1 is-cropped wp-block-gallery-1 is-layout-flex wp-block-gallery-is-layout-flex\"><ul class=\"blocks-gallery-grid\"><li class=\"blocks-gallery-item\"><figure><img loading=\"lazy\" decoding=\"async\" width=\"300\" height=\"189\" src=\"https:\/\/www.isotildam.de\/wp-content\/uploads\/2020\/10\/Bild1-1.png\" alt=\"\" data-id=\"6043\" data-full-url=\"https:\/\/www.isotildam.de\/wp-content\/uploads\/2020\/10\/Bild1-1.png\" data-link=\"https:\/\/www.isotildam.de\/index.php\/forschung-und-entwicklung\/aufstellelemente\/bild1-1\/\" class=\"wp-image-6043\"\/><\/figure><\/li><li class=\"blocks-gallery-item\"><figure><img loading=\"lazy\" decoding=\"async\" width=\"1024\" height=\"603\" src=\"https:\/\/www.isotildam.de\/wp-content\/uploads\/2020\/10\/IMG_0071-1024x603.png\" alt=\"\" data-id=\"5294\" data-full-url=\"https:\/\/www.isotildam.de\/wp-content\/uploads\/2020\/10\/IMG_0071.png\" data-link=\"https:\/\/www.isotildam.de\/img_0071\/\" class=\"wp-image-5294\" srcset=\"https:\/\/www.isotildam.de\/wp-content\/uploads\/2020\/10\/IMG_0071-1024x603.png 1024w, https:\/\/www.isotildam.de\/wp-content\/uploads\/2020\/10\/IMG_0071-300x177.png 300w, https:\/\/www.isotildam.de\/wp-content\/uploads\/2020\/10\/IMG_0071-768x452.png 768w, https:\/\/www.isotildam.de\/wp-content\/uploads\/2020\/10\/IMG_0071-600x354.png 600w, https:\/\/www.isotildam.de\/wp-content\/uploads\/2020\/10\/IMG_0071.png 1200w\" sizes=\"auto, (max-width: 1024px) 100vw, 1024px\" \/><\/figure><\/li><\/ul><\/figure>\n\n\n\n<h3 class=\"wp-block-heading\" id=\"keilschuh-iks-und-ikm\"><strong>Keilschuh IKS und IKM:<\/strong><\/h3>\n\n\n\n<p class=\"wp-block-paragraph\">Ein Keilschuh soll mit sehr feinen Schritten nivelliert werden. Er muss kompakt und preiswert sein. Ferner soll er nach der Nivellierung verspannt werden, um die Spiele heraus nehmen zu k\u00f6nnen.<\/p>\n\n\n\n<p class=\"wp-block-paragraph\">Unser Keilschuh IKS (pat.) mit Doppelbolzen wurde in Verbundbauweise entwickelt und gefertigt.<\/p>\n\n\n\n<p class=\"wp-block-paragraph\">Die Vorteile dieser Keilschuhe sind:<\/p>\n\n\n\n<ul class=\"wp-block-list\"><li>Spindelf\u00fchrung \u00fcber zwei Bolzen, keine Verformung unter Last.<\/li><li>Verbundbauweise: Die IKS-Teile sind eine geschlossene Einheit.<\/li><li>F\u00fchrung durch Stege.<\/li><li>Kein Spiel, dynamisch sehr stabile, sehr genaue Nivellierung.<\/li><li>Sehr gute D\u00e4mpfung und Isolierung.<\/li><li>Hoch belastbar, preiswert &#8211; aus GGG40.<\/li><\/ul>\n\n\n\n<figure class=\"wp-block-gallery alignright columns-1 is-cropped wp-block-gallery-2 is-layout-flex wp-block-gallery-is-layout-flex\"><ul class=\"blocks-gallery-grid\"><li class=\"blocks-gallery-item\"><figure><img loading=\"lazy\" decoding=\"async\" width=\"295\" height=\"260\" src=\"https:\/\/www.isotildam.de\/wp-content\/uploads\/2020\/10\/Bild2.jpg\" alt=\"\" data-id=\"6049\" data-full-url=\"https:\/\/www.isotildam.de\/wp-content\/uploads\/2020\/10\/Bild2.jpg\" data-link=\"https:\/\/www.isotildam.de\/index.php\/forschung-und-entwicklung\/aufstellelemente\/bild2-2\/\" class=\"wp-image-6049\"\/><\/figure><\/li><li class=\"blocks-gallery-item\"><figure><img loading=\"lazy\" decoding=\"async\" width=\"1024\" height=\"761\" src=\"https:\/\/www.isotildam.de\/wp-content\/uploads\/2020\/10\/IMG_0100-1024x761.png\" alt=\"\" data-id=\"5442\" data-full-url=\"https:\/\/www.isotildam.de\/wp-content\/uploads\/2020\/10\/IMG_0100.png\" data-link=\"https:\/\/www.isotildam.de\/img_0100\/\" class=\"wp-image-5442\" srcset=\"https:\/\/www.isotildam.de\/wp-content\/uploads\/2020\/10\/IMG_0100-1024x761.png 1024w, https:\/\/www.isotildam.de\/wp-content\/uploads\/2020\/10\/IMG_0100-600x446.png 600w, https:\/\/www.isotildam.de\/wp-content\/uploads\/2020\/10\/IMG_0100-300x223.png 300w, https:\/\/www.isotildam.de\/wp-content\/uploads\/2020\/10\/IMG_0100-768x571.png 768w, https:\/\/www.isotildam.de\/wp-content\/uploads\/2020\/10\/IMG_0100.png 1200w\" sizes=\"auto, (max-width: 1024px) 100vw, 1024px\" \/><\/figure><\/li><\/ul><\/figure>\n\n\n\n<p class=\"wp-block-paragraph\">Ein weiterer Keilschuh IKM, den wir entwickelt und Patent angemeldet haben, bietet die folgende Vorteile:<\/p>\n\n\n\n<ul class=\"wp-block-list\"><li>IKM ist ein kompakter, geschlossener Keilshuh.<\/li><li>IKM hat eine mittige Bohrung und Anschraubm\u00f6glichkeit.<\/li><li>IKM besitzt eine Schr\u00e4genausgleich.<\/li><li>IKM ist hochbelasbar.<\/li><li>IKM hat eine sehr feine Nivellierung.<\/li><li>IKM ist sowohl anschraubbar als auch durchschraubbar.<\/li><li>IKM mit Druckverteilungsplatte wird als Maschinenlagerungssystem verwendet.<\/li><\/ul>\n\n\n\n<div style=\"height:20px\" aria-hidden=\"true\" class=\"wp-block-spacer\"><\/div>\n\n\n\n<h3 class=\"wp-block-heading\" id=\"runder-maschinenfuss\"><strong>Runder Maschinenfu\u00df:<\/strong><\/h3>\n\n\n\n<p class=\"wp-block-paragraph\">Ferner haben wir unsere runde Maschinenf\u00fc\u00dfe MFR ohne Schrg\u00e4genausgleich und Maschinenf\u00fc\u00dfe NIM und NIL mit Schr\u00e4genausgleich entwickelt. Inzwischen k\u00f6nnen wir diese serienm\u00e4\u00dfig liefern.<\/p>\n\n\n\n<figure class=\"wp-block-gallery columns-3 is-cropped wp-block-gallery-3 is-layout-flex wp-block-gallery-is-layout-flex\"><ul class=\"blocks-gallery-grid\"><li class=\"blocks-gallery-item\"><figure><img loading=\"lazy\" decoding=\"async\" width=\"610\" height=\"1024\" src=\"https:\/\/www.isotildam.de\/wp-content\/uploads\/2020\/10\/IMG_0194-610x1024.png\" alt=\"\" data-id=\"6072\" data-full-url=\"https:\/\/www.isotildam.de\/wp-content\/uploads\/2020\/10\/IMG_0194.png\" data-link=\"https:\/\/www.isotildam.de\/index.php\/forschung-und-entwicklung\/aufstellelemente\/img_0194\/\" class=\"wp-image-6072\" srcset=\"https:\/\/www.isotildam.de\/wp-content\/uploads\/2020\/10\/IMG_0194-610x1024.png 610w, https:\/\/www.isotildam.de\/wp-content\/uploads\/2020\/10\/IMG_0194-915x1536.png 915w, https:\/\/www.isotildam.de\/wp-content\/uploads\/2020\/10\/IMG_0194-600x1008.png 600w, https:\/\/www.isotildam.de\/wp-content\/uploads\/2020\/10\/IMG_0194-179x300.png 179w, https:\/\/www.isotildam.de\/wp-content\/uploads\/2020\/10\/IMG_0194-768x1290.png 768w, https:\/\/www.isotildam.de\/wp-content\/uploads\/2020\/10\/IMG_0194.png 1200w\" sizes=\"auto, (max-width: 610px) 100vw, 610px\" \/><\/figure><\/li><li class=\"blocks-gallery-item\"><figure><img loading=\"lazy\" decoding=\"async\" width=\"910\" height=\"1024\" src=\"https:\/\/www.isotildam.de\/wp-content\/uploads\/2020\/10\/IMG_0062-910x1024.png\" alt=\"\" data-id=\"5327\" data-full-url=\"https:\/\/www.isotildam.de\/wp-content\/uploads\/2020\/10\/IMG_0062.png\" data-link=\"https:\/\/www.isotildam.de\/img_0062\/\" class=\"wp-image-5327\" srcset=\"https:\/\/www.isotildam.de\/wp-content\/uploads\/2020\/10\/IMG_0062-910x1024.png 910w, https:\/\/www.isotildam.de\/wp-content\/uploads\/2020\/10\/IMG_0062-600x675.png 600w, https:\/\/www.isotildam.de\/wp-content\/uploads\/2020\/10\/IMG_0062-267x300.png 267w, https:\/\/www.isotildam.de\/wp-content\/uploads\/2020\/10\/IMG_0062-768x864.png 768w, https:\/\/www.isotildam.de\/wp-content\/uploads\/2020\/10\/IMG_0062.png 1200w\" sizes=\"auto, (max-width: 910px) 100vw, 910px\" \/><\/figure><\/li><li class=\"blocks-gallery-item\"><figure><img loading=\"lazy\" decoding=\"async\" width=\"972\" height=\"1024\" src=\"https:\/\/www.isotildam.de\/wp-content\/uploads\/2020\/10\/IMG_0056-972x1024.png\" alt=\"\" data-id=\"5308\" data-full-url=\"https:\/\/www.isotildam.de\/wp-content\/uploads\/2020\/10\/IMG_0056.png\" data-link=\"https:\/\/www.isotildam.de\/img_0056\/\" class=\"wp-image-5308\" srcset=\"https:\/\/www.isotildam.de\/wp-content\/uploads\/2020\/10\/IMG_0056-972x1024.png 972w, https:\/\/www.isotildam.de\/wp-content\/uploads\/2020\/10\/IMG_0056-285x300.png 285w, https:\/\/www.isotildam.de\/wp-content\/uploads\/2020\/10\/IMG_0056-768x809.png 768w, https:\/\/www.isotildam.de\/wp-content\/uploads\/2020\/10\/IMG_0056-600x632.png 600w, https:\/\/www.isotildam.de\/wp-content\/uploads\/2020\/10\/IMG_0056.png 1200w\" sizes=\"auto, (max-width: 972px) 100vw, 972px\" \/><\/figure><\/li><\/ul><\/figure>\n\n\n\n<h3 class=\"wp-block-heading\" id=\"nivellierteller\"><strong>Nivellierteller:<\/strong><\/h3>\n\n\n\n<p class=\"wp-block-paragraph\">Nivellierteller mit einem Schr\u00e4genausgleich von 4\u00b0, wobei der Teller mit der Stellschraube so geschickt verbunden sein sollte, dass der Teller z.B. bei Transport einer Maschine nicht nach unten fallen kann.<\/p>\n\n\n\n<figure class=\"wp-block-gallery columns-3 is-cropped wp-block-gallery-4 is-layout-flex wp-block-gallery-is-layout-flex\"><ul class=\"blocks-gallery-grid\"><li class=\"blocks-gallery-item\"><figure><img loading=\"lazy\" decoding=\"async\" width=\"215\" height=\"300\" src=\"https:\/\/www.isotildam.de\/wp-content\/uploads\/2020\/10\/IMG_0193-215x300.png\" alt=\"\" data-id=\"5985\" data-full-url=\"https:\/\/www.isotildam.de\/wp-content\/uploads\/2020\/10\/IMG_0193.png\" data-link=\"https:\/\/www.isotildam.de\/img_0193\/\" class=\"wp-image-5985\" srcset=\"https:\/\/www.isotildam.de\/wp-content\/uploads\/2020\/10\/IMG_0193-215x300.png 215w, https:\/\/www.isotildam.de\/wp-content\/uploads\/2020\/10\/IMG_0193-1100x1536.png 1100w, https:\/\/www.isotildam.de\/wp-content\/uploads\/2020\/10\/IMG_0193-600x838.png 600w, https:\/\/www.isotildam.de\/wp-content\/uploads\/2020\/10\/IMG_0193-768x1072.png 768w, https:\/\/www.isotildam.de\/wp-content\/uploads\/2020\/10\/IMG_0193-734x1024.png 734w, https:\/\/www.isotildam.de\/wp-content\/uploads\/2020\/10\/IMG_0193.png 1200w\" sizes=\"auto, (max-width: 215px) 100vw, 215px\" \/><\/figure><\/li><li class=\"blocks-gallery-item\"><figure><img loading=\"lazy\" decoding=\"async\" width=\"211\" height=\"300\" src=\"https:\/\/www.isotildam.de\/wp-content\/uploads\/2020\/10\/IMG_0185-211x300.png\" alt=\"\" data-id=\"5977\" data-full-url=\"https:\/\/www.isotildam.de\/wp-content\/uploads\/2020\/10\/IMG_0185.png\" data-link=\"https:\/\/www.isotildam.de\/img_0185\/\" class=\"wp-image-5977\" srcset=\"https:\/\/www.isotildam.de\/wp-content\/uploads\/2020\/10\/IMG_0185-211x300.png 211w, https:\/\/www.isotildam.de\/wp-content\/uploads\/2020\/10\/IMG_0185-1078x1536.png 1078w, https:\/\/www.isotildam.de\/wp-content\/uploads\/2020\/10\/IMG_0185-600x855.png 600w, https:\/\/www.isotildam.de\/wp-content\/uploads\/2020\/10\/IMG_0185-768x1094.png 768w, https:\/\/www.isotildam.de\/wp-content\/uploads\/2020\/10\/IMG_0185-719x1024.png 719w, https:\/\/www.isotildam.de\/wp-content\/uploads\/2020\/10\/IMG_0185.png 1200w\" sizes=\"auto, (max-width: 211px) 100vw, 211px\" \/><\/figure><\/li><li class=\"blocks-gallery-item\"><figure><img loading=\"lazy\" decoding=\"async\" width=\"169\" height=\"300\" src=\"https:\/\/www.isotildam.de\/wp-content\/uploads\/2020\/10\/IMG_0184-169x300.png\" alt=\"\" data-id=\"5976\" data-full-url=\"https:\/\/www.isotildam.de\/wp-content\/uploads\/2020\/10\/IMG_0184.png\" data-link=\"https:\/\/www.isotildam.de\/img_0184\/\" class=\"wp-image-5976\" srcset=\"https:\/\/www.isotildam.de\/wp-content\/uploads\/2020\/10\/IMG_0184-169x300.png 169w, https:\/\/www.isotildam.de\/wp-content\/uploads\/2020\/10\/IMG_0184-867x1536.png 867w, https:\/\/www.isotildam.de\/wp-content\/uploads\/2020\/10\/IMG_0184-1155x2048.png 1155w, https:\/\/www.isotildam.de\/wp-content\/uploads\/2020\/10\/IMG_0184-600x1064.png 600w, https:\/\/www.isotildam.de\/wp-content\/uploads\/2020\/10\/IMG_0184-768x1361.png 768w, https:\/\/www.isotildam.de\/wp-content\/uploads\/2020\/10\/IMG_0184-578x1024.png 578w, https:\/\/www.isotildam.de\/wp-content\/uploads\/2020\/10\/IMG_0184.png 1200w\" sizes=\"auto, (max-width: 169px) 100vw, 169px\" \/><\/figure><\/li><\/ul><\/figure>\n\n\n\n<h3 class=\"wp-block-heading\" id=\"schraeglager\"><strong>Schr\u00e4glager:<\/strong><\/h3>\n\n\n\n<p class=\"wp-block-paragraph\">Schr\u00e4glager sind die Aufstellelemente etwa mit gleichen dynamischen Eigenschaften in allen Raumrichtungen.<\/p>\n\n\n\n<figure class=\"wp-block-gallery columns-2 is-cropped wp-block-gallery-5 is-layout-flex wp-block-gallery-is-layout-flex\"><ul class=\"blocks-gallery-grid\"><li class=\"blocks-gallery-item\"><figure><img loading=\"lazy\" decoding=\"async\" width=\"1024\" height=\"576\" src=\"https:\/\/www.isotildam.de\/wp-content\/uploads\/2020\/03\/1444-scaled-1024x576.jpg\" alt=\"\" data-id=\"1018\" data-full-url=\"https:\/\/www.isotildam.de\/wp-content\/uploads\/2020\/03\/1444-scaled.jpg\" data-link=\"https:\/\/www.isotildam.de\/1444\/\" class=\"wp-image-1018\" srcset=\"https:\/\/www.isotildam.de\/wp-content\/uploads\/2020\/03\/1444-scaled-1024x576.jpg 1024w, https:\/\/www.isotildam.de\/wp-content\/uploads\/2020\/03\/1444-scaled-300x169.jpg 300w, https:\/\/www.isotildam.de\/wp-content\/uploads\/2020\/03\/1444-scaled-768x432.jpg 768w, https:\/\/www.isotildam.de\/wp-content\/uploads\/2020\/03\/1444-1536x864.jpg 1536w, https:\/\/www.isotildam.de\/wp-content\/uploads\/2020\/03\/1444-2048x1152.jpg 2048w, https:\/\/www.isotildam.de\/wp-content\/uploads\/2020\/03\/1444-600x338.jpg 600w\" sizes=\"auto, (max-width: 1024px) 100vw, 1024px\" \/><figcaption class=\"blocks-gallery-item__caption\">ISOTILDAM Schr\u00e4glager ISL zur Aufstellung von Werkzeugmaschinen<\/figcaption><\/figure><\/li><li class=\"blocks-gallery-item\"><figure><img loading=\"lazy\" decoding=\"async\" width=\"1024\" height=\"768\" src=\"https:\/\/www.isotildam.de\/wp-content\/uploads\/2020\/10\/IMG_0787-1024x768.jpg\" alt=\"\" data-id=\"6081\" data-full-url=\"https:\/\/www.isotildam.de\/wp-content\/uploads\/2020\/10\/IMG_0787-scaled.jpg\" data-link=\"https:\/\/www.isotildam.de\/img_0787\/\" class=\"wp-image-6081\" srcset=\"https:\/\/www.isotildam.de\/wp-content\/uploads\/2020\/10\/IMG_0787-1024x768.jpg 1024w, https:\/\/www.isotildam.de\/wp-content\/uploads\/2020\/10\/IMG_0787-1536x1152.jpg 1536w, https:\/\/www.isotildam.de\/wp-content\/uploads\/2020\/10\/IMG_0787-2048x1536.jpg 2048w, https:\/\/www.isotildam.de\/wp-content\/uploads\/2020\/10\/IMG_0787-600x450.jpg 600w, https:\/\/www.isotildam.de\/wp-content\/uploads\/2020\/10\/IMG_0787-300x225.jpg 300w, https:\/\/www.isotildam.de\/wp-content\/uploads\/2020\/10\/IMG_0787-768x576.jpg 768w\" sizes=\"auto, (max-width: 1024px) 100vw, 1024px\" \/><figcaption class=\"blocks-gallery-item__caption\">ISOTILDAM Schr\u00e4glager ISL in XXl-Ausf\u00fchrung zur Aufstellung von Pressen, Stanzen, H\u00e4mmern<\/figcaption><\/figure><\/li><\/ul><\/figure>\n","protected":false},"excerpt":{"rendered":"<p>Entwicklung von optimal wirksamen Aufstellelemente (Keilschuh, Nivellierelemente, Maschinen- und Pressenlagerungssysteme, Schr\u00e4glager etc.) Keilschuh IKS und IKM: Ein Keilschuh soll mit sehr feinen Schritten nivelliert werden. Er muss kompakt und preiswert sein. Ferner soll er nach der Nivellierung verspannt werden, um die Spiele heraus nehmen zu k\u00f6nnen. Unser Keilschuh IKS (pat.) mit Doppelbolzen wurde in Verbundbauweise [&hellip;]<\/p>\n","protected":false},"author":1,"featured_media":0,"parent":390,"menu_order":2,"comment_status":"closed","ping_status":"closed","template":"","meta":{"_crdt_document":"","footnotes":""},"class_list":["post-406","page","type-page","status-publish","hentry"],"_links":{"self":[{"href":"https:\/\/www.isotildam.de\/index.php\/wp-json\/wp\/v2\/pages\/406","targetHints":{"allow":["GET"]}}],"collection":[{"href":"https:\/\/www.isotildam.de\/index.php\/wp-json\/wp\/v2\/pages"}],"about":[{"href":"https:\/\/www.isotildam.de\/index.php\/wp-json\/wp\/v2\/types\/page"}],"author":[{"embeddable":true,"href":"https:\/\/www.isotildam.de\/index.php\/wp-json\/wp\/v2\/users\/1"}],"replies":[{"embeddable":true,"href":"https:\/\/www.isotildam.de\/index.php\/wp-json\/wp\/v2\/comments?post=406"}],"version-history":[{"count":0,"href":"https:\/\/www.isotildam.de\/index.php\/wp-json\/wp\/v2\/pages\/406\/revisions"}],"up":[{"embeddable":true,"href":"https:\/\/www.isotildam.de\/index.php\/wp-json\/wp\/v2\/pages\/390"}],"wp:attachment":[{"href":"https:\/\/www.isotildam.de\/index.php\/wp-json\/wp\/v2\/media?parent=406"}],"curies":[{"name":"wp","href":"https:\/\/api.w.org\/{rel}","templated":true}]}}