{"id":442,"date":"2020-03-20T15:32:36","date_gmt":"2020-03-20T14:32:36","guid":{"rendered":"https:\/\/web176.globalbases.com\/?page_id=442"},"modified":"2021-07-03T11:39:22","modified_gmt":"2021-07-03T09:39:22","slug":"nivellierteller-aus-guss-und-aus-edelstahl","status":"publish","type":"page","link":"https:\/\/www.isotildam.de\/index.php\/produkte\/nivellierteller-aus-guss-und-aus-edelstahl\/","title":{"rendered":"Nivellierteller aus Guss und aus Edelstahl"},"content":{"rendered":"\n<p class=\"wp-block-paragraph\">Nivellierteller aus Guss und aus Edelstahl zur einfachen Aufstellung von Maschinen, Anlagen, Ger\u00e4ten, Schaltschr\u00e4nke, etc.<\/p>\n\n\n\n<p class=\"wp-block-paragraph\">Die Nivellierteller bieten neben dem gro\u00dfen Nivellierbereich folgende Eigenschaften: K\u00f6perschallisolation, Schwingungsisolation und Schwingungsd\u00e4mpfung.<\/p>\n\n\n\n<p class=\"wp-block-paragraph\">Wir liefern Ihnen die folgende Elemente auf Ihre Anfrage:<\/p>\n\n\n\n<figure class=\"wp-block-gallery aligncenter columns-4 is-cropped wp-block-gallery-1 is-layout-flex wp-block-gallery-is-layout-flex\"><ul class=\"blocks-gallery-grid\"><li class=\"blocks-gallery-item\"><figure><img loading=\"lazy\" decoding=\"async\" width=\"300\" height=\"191\" src=\"https:\/\/www.isotildam.de\/wp-content\/uploads\/2020\/10\/IMG_0117-300x191.png\" alt=\"\" data-id=\"5473\" data-full-url=\"https:\/\/web176.globalbases.com\/wp-content\/uploads\/2020\/10\/IMG_0117.png\" data-link=\"https:\/\/web176.globalbases.com\/img_0117\/\" class=\"wp-image-5473\" srcset=\"https:\/\/www.isotildam.de\/wp-content\/uploads\/2020\/10\/IMG_0117-300x191.png 300w, https:\/\/www.isotildam.de\/wp-content\/uploads\/2020\/10\/IMG_0117-600x383.png 600w, https:\/\/www.isotildam.de\/wp-content\/uploads\/2020\/10\/IMG_0117-768x490.png 768w, https:\/\/www.isotildam.de\/wp-content\/uploads\/2020\/10\/IMG_0117-1024x653.png 1024w, https:\/\/www.isotildam.de\/wp-content\/uploads\/2020\/10\/IMG_0117.png 1200w\" sizes=\"auto, (max-width: 300px) 100vw, 300px\" \/><figcaption class=\"blocks-gallery-item__caption\">Nivellierteller<\/figcaption><\/figure><\/li><li class=\"blocks-gallery-item\"><figure><img loading=\"lazy\" decoding=\"async\" width=\"211\" height=\"300\" src=\"https:\/\/www.isotildam.de\/wp-content\/uploads\/2020\/10\/IMG_0185-211x300.png\" alt=\"\" data-id=\"5977\" data-full-url=\"https:\/\/web176.globalbases.com\/wp-content\/uploads\/2020\/10\/IMG_0185.png\" data-link=\"https:\/\/web176.globalbases.com\/img_0185\/\" class=\"wp-image-5977\" srcset=\"https:\/\/www.isotildam.de\/wp-content\/uploads\/2020\/10\/IMG_0185-211x300.png 211w, https:\/\/www.isotildam.de\/wp-content\/uploads\/2020\/10\/IMG_0185-1078x1536.png 1078w, https:\/\/www.isotildam.de\/wp-content\/uploads\/2020\/10\/IMG_0185-600x855.png 600w, https:\/\/www.isotildam.de\/wp-content\/uploads\/2020\/10\/IMG_0185-768x1094.png 768w, https:\/\/www.isotildam.de\/wp-content\/uploads\/2020\/10\/IMG_0185-719x1024.png 719w, https:\/\/www.isotildam.de\/wp-content\/uploads\/2020\/10\/IMG_0185.png 1200w\" sizes=\"auto, (max-width: 211px) 100vw, 211px\" \/><figcaption class=\"blocks-gallery-item__caption\">Nivellierteller aus Edelstahl<\/figcaption><\/figure><\/li><li class=\"blocks-gallery-item\"><figure><img loading=\"lazy\" decoding=\"async\" width=\"169\" height=\"300\" src=\"https:\/\/www.isotildam.de\/wp-content\/uploads\/2020\/10\/IMG_0184-169x300.png\" alt=\"\" data-id=\"5976\" data-full-url=\"https:\/\/web176.globalbases.com\/wp-content\/uploads\/2020\/10\/IMG_0184.png\" data-link=\"https:\/\/web176.globalbases.com\/img_0184\/\" class=\"wp-image-5976\" srcset=\"https:\/\/www.isotildam.de\/wp-content\/uploads\/2020\/10\/IMG_0184-169x300.png 169w, https:\/\/www.isotildam.de\/wp-content\/uploads\/2020\/10\/IMG_0184-867x1536.png 867w, https:\/\/www.isotildam.de\/wp-content\/uploads\/2020\/10\/IMG_0184-1155x2048.png 1155w, https:\/\/www.isotildam.de\/wp-content\/uploads\/2020\/10\/IMG_0184-600x1064.png 600w, https:\/\/www.isotildam.de\/wp-content\/uploads\/2020\/10\/IMG_0184-768x1361.png 768w, https:\/\/www.isotildam.de\/wp-content\/uploads\/2020\/10\/IMG_0184-578x1024.png 578w, https:\/\/www.isotildam.de\/wp-content\/uploads\/2020\/10\/IMG_0184.png 1200w\" sizes=\"auto, (max-width: 169px) 100vw, 169px\" \/><figcaption class=\"blocks-gallery-item__caption\">Nivellierteller aus Guss<\/figcaption><\/figure><\/li><li class=\"blocks-gallery-item\"><figure><img loading=\"lazy\" decoding=\"async\" width=\"300\" height=\"173\" src=\"https:\/\/www.isotildam.de\/wp-content\/uploads\/2020\/10\/IMG_0121-300x173.png\" alt=\"\" data-id=\"5535\" data-full-url=\"https:\/\/web176.globalbases.com\/wp-content\/uploads\/2020\/10\/IMG_0121.png\" data-link=\"https:\/\/web176.globalbases.com\/img_0121\/\" class=\"wp-image-5535\" srcset=\"https:\/\/www.isotildam.de\/wp-content\/uploads\/2020\/10\/IMG_0121-300x173.png 300w, https:\/\/www.isotildam.de\/wp-content\/uploads\/2020\/10\/IMG_0121-600x345.png 600w, https:\/\/www.isotildam.de\/wp-content\/uploads\/2020\/10\/IMG_0121-768x442.png 768w, https:\/\/www.isotildam.de\/wp-content\/uploads\/2020\/10\/IMG_0121-1024x589.png 1024w, https:\/\/www.isotildam.de\/wp-content\/uploads\/2020\/10\/IMG_0121.png 1200w\" sizes=\"auto, (max-width: 300px) 100vw, 300px\" \/><figcaption class=\"blocks-gallery-item__caption\">Feingewinde<\/figcaption><\/figure><\/li><\/ul><\/figure>\n\n\n\n<div style=\"height:20px\" aria-hidden=\"true\" class=\"wp-block-spacer\"><\/div>\n\n\n\n<h3 class=\"wp-block-heading\" id=\"datenblaetter\">Datenbl\u00e4tter<\/h3>\n\n\n<a href=\"https:\/\/www.isotildam.de\/wp-content\/uploads\/2020\/08\/Datenblatt_Nivellierteller.pdf\" class=\"pdfemb-viewer\" style=\"\" data-width=\"max\" data-height=\"max\" data-toolbar=\"bottom\" data-toolbar-fixed=\"on\">Datenblatt_Nivellierteller<\/a>\n<p class=\"wp-block-pdfemb-pdf-embedder-viewer\"><\/p>\n\n\n<a href=\"https:\/\/www.isotildam.de\/wp-content\/uploads\/2020\/10\/Datenblatt_Regelgewinde_fuer_Nivellierteller.pdf\" class=\"pdfemb-viewer\" style=\"\" data-width=\"max\" data-height=\"max\" data-toolbar=\"bottom\" data-toolbar-fixed=\"on\">Datenblatt_Regelgewinde_fuer_Nivellierteller<\/a>\n<p class=\"wp-block-pdfemb-pdf-embedder-viewer\"><\/p>\n","protected":false},"excerpt":{"rendered":"<p>Nivellierteller aus Guss und aus Edelstahl zur einfachen Aufstellung von Maschinen, Anlagen, Ger\u00e4ten, Schaltschr\u00e4nke, etc. Die Nivellierteller bieten neben dem gro\u00dfen Nivellierbereich folgende Eigenschaften: K\u00f6perschallisolation, Schwingungsisolation und Schwingungsd\u00e4mpfung. Wir liefern Ihnen die folgende Elemente auf Ihre Anfrage: Datenbl\u00e4tter<\/p>\n","protected":false},"author":1,"featured_media":0,"parent":20,"menu_order":3,"comment_status":"closed","ping_status":"closed","template":"","meta":{"_crdt_document":"","footnotes":""},"class_list":["post-442","page","type-page","status-publish","hentry"],"_links":{"self":[{"href":"https:\/\/www.isotildam.de\/index.php\/wp-json\/wp\/v2\/pages\/442","targetHints":{"allow":["GET"]}}],"collection":[{"href":"https:\/\/www.isotildam.de\/index.php\/wp-json\/wp\/v2\/pages"}],"about":[{"href":"https:\/\/www.isotildam.de\/index.php\/wp-json\/wp\/v2\/types\/page"}],"author":[{"embeddable":true,"href":"https:\/\/www.isotildam.de\/index.php\/wp-json\/wp\/v2\/users\/1"}],"replies":[{"embeddable":true,"href":"https:\/\/www.isotildam.de\/index.php\/wp-json\/wp\/v2\/comments?post=442"}],"version-history":[{"count":4,"href":"https:\/\/www.isotildam.de\/index.php\/wp-json\/wp\/v2\/pages\/442\/revisions"}],"predecessor-version":[{"id":6402,"href":"https:\/\/www.isotildam.de\/index.php\/wp-json\/wp\/v2\/pages\/442\/revisions\/6402"}],"up":[{"embeddable":true,"href":"https:\/\/www.isotildam.de\/index.php\/wp-json\/wp\/v2\/pages\/20"}],"wp:attachment":[{"href":"https:\/\/www.isotildam.de\/index.php\/wp-json\/wp\/v2\/media?parent=442"}],"curies":[{"name":"wp","href":"https:\/\/api.w.org\/{rel}","templated":true}]}}