{"id":445,"date":"2020-03-20T15:33:44","date_gmt":"2020-03-20T14:33:44","guid":{"rendered":"https:\/\/web176.globalbases.com\/?page_id=445"},"modified":"2020-11-12T16:44:34","modified_gmt":"2020-11-12T15:44:34","slug":"maschinenlagerungssysteme-zur-optimalen-aufstellen-von-maschinen-anlagen","status":"publish","type":"page","link":"https:\/\/www.isotildam.de\/index.php\/produkte\/maschinenlagerungssysteme-zur-optimalen-aufstellen-von-maschinen-anlagen\/","title":{"rendered":"Maschinenlagerungssysteme (MLS)"},"content":{"rendered":"\n<h2 class=\"wp-block-heading\" id=\"maschinenlagerungssysteme-zur-optimalen-aufstellung-von-maschinen-anlagen\">Maschinenlagerungssysteme zur optimalen Aufstellung von Maschinen, Anlagen<\/h2>\n\n\n\n<figure class=\"wp-block-gallery alignright columns-1 is-cropped wp-block-gallery-1 is-layout-flex wp-block-gallery-is-layout-flex\"><ul class=\"blocks-gallery-grid\"><li class=\"blocks-gallery-item\"><figure><img loading=\"lazy\" decoding=\"async\" width=\"300\" height=\"179\" src=\"https:\/\/www.isotildam.de\/wp-content\/uploads\/2020\/10\/IMG_0177-300x179.png\" alt=\"\" data-id=\"5954\" data-full-url=\"https:\/\/www.isotildam.de\/wp-content\/uploads\/2020\/10\/IMG_0177.png\" data-link=\"https:\/\/www.isotildam.de\/img_0177\/\" class=\"wp-image-5954\" srcset=\"https:\/\/www.isotildam.de\/wp-content\/uploads\/2020\/10\/IMG_0177-300x179.png 300w, https:\/\/www.isotildam.de\/wp-content\/uploads\/2020\/10\/IMG_0177-600x358.png 600w, https:\/\/www.isotildam.de\/wp-content\/uploads\/2020\/10\/IMG_0177-768x458.png 768w, https:\/\/www.isotildam.de\/wp-content\/uploads\/2020\/10\/IMG_0177-1024x611.png 1024w, https:\/\/www.isotildam.de\/wp-content\/uploads\/2020\/10\/IMG_0177.png 1200w\" sizes=\"auto, (max-width: 300px) 100vw, 300px\" \/><\/figure><\/li><li class=\"blocks-gallery-item\"><figure><img loading=\"lazy\" decoding=\"async\" width=\"300\" height=\"194\" src=\"https:\/\/www.isotildam.de\/wp-content\/uploads\/2020\/10\/IMG_0176-300x194.png\" alt=\"\" data-id=\"5956\" data-full-url=\"https:\/\/www.isotildam.de\/wp-content\/uploads\/2020\/10\/IMG_0176.png\" data-link=\"https:\/\/www.isotildam.de\/img_0176\/\" class=\"wp-image-5956\" srcset=\"https:\/\/www.isotildam.de\/wp-content\/uploads\/2020\/10\/IMG_0176-300x194.png 300w, https:\/\/www.isotildam.de\/wp-content\/uploads\/2020\/10\/IMG_0176-600x387.png 600w, https:\/\/www.isotildam.de\/wp-content\/uploads\/2020\/10\/IMG_0176-768x495.png 768w, https:\/\/www.isotildam.de\/wp-content\/uploads\/2020\/10\/IMG_0176-1024x660.png 1024w, https:\/\/www.isotildam.de\/wp-content\/uploads\/2020\/10\/IMG_0176.png 1200w\" sizes=\"auto, (max-width: 300px) 100vw, 300px\" \/><\/figure><\/li><li class=\"blocks-gallery-item\"><figure><img loading=\"lazy\" decoding=\"async\" width=\"300\" height=\"216\" src=\"https:\/\/www.isotildam.de\/wp-content\/uploads\/2020\/03\/072093bdde.gif\" alt=\"\" data-id=\"447\" data-full-url=\"https:\/\/www.isotildam.de\/wp-content\/uploads\/2020\/03\/072093bdde.gif\" data-link=\"https:\/\/www.isotildam.de\/index.php\/produkte\/maschinenlagerungssysteme-zur-optimalen-aufstellen-von-maschinen-anlagen\/072093bdde\/\" class=\"wp-image-447\"\/><figcaption class=\"blocks-gallery-item__caption\">Amplitudenfrequenzgang einer Maschine<\/figcaption><\/figure><\/li><\/ul><\/figure>\n\n\n\n<p class=\"wp-block-paragraph\">ISTD Maschinenlagerungssysteme werden zur optimalen  Aufstellung von Bearbeitungszentren, Fr\u00e4s-, Dreh- und Schleifmaschinen  sowie von anderen Werkzeugmaschinen, Messmaschinen etc. verwendet. Diese  Maschinenlagerungssysteme werden individuell an Ihre Maschinen unter  Ber\u00fccksichtigung der dynamischen Eigenschaften der Aufstellorte  bez\u00fcglich der Funktionalit\u00e4t, Produktivit\u00e4t und Qualit\u00e4t der betroffenen Maschine angepasst. <\/p>\n\n\n\n<p class=\"wp-block-paragraph\">Maschinen, insbesondere Werkzeugmaschinen werden \nheutzutage aus Kosten- und Flexibilit\u00e4tsgr\u00fcnden m\u00f6glichst leicht \naufgebaut. Dadurch werden diese Maschinen und deren Teile dynamisch \nweicher und schwingungsanf\u00e4lliger. Durch den Betrieb solcher Maschinen \ntreten innerhalb dieser erhebliche Schwingungen auf, weil einerseits \nBiege- und Torsionseigenformen bei tieferen Eigenfrequenzen aufgrund des\n leichten Maschinenbaus auftreten und andererseits die \nBetriebsdrehzahlbereiche aus Produktivit\u00e4tsgr\u00fcnden immer breitbandiger \nwerden. Da die Materiald\u00e4mpfung dieser Maschinen im Allgemeinen sehr \ngering (D&lt;2) ist, werden bei der \u00dcbereinstimmung einer Eigenfrequenz \nmit einer Erregerfrequenz resonanzartige Maschinenschwingungen \nhervorgerufen. Die Teile der Maschinen verformen sich w\u00e4hrend der \nBearbeitung eines Werkst\u00fcckes elastisch. Wird die Bearbeitungsstufe \nver\u00e4ndert oder abgeschlossen, dann schwingt die Maschine aus. Dadurch \nentstehende Massenkr\u00e4fte gehen nach au\u00dfen oder beeinflussen die \nFunktionalit\u00e4t und Produktivit\u00e4t der Maschine.\n<\/p>\n\n\n\n<p class=\"wp-block-paragraph\">Unter Ber\u00fccksichtigung der dynamischen Eigenschaften  kann eine Maschine in Leichtbauweise auf speziellen Elementen mit  elastischen und insbesondere mit d\u00e4mpfenden Eigenschaften so gelagert  werden, dass neben einer gew\u00fcnschten Schwingungsisolierung das  dynamische Verhalten der Maschine vorteilhaft beeinflusst wird, um das  Eigenschwingverhalten der Maschine erheblich zu verbessern. Solche  speziellen Elemente k\u00f6nnen auch innerhalb des Maschinenk\u00f6rpers eingebaut  werden, denn die D\u00e4mpfung wirkt sich auf ein schwingungsf\u00e4higes System  (z. B. auf eine Maschine) global aus. Unter D\u00e4mpfung wird die Umwandlung von  Bewegungsenergie in andere, f\u00fcr das Schwingungssystem nicht mehr relevante Eigenformen, oder Wegf\u00fchren von Energie au\u00dferhalb der betrachteten Grenze des Schwingungssystems verstanden. Beides kann mit dem Begriff  \u201cEnergiedissipation\u201c (Energieabstrahlung) beschrieben werden.  <\/p>\n\n\n\n<p class=\"wp-block-paragraph\">Durch Verwendung der ISTD Maschinenlagerungssysteme kann das dynamische Verhalten Ihrer Maschinen so optimiert werden, dass die Qualit\u00e4t, die Produktivit\u00e4t, die Standzeit Ihrer Maschinen erh\u00f6ht werden. Dabei werden die statischen und dynamischen Eigenschaften der  betroffenen Maschine und des Aufstellortes ber\u00fccksichtigt.<\/p>\n\n\n\n<ul class=\"wp-block-list\"><li>sehr gute Niveaustabilit\u00e4t bzw. Formstabilit\u00e4t und hohe D\u00e4mpfung <\/li><li>unver\u00e4nderte Eigenfrequenzen bei unterschiedlichen Druckbeanspruchungen <\/li><li>sehr tiefe Abstimmungen bis 5,0 Hz<\/li><li>hohe Belastbarkeit <\/li><li>geringe Bauh\u00f6he <\/li><li>geringere Montagekosten <\/li><li>geringere Amplituden bei Einwirkung dynamischer Kr\u00e4fte <\/li><li>angeschlossene Elemente werden weniger beansprucht <\/li><li>geringere Massenkr\u00e4fte wirken auf die Komponenten der Maschine, <\/li><li>ruhigerer Maschinenstand, g\u00fcnstig f\u00fcr elektronische Bauteile <\/li><li>einfache Montage durch Nivellierung auch schwerster Lasten <\/li><li>geringere dynamische Beanspruchung bzw. Verschlei\u00df der Elemente <\/li><li>meist befestigungsfreie Aufstellung ohne Bodenverletzung infolge Steinschrauben <\/li><li>wirtschaftliche Vorteile durch Reduzierung der Montagekosten <\/li><li>alles aus einer Hand<\/li><li>Verbesserung des dynamischen Maschinenverhaltens <\/li><li>Verbesserung der Oberfl\u00e4chenqualit\u00e4t, <\/li><li>Erh\u00f6hung der Genauigkeit und Produktivit\u00e4t, <\/li><li>Bessere Ma\u00dfgenauigkeit, dadurch eine geringere Ausschussquote <\/li><li>Geringerer Werkzeugverschlei\u00df, l\u00e4ngere Standzeit <\/li><\/ul>\n\n\n\n<p class=\"wp-block-paragraph\"><strong>Die ISOTILDAM Maschinenlagerungssysteme werden zur Aufstellung aller Maschinen eingesetzt.<\/strong><\/p>\n\n\n\n<p class=\"wp-block-paragraph\"><strong>Bitte schicken Sie uns die Maschinendaten zu, damit wir f\u00fcr Sie ISTD  Maschinenlagerungssysteme dimensionieren und liefern k\u00f6nnen. Einen  Fragebogen finden Sie auf unserer Website www.ISOTILDAM.de.<\/strong><\/p>\n","protected":false},"excerpt":{"rendered":"<p>Maschinenlagerungssysteme zur optimalen Aufstellung von Maschinen, Anlagen ISTD Maschinenlagerungssysteme werden zur optimalen Aufstellung von Bearbeitungszentren, Fr\u00e4s-, Dreh- und Schleifmaschinen sowie von anderen Werkzeugmaschinen, Messmaschinen etc. verwendet. Diese Maschinenlagerungssysteme werden individuell an Ihre Maschinen unter Ber\u00fccksichtigung der dynamischen Eigenschaften der Aufstellorte bez\u00fcglich der Funktionalit\u00e4t, Produktivit\u00e4t und Qualit\u00e4t der betroffenen Maschine angepasst. Maschinen, insbesondere Werkzeugmaschinen werden heutzutage [&hellip;]<\/p>\n","protected":false},"author":1,"featured_media":0,"parent":20,"menu_order":4,"comment_status":"closed","ping_status":"closed","template":"","meta":{"_crdt_document":"","footnotes":""},"class_list":["post-445","page","type-page","status-publish","hentry"],"_links":{"self":[{"href":"https:\/\/www.isotildam.de\/index.php\/wp-json\/wp\/v2\/pages\/445","targetHints":{"allow":["GET"]}}],"collection":[{"href":"https:\/\/www.isotildam.de\/index.php\/wp-json\/wp\/v2\/pages"}],"about":[{"href":"https:\/\/www.isotildam.de\/index.php\/wp-json\/wp\/v2\/types\/page"}],"author":[{"embeddable":true,"href":"https:\/\/www.isotildam.de\/index.php\/wp-json\/wp\/v2\/users\/1"}],"replies":[{"embeddable":true,"href":"https:\/\/www.isotildam.de\/index.php\/wp-json\/wp\/v2\/comments?post=445"}],"version-history":[{"count":0,"href":"https:\/\/www.isotildam.de\/index.php\/wp-json\/wp\/v2\/pages\/445\/revisions"}],"up":[{"embeddable":true,"href":"https:\/\/www.isotildam.de\/index.php\/wp-json\/wp\/v2\/pages\/20"}],"wp:attachment":[{"href":"https:\/\/www.isotildam.de\/index.php\/wp-json\/wp\/v2\/media?parent=445"}],"curies":[{"name":"wp","href":"https:\/\/api.w.org\/{rel}","templated":true}]}}