{"id":45,"date":"2020-03-10T14:16:08","date_gmt":"2020-03-10T13:16:08","guid":{"rendered":"https:\/\/web176.globalbases.com\/?page_id=45"},"modified":"2021-07-03T11:44:41","modified_gmt":"2021-07-03T09:44:41","slug":"maschinenschuhe","status":"publish","type":"page","link":"https:\/\/www.isotildam.de\/index.php\/produkte\/maschinenschuhe\/","title":{"rendered":"Keil- und Maschinenschuhe"},"content":{"rendered":"\n<p class=\"wp-block-paragraph\">Keilschuhe bzw. Maschinenschuhe zum Aufstellen zu einer pr\u00e4zisen Nivellierung Ihrer Maschinen, Anlagen, Ger\u00e4te, Pressen etc. <\/p>\n\n\n\n<p class=\"wp-block-paragraph\">Unsere Keilschuhe werden mit hochwertigen  Elastomeren best\u00fcckt. Somit werden eine hervorragende  Schwingungsisolierung und eine gute D\u00e4mpfung neben einer pr\u00e4zisen  Nivellierung f\u00fcr den Belastungsbereich von 1 t bis 50 t sicher gestellt.&nbsp;<\/p>\n\n\n\n<h3 class=\"wp-block-heading\" id=\"iksserie\">IKS-Serie:<\/h3>\n\n\n\n<figure class=\"wp-block-gallery aligncenter columns-2 is-cropped wp-block-gallery-1 is-layout-flex wp-block-gallery-is-layout-flex\"><ul class=\"blocks-gallery-grid\"><li class=\"blocks-gallery-item\"><figure><img loading=\"lazy\" decoding=\"async\" width=\"300\" height=\"171\" src=\"https:\/\/www.isotildam.de\/wp-content\/uploads\/2020\/10\/IMG_0163-300x171.png\" alt=\"\" data-id=\"5572\" data-full-url=\"https:\/\/web176.globalbases.com\/wp-content\/uploads\/2020\/10\/IMG_0163.png\" data-link=\"https:\/\/web176.globalbases.com\/img_0163\/\" class=\"wp-image-5572\" srcset=\"https:\/\/www.isotildam.de\/wp-content\/uploads\/2020\/10\/IMG_0163-300x171.png 300w, https:\/\/www.isotildam.de\/wp-content\/uploads\/2020\/10\/IMG_0163-1536x875.png 1536w, https:\/\/www.isotildam.de\/wp-content\/uploads\/2020\/10\/IMG_0163-600x342.png 600w, https:\/\/www.isotildam.de\/wp-content\/uploads\/2020\/10\/IMG_0163-768x437.png 768w, https:\/\/www.isotildam.de\/wp-content\/uploads\/2020\/10\/IMG_0163-1024x583.png 1024w, https:\/\/www.isotildam.de\/wp-content\/uploads\/2020\/10\/IMG_0163.png 1600w\" sizes=\"auto, (max-width: 300px) 100vw, 300px\" \/><\/figure><\/li><li class=\"blocks-gallery-item\"><figure><img loading=\"lazy\" decoding=\"async\" width=\"300\" height=\"176\" src=\"https:\/\/www.isotildam.de\/wp-content\/uploads\/2020\/10\/IMG_0166-300x176.png\" alt=\"\" data-id=\"5566\" data-full-url=\"https:\/\/web176.globalbases.com\/wp-content\/uploads\/2020\/10\/IMG_0166.png\" data-link=\"https:\/\/web176.globalbases.com\/img_0166\/\" class=\"wp-image-5566\" srcset=\"https:\/\/www.isotildam.de\/wp-content\/uploads\/2020\/10\/IMG_0166-300x176.png 300w, https:\/\/www.isotildam.de\/wp-content\/uploads\/2020\/10\/IMG_0166-1536x900.png 1536w, https:\/\/www.isotildam.de\/wp-content\/uploads\/2020\/10\/IMG_0166-600x351.png 600w, https:\/\/www.isotildam.de\/wp-content\/uploads\/2020\/10\/IMG_0166-768x450.png 768w, https:\/\/www.isotildam.de\/wp-content\/uploads\/2020\/10\/IMG_0166-1024x600.png 1024w, https:\/\/www.isotildam.de\/wp-content\/uploads\/2020\/10\/IMG_0166.png 1600w\" sizes=\"auto, (max-width: 300px) 100vw, 300px\" \/><\/figure><\/li><li class=\"blocks-gallery-item\"><figure><img loading=\"lazy\" decoding=\"async\" width=\"300\" height=\"175\" src=\"https:\/\/www.isotildam.de\/wp-content\/uploads\/2020\/10\/IMG_0164-300x175.png\" alt=\"\" data-id=\"5564\" data-full-url=\"https:\/\/web176.globalbases.com\/wp-content\/uploads\/2020\/10\/IMG_0164.png\" data-link=\"https:\/\/web176.globalbases.com\/img_0164\/\" class=\"wp-image-5564\" srcset=\"https:\/\/www.isotildam.de\/wp-content\/uploads\/2020\/10\/IMG_0164-300x175.png 300w, https:\/\/www.isotildam.de\/wp-content\/uploads\/2020\/10\/IMG_0164-1536x895.png 1536w, https:\/\/www.isotildam.de\/wp-content\/uploads\/2020\/10\/IMG_0164-600x350.png 600w, https:\/\/www.isotildam.de\/wp-content\/uploads\/2020\/10\/IMG_0164-768x447.png 768w, https:\/\/www.isotildam.de\/wp-content\/uploads\/2020\/10\/IMG_0164-1024x596.png 1024w, https:\/\/www.isotildam.de\/wp-content\/uploads\/2020\/10\/IMG_0164.png 1600w\" sizes=\"auto, (max-width: 300px) 100vw, 300px\" \/><\/figure><\/li><li class=\"blocks-gallery-item\"><figure><img loading=\"lazy\" decoding=\"async\" width=\"300\" height=\"191\" src=\"https:\/\/www.isotildam.de\/wp-content\/uploads\/2020\/10\/IMG_0105-300x191.png\" alt=\"\" data-id=\"5459\" data-full-url=\"https:\/\/web176.globalbases.com\/wp-content\/uploads\/2020\/10\/IMG_0105.png\" data-link=\"https:\/\/web176.globalbases.com\/img_0105\/\" class=\"wp-image-5459\" srcset=\"https:\/\/www.isotildam.de\/wp-content\/uploads\/2020\/10\/IMG_0105-300x191.png 300w, https:\/\/www.isotildam.de\/wp-content\/uploads\/2020\/10\/IMG_0105-600x382.png 600w, https:\/\/www.isotildam.de\/wp-content\/uploads\/2020\/10\/IMG_0105-768x489.png 768w, https:\/\/www.isotildam.de\/wp-content\/uploads\/2020\/10\/IMG_0105-1024x652.png 1024w, https:\/\/www.isotildam.de\/wp-content\/uploads\/2020\/10\/IMG_0105.png 1200w\" sizes=\"auto, (max-width: 300px) 100vw, 300px\" \/><\/figure><\/li><\/ul><\/figure>\n\n\n\n<h3 class=\"wp-block-heading\" id=\"imsserie\">IMS-Serie:<\/h3>\n\n\n\n<figure class=\"wp-block-gallery columns-2 is-cropped wp-block-gallery-2 is-layout-flex wp-block-gallery-is-layout-flex\"><ul class=\"blocks-gallery-grid\"><li class=\"blocks-gallery-item\"><figure><img loading=\"lazy\" decoding=\"async\" width=\"1024\" height=\"698\" src=\"https:\/\/www.isotildam.de\/wp-content\/uploads\/2020\/10\/IMG_0065-1-1024x698.png\" alt=\"\" data-id=\"5333\" data-full-url=\"https:\/\/web176.globalbases.com\/wp-content\/uploads\/2020\/10\/IMG_0065-1.png\" data-link=\"https:\/\/web176.globalbases.com\/img_0065-2\/\" class=\"wp-image-5333\" srcset=\"https:\/\/www.isotildam.de\/wp-content\/uploads\/2020\/10\/IMG_0065-1-1024x698.png 1024w, https:\/\/www.isotildam.de\/wp-content\/uploads\/2020\/10\/IMG_0065-1-600x409.png 600w, https:\/\/www.isotildam.de\/wp-content\/uploads\/2020\/10\/IMG_0065-1-300x205.png 300w, https:\/\/www.isotildam.de\/wp-content\/uploads\/2020\/10\/IMG_0065-1-768x524.png 768w, https:\/\/www.isotildam.de\/wp-content\/uploads\/2020\/10\/IMG_0065-1.png 1200w\" sizes=\"auto, (max-width: 1024px) 100vw, 1024px\" \/><\/figure><\/li><li class=\"blocks-gallery-item\"><figure><img loading=\"lazy\" decoding=\"async\" width=\"1024\" height=\"684\" src=\"https:\/\/www.isotildam.de\/wp-content\/uploads\/2020\/10\/IMG_0068-1-1024x684.png\" alt=\"\" data-id=\"5339\" data-full-url=\"https:\/\/web176.globalbases.com\/wp-content\/uploads\/2020\/10\/IMG_0068-1.png\" data-link=\"https:\/\/web176.globalbases.com\/img_0068-2\/\" class=\"wp-image-5339\" srcset=\"https:\/\/www.isotildam.de\/wp-content\/uploads\/2020\/10\/IMG_0068-1-1024x684.png 1024w, https:\/\/www.isotildam.de\/wp-content\/uploads\/2020\/10\/IMG_0068-1-600x401.png 600w, https:\/\/www.isotildam.de\/wp-content\/uploads\/2020\/10\/IMG_0068-1-300x200.png 300w, https:\/\/www.isotildam.de\/wp-content\/uploads\/2020\/10\/IMG_0068-1-768x513.png 768w, https:\/\/www.isotildam.de\/wp-content\/uploads\/2020\/10\/IMG_0068-1.png 1200w\" sizes=\"auto, (max-width: 1024px) 100vw, 1024px\" \/><\/figure><\/li><li class=\"blocks-gallery-item\"><figure><img loading=\"lazy\" decoding=\"async\" width=\"1024\" height=\"733\" src=\"https:\/\/www.isotildam.de\/wp-content\/uploads\/2020\/10\/IMG_0064-1-1024x733.png\" alt=\"\" data-id=\"5331\" data-full-url=\"https:\/\/web176.globalbases.com\/wp-content\/uploads\/2020\/10\/IMG_0064-1.png\" data-link=\"https:\/\/web176.globalbases.com\/img_0064-2\/\" class=\"wp-image-5331\" srcset=\"https:\/\/www.isotildam.de\/wp-content\/uploads\/2020\/10\/IMG_0064-1-1024x733.png 1024w, https:\/\/www.isotildam.de\/wp-content\/uploads\/2020\/10\/IMG_0064-1-600x430.png 600w, https:\/\/www.isotildam.de\/wp-content\/uploads\/2020\/10\/IMG_0064-1-300x215.png 300w, https:\/\/www.isotildam.de\/wp-content\/uploads\/2020\/10\/IMG_0064-1-768x550.png 768w, https:\/\/www.isotildam.de\/wp-content\/uploads\/2020\/10\/IMG_0064-1.png 1200w\" sizes=\"auto, (max-width: 1024px) 100vw, 1024px\" \/><\/figure><\/li><li class=\"blocks-gallery-item\"><figure><img loading=\"lazy\" decoding=\"async\" width=\"1024\" height=\"635\" src=\"https:\/\/www.isotildam.de\/wp-content\/uploads\/2020\/10\/IMG_0072-1-1024x635.png\" alt=\"\" data-id=\"5347\" data-full-url=\"https:\/\/web176.globalbases.com\/wp-content\/uploads\/2020\/10\/IMG_0072-1.png\" data-link=\"https:\/\/web176.globalbases.com\/img_0072-2\/\" class=\"wp-image-5347\" srcset=\"https:\/\/www.isotildam.de\/wp-content\/uploads\/2020\/10\/IMG_0072-1-1024x635.png 1024w, https:\/\/www.isotildam.de\/wp-content\/uploads\/2020\/10\/IMG_0072-1-600x372.png 600w, https:\/\/www.isotildam.de\/wp-content\/uploads\/2020\/10\/IMG_0072-1-300x186.png 300w, https:\/\/www.isotildam.de\/wp-content\/uploads\/2020\/10\/IMG_0072-1-768x476.png 768w, https:\/\/www.isotildam.de\/wp-content\/uploads\/2020\/10\/IMG_0072-1.png 1200w\" sizes=\"auto, (max-width: 1024px) 100vw, 1024px\" \/><\/figure><\/li><\/ul><\/figure>\n\n\n\n<h2 class=\"wp-block-heading\" id=\"datenblaetter\">Datenbl\u00e4tter<\/h2>\n\n\n<a href=\"https:\/\/www.isotildam.de\/wp-content\/uploads\/2020\/08\/Datenblatt_Keilschuhe.pdf\" class=\"pdfemb-viewer\" style=\"\" data-width=\"max\" data-height=\"max\" data-toolbar=\"bottom\" data-toolbar-fixed=\"on\">Datenblatt_Keilschuhe<\/a>\n<p class=\"wp-block-pdfemb-pdf-embedder-viewer\"><\/p>\n","protected":false},"excerpt":{"rendered":"<p>Keilschuhe bzw. Maschinenschuhe zum Aufstellen zu einer pr\u00e4zisen Nivellierung Ihrer Maschinen, Anlagen, Ger\u00e4te, Pressen etc. Unsere Keilschuhe werden mit hochwertigen Elastomeren best\u00fcckt. Somit werden eine hervorragende Schwingungsisolierung und eine gute D\u00e4mpfung neben einer pr\u00e4zisen Nivellierung f\u00fcr den Belastungsbereich von 1 t bis 50 t sicher gestellt.&nbsp; IKS-Serie: IMS-Serie: Datenbl\u00e4tter<\/p>\n","protected":false},"author":1,"featured_media":0,"parent":20,"menu_order":0,"comment_status":"closed","ping_status":"closed","template":"","meta":{"_crdt_document":"","footnotes":""},"class_list":["post-45","page","type-page","status-publish","hentry"],"_links":{"self":[{"href":"https:\/\/www.isotildam.de\/index.php\/wp-json\/wp\/v2\/pages\/45","targetHints":{"allow":["GET"]}}],"collection":[{"href":"https:\/\/www.isotildam.de\/index.php\/wp-json\/wp\/v2\/pages"}],"about":[{"href":"https:\/\/www.isotildam.de\/index.php\/wp-json\/wp\/v2\/types\/page"}],"author":[{"embeddable":true,"href":"https:\/\/www.isotildam.de\/index.php\/wp-json\/wp\/v2\/users\/1"}],"replies":[{"embeddable":true,"href":"https:\/\/www.isotildam.de\/index.php\/wp-json\/wp\/v2\/comments?post=45"}],"version-history":[{"count":8,"href":"https:\/\/www.isotildam.de\/index.php\/wp-json\/wp\/v2\/pages\/45\/revisions"}],"predecessor-version":[{"id":6410,"href":"https:\/\/www.isotildam.de\/index.php\/wp-json\/wp\/v2\/pages\/45\/revisions\/6410"}],"up":[{"embeddable":true,"href":"https:\/\/www.isotildam.de\/index.php\/wp-json\/wp\/v2\/pages\/20"}],"wp:attachment":[{"href":"https:\/\/www.isotildam.de\/index.php\/wp-json\/wp\/v2\/media?parent=45"}],"curies":[{"name":"wp","href":"https:\/\/api.w.org\/{rel}","templated":true}]}}