{"id":456,"date":"2020-03-20T15:43:16","date_gmt":"2020-03-20T14:43:16","guid":{"rendered":"https:\/\/web176.globalbases.com\/?page_id=456"},"modified":"2020-11-12T16:51:11","modified_gmt":"2020-11-12T15:51:11","slug":"zwei-achsiges-schraeglager-zur-aufnahme-der-horizontalen-kraeften","status":"publish","type":"page","link":"https:\/\/www.isotildam.de\/index.php\/produkte\/zwei-achsiges-schraeglager-zur-aufnahme-der-horizontalen-kraeften\/","title":{"rendered":"Zweiachsiges Schr\u00e4glager"},"content":{"rendered":"<h2 class=\"wp-block-heading\" id=\"zweiachsiges-schraeglager-zur-aufnahme-der-horizontalen-kraefte\">Zweiachsiges Schr\u00e4glager zur Aufnahme der horizontalen Kr\u00e4fte<\/h2>\n\n\n<div class=\"wp-block-image\"><figure class=\"alignright size-medium\"><img loading=\"lazy\" decoding=\"async\" width=\"300\" height=\"169\" src=\"https:\/\/www.isotildam.de\/wp-content\/uploads\/2020\/03\/1431-300x169.png\" alt=\"\" class=\"wp-image-1006\" srcset=\"https:\/\/www.isotildam.de\/wp-content\/uploads\/2020\/03\/1431-300x169.png 300w, https:\/\/www.isotildam.de\/wp-content\/uploads\/2020\/03\/1431-1024x577.png 1024w, https:\/\/www.isotildam.de\/wp-content\/uploads\/2020\/03\/1431-768x432.png 768w, https:\/\/www.isotildam.de\/wp-content\/uploads\/2020\/03\/1431-600x338.png 600w, https:\/\/www.isotildam.de\/wp-content\/uploads\/2020\/03\/1431.png 1149w\" sizes=\"auto, (max-width: 300px) 100vw, 300px\" \/><\/figure><\/div>\n\n\n\n<p class=\"wp-block-paragraph\">Unter einer definierten Druckbeanspruchung ist eine vertikale Eigenfrequenz f<sub>0v<\/sub> von herk\u00f6mmlichen Isolierplatten aus Elastomeren deutlich h\u00f6her als horizontale Eigenfrequenz. f<sub>0h<\/sub> Das Verh\u00e4ltnis zwischen der vertikalen Eigenfrequenz und der horizontalen Eigenfrequenz ist im Allgemeinen gr\u00f6\u00dfer als 3.\n<\/p>\n\n\n\n<p class=\"wp-block-paragraph\">Dies hei\u00dft, dass die horizontale dynamische \nSteifigkeit mehr als dreifach kleiner als die vertikale ist. Wird eine \nMaschine mit einer beweglichen Masse auf den herk\u00f6mmlichen \nElastomerplatten aufgestellt, verh\u00e4lt sich diese Maschine dynamisch \nnicht stabil. Daher gibt es beim Eilgang gewisse Einschr\u00e4nkungen, die \ndie Qualit\u00e4t und Produktivit\u00e4t der betroffenen Maschine negativ \nbeeinflussen. Solche Probleme k\u00f6nnen auch mit geeigneten horizontalen \nAbst\u00fctzungen gel\u00f6st werden. Jedoch ist eine solche L\u00f6sung mit einem \nh\u00f6heren technischen und wirtschaftlichen Aufwand zu realisieren. Sie hat\n auch bestimmte Nachteile: z.B. eine gr\u00f6\u00dfere Aufstellfl\u00e4che und ggf. \neine gr\u00f6\u00dfere \u00d6lwanne ist f\u00fcr diese Maschine erforderlich und \nStolpergefahr etc.\n<\/p>\n\n\n\n<figure class=\"wp-block-image size-large\"><img loading=\"lazy\" decoding=\"async\" width=\"1024\" height=\"768\" src=\"https:\/\/www.isotildam.de\/wp-content\/uploads\/2020\/10\/IMG_0787-1024x768.jpg\" alt=\"\" class=\"wp-image-6081\" srcset=\"https:\/\/www.isotildam.de\/wp-content\/uploads\/2020\/10\/IMG_0787-1024x768.jpg 1024w, https:\/\/www.isotildam.de\/wp-content\/uploads\/2020\/10\/IMG_0787-1536x1152.jpg 1536w, https:\/\/www.isotildam.de\/wp-content\/uploads\/2020\/10\/IMG_0787-2048x1536.jpg 2048w, https:\/\/www.isotildam.de\/wp-content\/uploads\/2020\/10\/IMG_0787-600x450.jpg 600w, https:\/\/www.isotildam.de\/wp-content\/uploads\/2020\/10\/IMG_0787-300x225.jpg 300w, https:\/\/www.isotildam.de\/wp-content\/uploads\/2020\/10\/IMG_0787-768x576.jpg 768w\" sizes=\"auto, (max-width: 1024px) 100vw, 1024px\" \/><figcaption>ISOLTILDAM Schr\u00e4glager ISL-XXL zur Aufstellung von Schmiedepressen, Stanzen und H\u00e4mmern.<\/figcaption><\/figure>\n\n\n\n<p class=\"wp-block-paragraph\"><em>ISOTILDAM Schr\u00e4glager ist ein sehr wirksames und optimales Element  zur Aufstellung von Werkzeugmaschinen aller Art, von Waschmaschinen, von  Pressen und Stanzen etc.. Die Vorteile von ISTD Schr\u00e4glager sind:<\/em><\/p>\n\n\n\n<ul class=\"wp-block-list\"><li>Einstellbare dynamische Eigenschaften, Anpassung an Maschinenanforderungen, gleiche vertikale und horizontale Steifigkeit ist m\u00f6glich, <\/li><li>Sehr hohe D\u00e4mpfung (20% bis 25%), hervorragende Schwingungs- und K\u00f6rperschallisolation sowie hervorragende Sto\u00dfisolation,<\/li><li>Verbesserung der dynamischen Verhalten der Maschinen, <\/li><li>Geringere dynamische Amplitude, insbesondere in horizontalen Richtungen,<\/li><li>Freie oder anschraubbare Aufstellung, integrierte Nivellierung <\/li><li>Bessere Oberfl\u00e4chenqualit\u00e4t <\/li><li>H\u00f6here Produktivit\u00e4t <\/li><li>Bessere Ma\u00dfgenauigkeit <\/li><li>Geringerer Verschlei\u00df und l\u00e4ngere Standzeit<\/li><\/ul>\n\n\n<h2 class=\"wp-block-heading\" id=\"datenblaetter\">Datenbl\u00e4tter<\/h2>\n\n<a href=\"https:\/\/www.isotildam.de\/wp-content\/uploads\/2020\/08\/Datenblatt_Schraeglager.pdf\" class=\"pdfemb-viewer\" style=\"\" data-width=\"max\" data-height=\"max\" data-toolbar=\"bottom\" data-toolbar-fixed=\"on\">Datenblatt_Schraeglager<\/a>\n<p class=\"wp-block-pdfemb-pdf-embedder-viewer\"><\/p>\n","protected":false},"excerpt":{"rendered":"<p>Zweiachsiges Schr\u00e4glager zur Aufnahme der horizontalen Kr\u00e4fte Unter einer definierten Druckbeanspruchung ist eine vertikale Eigenfrequenz f0v von herk\u00f6mmlichen Isolierplatten aus Elastomeren deutlich h\u00f6her als horizontale Eigenfrequenz. f0h Das Verh\u00e4ltnis zwischen der vertikalen Eigenfrequenz und der horizontalen Eigenfrequenz ist im Allgemeinen gr\u00f6\u00dfer als 3. Dies hei\u00dft, dass die horizontale dynamische Steifigkeit mehr als dreifach kleiner als [&hellip;]<\/p>\n","protected":false},"author":1,"featured_media":0,"parent":20,"menu_order":5,"comment_status":"closed","ping_status":"closed","template":"","meta":{"_crdt_document":"","footnotes":""},"class_list":["post-456","page","type-page","status-publish","hentry"],"_links":{"self":[{"href":"https:\/\/www.isotildam.de\/index.php\/wp-json\/wp\/v2\/pages\/456","targetHints":{"allow":["GET"]}}],"collection":[{"href":"https:\/\/www.isotildam.de\/index.php\/wp-json\/wp\/v2\/pages"}],"about":[{"href":"https:\/\/www.isotildam.de\/index.php\/wp-json\/wp\/v2\/types\/page"}],"author":[{"embeddable":true,"href":"https:\/\/www.isotildam.de\/index.php\/wp-json\/wp\/v2\/users\/1"}],"replies":[{"embeddable":true,"href":"https:\/\/www.isotildam.de\/index.php\/wp-json\/wp\/v2\/comments?post=456"}],"version-history":[{"count":0,"href":"https:\/\/www.isotildam.de\/index.php\/wp-json\/wp\/v2\/pages\/456\/revisions"}],"up":[{"embeddable":true,"href":"https:\/\/www.isotildam.de\/index.php\/wp-json\/wp\/v2\/pages\/20"}],"wp:attachment":[{"href":"https:\/\/www.isotildam.de\/index.php\/wp-json\/wp\/v2\/media?parent=456"}],"curies":[{"name":"wp","href":"https:\/\/api.w.org\/{rel}","templated":true}]}}