{"id":470,"date":"2020-03-23T09:43:46","date_gmt":"2020-03-23T08:43:46","guid":{"rendered":"https:\/\/web176.globalbases.com\/?page_id=470"},"modified":"2020-11-12T16:53:59","modified_gmt":"2020-11-12T15:53:59","slug":"pressenlagerungssysteme","status":"publish","type":"page","link":"https:\/\/www.isotildam.de\/index.php\/produkte\/pressenlagerungssysteme\/","title":{"rendered":"Pressenlagerungssysteme"},"content":{"rendered":"<h2 class=\"wp-block-heading\" id=\"pressenlagerungssysteme-zur-optimalen-aufstellung-von-umformmaschinen-pressen-schmiedepressen-haemmern-stanzen-scheren-schredder-zerbrecher-muehlen\">Pressenlagerungssysteme zur optimalen  Aufstellung von Umformmaschinen,  Pressen, Schmiedepressen, H\u00e4mmern,  Stanzen, Scheren, Schredder, Zerbrecher, M\u00fchlen<\/h2>\n\n\n<figure class=\"wp-block-gallery alignright columns-1 is-cropped wp-block-gallery-1 is-layout-flex wp-block-gallery-is-layout-flex\"><ul class=\"blocks-gallery-grid\"><li class=\"blocks-gallery-item\"><figure><img loading=\"lazy\" decoding=\"async\" width=\"300\" height=\"225\" src=\"https:\/\/www.isotildam.de\/wp-content\/uploads\/2020\/10\/Bild6-300x225.jpg\" alt=\"\" data-id=\"5908\" data-full-url=\"https:\/\/www.isotildam.de\/wp-content\/uploads\/2020\/10\/Bild6.jpg\" data-link=\"https:\/\/www.isotildam.de\/index.php\/produkte\/maschinenlagerungssysteme-zur-optimalen-aufstellen-von-maschinen-anlagen\/bild6\/\" class=\"wp-image-5908\" srcset=\"https:\/\/www.isotildam.de\/wp-content\/uploads\/2020\/10\/Bild6-300x225.jpg 300w, https:\/\/www.isotildam.de\/wp-content\/uploads\/2020\/10\/Bild6.jpg 487w\" sizes=\"auto, (max-width: 300px) 100vw, 300px\" \/><\/figure><\/li><li class=\"blocks-gallery-item\"><figure><img loading=\"lazy\" decoding=\"async\" width=\"300\" height=\"225\" src=\"https:\/\/www.isotildam.de\/wp-content\/uploads\/2020\/10\/Bild5-300x225.jpg\" alt=\"\" data-id=\"5907\" data-full-url=\"https:\/\/www.isotildam.de\/wp-content\/uploads\/2020\/10\/Bild5.jpg\" data-link=\"https:\/\/www.isotildam.de\/index.php\/produkte\/maschinenlagerungssysteme-zur-optimalen-aufstellen-von-maschinen-anlagen\/bild5\/\" class=\"wp-image-5907\" srcset=\"https:\/\/www.isotildam.de\/wp-content\/uploads\/2020\/10\/Bild5-300x225.jpg 300w, https:\/\/www.isotildam.de\/wp-content\/uploads\/2020\/10\/Bild5.jpg 454w\" sizes=\"auto, (max-width: 300px) 100vw, 300px\" \/><\/figure><\/li><li class=\"blocks-gallery-item\"><figure><img loading=\"lazy\" decoding=\"async\" width=\"295\" height=\"212\" src=\"https:\/\/www.isotildam.de\/wp-content\/uploads\/2020\/10\/Bild1.png\" alt=\"\" data-id=\"5889\" data-full-url=\"https:\/\/www.isotildam.de\/wp-content\/uploads\/2020\/10\/Bild1.png\" data-link=\"https:\/\/www.isotildam.de\/index.php\/forschung-und-entwicklung\/erdbebenschutz\/bild1\/\" class=\"wp-image-5889\"\/><\/figure><\/li><li class=\"blocks-gallery-item\"><figure><img loading=\"lazy\" decoding=\"async\" width=\"300\" height=\"225\" src=\"https:\/\/www.isotildam.de\/wp-content\/uploads\/2020\/11\/CIMG3639-300x225.jpg\" alt=\"\" data-id=\"6120\" data-full-url=\"https:\/\/www.isotildam.de\/wp-content\/uploads\/2020\/11\/CIMG3639.jpg\" data-link=\"https:\/\/www.isotildam.de\/cimg3639\/\" class=\"wp-image-6120\" srcset=\"https:\/\/www.isotildam.de\/wp-content\/uploads\/2020\/11\/CIMG3639-300x225.jpg 300w, https:\/\/www.isotildam.de\/wp-content\/uploads\/2020\/11\/CIMG3639-600x450.jpg 600w, https:\/\/www.isotildam.de\/wp-content\/uploads\/2020\/11\/CIMG3639.jpg 640w\" sizes=\"auto, (max-width: 300px) 100vw, 300px\" \/><\/figure><\/li><li class=\"blocks-gallery-item\"><figure><img loading=\"lazy\" decoding=\"async\" width=\"300\" height=\"225\" src=\"https:\/\/www.isotildam.de\/wp-content\/uploads\/2020\/11\/CIMG3809-300x225.jpg\" alt=\"\" data-id=\"6121\" data-full-url=\"https:\/\/www.isotildam.de\/wp-content\/uploads\/2020\/11\/CIMG3809.jpg\" data-link=\"https:\/\/www.isotildam.de\/cimg3809\/\" class=\"wp-image-6121\" srcset=\"https:\/\/www.isotildam.de\/wp-content\/uploads\/2020\/11\/CIMG3809-300x225.jpg 300w, https:\/\/www.isotildam.de\/wp-content\/uploads\/2020\/11\/CIMG3809-600x450.jpg 600w, https:\/\/www.isotildam.de\/wp-content\/uploads\/2020\/11\/CIMG3809.jpg 640w\" sizes=\"auto, (max-width: 300px) 100vw, 300px\" \/><\/figure><\/li><li class=\"blocks-gallery-item\"><figure><img loading=\"lazy\" decoding=\"async\" width=\"300\" height=\"225\" src=\"https:\/\/www.isotildam.de\/wp-content\/uploads\/2020\/11\/CIMG3659-300x225.jpg\" alt=\"\" data-id=\"6122\" data-full-url=\"https:\/\/www.isotildam.de\/wp-content\/uploads\/2020\/11\/CIMG3659.jpg\" data-link=\"https:\/\/www.isotildam.de\/cimg3659\/\" class=\"wp-image-6122\" srcset=\"https:\/\/www.isotildam.de\/wp-content\/uploads\/2020\/11\/CIMG3659-300x225.jpg 300w, https:\/\/www.isotildam.de\/wp-content\/uploads\/2020\/11\/CIMG3659-600x450.jpg 600w, https:\/\/www.isotildam.de\/wp-content\/uploads\/2020\/11\/CIMG3659.jpg 640w\" sizes=\"auto, (max-width: 300px) 100vw, 300px\" \/><\/figure><\/li><li class=\"blocks-gallery-item\"><figure><img loading=\"lazy\" decoding=\"async\" width=\"300\" height=\"225\" src=\"https:\/\/www.isotildam.de\/wp-content\/uploads\/2020\/11\/CIMG3592-300x225.jpg\" alt=\"\" data-id=\"6119\" data-full-url=\"https:\/\/www.isotildam.de\/wp-content\/uploads\/2020\/11\/CIMG3592.jpg\" data-link=\"https:\/\/www.isotildam.de\/index.php\/produkte\/pressenlagerungssysteme\/cimg3592\/\" class=\"wp-image-6119\" srcset=\"https:\/\/www.isotildam.de\/wp-content\/uploads\/2020\/11\/CIMG3592-300x225.jpg 300w, https:\/\/www.isotildam.de\/wp-content\/uploads\/2020\/11\/CIMG3592-600x450.jpg 600w, https:\/\/www.isotildam.de\/wp-content\/uploads\/2020\/11\/CIMG3592.jpg 640w\" sizes=\"auto, (max-width: 300px) 100vw, 300px\" \/><\/figure><\/li><\/ul><\/figure>\n\n\n\n<p class=\"wp-block-paragraph\">ISTD Pressenlagerungssysteme zur Aufstellung von  Umformmaschinen, Pressen, Stanzen, H\u00e4mmern, Scheren etc. bestehen aus  einem ISOTILDAM Isolierpaket, einer Druckverteilungsplatte, aus  Sicherungslaschen, Medienschutz und ggf. Zubeh\u00f6r zur Entkopplung der  Verankerungsschrauben. Diese Systeme werden individuell an Ihren  Maschinen unter Ber\u00fccksichtigung der statischen und dynamischen  Eigenschaften der betroffenen Maschine und des Aufstellortes dimensioniert. <\/p>\n\n\n\n<p class=\"wp-block-paragraph\">Beim Betrieb von Umformmaschinen, Pressen, Stanzen, H\u00e4mmern, Scheren entstehen Ersch\u00fctterungsemissionen, also zu  mechanischen Schwingungen des Bodens. Zur Reduzierung dieser  Schwingungen sind diese Maschinen schwingungsisoliert aufzustellen. Die Ursachen f\u00fcr die Schwingungen, die von diesen Maschinen  ausgehen, sind zu ber\u00fccksichtigen: <\/p>\n\n\n\n<ul class=\"wp-block-list\"><li>Massenkr\u00e4fte beim Pressvorgang durch die Bewegung von Stempeln, die in die Umgebung abgegeben werden, wenn die Pressen nicht schwingungsisoliert gelagert sind.<\/li><li>Die Rahmen der Pressen werden bei der Wirkung der Presskraft elastisch verformt, und beim Entlasten der Pressen schwingen die Rahmen aus. Dadurch treten auch Massenkr\u00e4fte auf, die von diesen Maschinen ausgehen und dann Bodenschwingungen hervorrufen.<\/li><li>Infolge der o. e. Massenkr\u00e4fte werden die Eigenfrequenzen des im Erdreich eingebetteten Pressenfundamentes angeregt, die insbesondere durch die Elastizit\u00e4t des Erdreiches und durch die Gr\u00f6\u00dfe der Fundamentfl\u00e4che bestimmt werden. Durch die Anregung der Eigenfrequenzen treten Schwingungsverst\u00e4rkungen und damit verst\u00e4rkte Emissionen von Schwingungen des Fundamentes auf. <\/li><\/ul>\n\n\n\n<p class=\"wp-block-paragraph\">Die Schwingungen, die von einer Presse ausgehen, \npflanzen sich im viskoelastischen Boden fort. Es ist bekannt, dass die \nTransmission (Weiterleitung von Ersch\u00fctterungen) auf dem \u00dcbertragungsweg\n zwischen Erreger und Empf\u00e4nger erheblich von geologischen \nVerh\u00e4ltnissen, vom Grundwasserstand u. a. abh\u00e4ngig ist. Hinzu kommen als\n Schwingungsverst\u00e4rkungen Hindernisse bei den Transmissionen, \nReflexionen an Einbauten im Gel\u00e4nde sowie fehlende Absorptionen bei \nharten Gebirgszonen. Durch Eigenfrequenzen von Bauwerken oder \nBauwerkskomponenten auf dem Transmissionsweg k\u00f6nnen zus\u00e4tzliche \nErregungen entstehen; die Ersch\u00fctterungen k\u00f6nnen also in einer Richtung \nverst\u00e4rkt werden. Diese verst\u00e4rkten Bodenbewegungen wirken sich dann auf\n ein Geb\u00e4ude oder auf ein empfindliches Ger\u00e4t als Fu\u00dfpunkterregungen \naus. Ferner werden die Schwingungen in einem Geb\u00e4ude oder in einem \nempfindlichen Ger\u00e4t zus\u00e4tzlich verst\u00e4rkt, da ein Geb\u00e4ude oder ein \nempfindliches Ger\u00e4t mit seinen dynamischen Eigenschaften ein \nschwingungsf\u00e4higes System ist. Um die Schwingungen schon bei ihrer \nQuelle (hier Presse) zu reduzieren, m\u00fcssen Pressen schwingungsisoliert \naufgestellt werden.\n<\/p>\n\n\n\n<p class=\"wp-block-paragraph\">Zur Dimensionierung einer Schwingungsisolation f\u00fcr eine Umformmaschinen sollen die folgenden Daten bekannt sein:\n<\/p>\n\n\n\n<ul class=\"wp-block-list\"><li>Gesamtmasse der schwingungsisoliert aufzustellenden Umformmaschine <\/li><li>Gr\u00f6\u00dfe der beweglichen Massen <\/li><li>Au\u00dfenabmessungen der Umformmaschine <\/li><li>Schwerpunktlage der Umformmaschine <\/li><li>Vorhandene Auflagefl\u00e4chen unter der Umformmaschine <\/li><li>Gew\u00fcnschter Isolationsgrad <\/li><li>maximal zugelassene vertikale und horizontale Amplitude der schwingungsisoliert aufgestellten Umformmaschine <\/li><li>Erregerfrequenz bzw. st\u00f6render Frequenzbereich. <\/li><\/ul>\n\n\n\n<p class=\"wp-block-paragraph\">Gegebenenfalls sollten die dynamischen Eigenschaften\n des betreffenden Baugrundes zur Verf\u00fcgung gestellt werden. Liegen diese\n Bodeneigenschaften nicht vor, m\u00fcssen messtechnische Untersuchungen auf \ndem Grundst\u00fcck durchgef\u00fchrt werden, auf dem eine Presse aufgestellt \nwird.\n<\/p>\n\n\n\n<p class=\"wp-block-paragraph\">Bei Betrieb einer Umformmaschine entstehen sto\u00dfartige, also breitbandige Erregung. Zur Reduzierung der Schwingungen, die von dieser Maschine ausgehen, ist eine Quellenisolierung erforderlich. Bei dieser Quellenisolation infolge der breitbandigen Erregung gibt es immer einen Verst\u00e4rkungs- und einen Isolationsbereich. Die Verst\u00e4rkungen entstehen in der Umgebung der  Lagerungseigenfrequenz. Zur Begrenzung der Amplituden in der Umgebung der Lagerungseigenfrequenz ist eine ausreichende D\u00e4mpfung erforderlich. Eine Presse ist ein schwingungsf\u00e4higes System und hat meistens au\u00dfermittige Schwerpunkte. Daher sind &nbsp;die statischen und dynamischen  Auflagekr\u00e4fte rechnerisch zu ermitteln. Da die Presskraft nicht zu 100% ausgenutzt wird und Massenkr\u00e4fte beim Umformvorgang entstehen, gibt es  immer Restkr\u00e4fte, die von den Maschinen nach au\u00dfen gehen und  Schwingungen hervorrufen. Bei der Auslegung der Schwingungsisolierung  f\u00fcr eine Umformmaschine sollen die statischen und dynamischen Eigenschaften des Fundamentes auf dem viskoelastischen Boden bei einer  nicht unterkellerten Aufstellung und der Decke bei einer Stockwerkaufstellung bzw. bei einer unterkellerten Aufstellung  ber\u00fccksichtigt werden. Nur so kann die gew\u00fcnschte Schwingungsisolation mit einer Schonung von Pressen erreicht werden. Damit die Zu- und  Abf\u00fchrungen, Peripherie, Kabel- und Rohrverbindungen nicht gerissen werden, d\u00fcrfen die dynamischen Amplituden die zul\u00e4ssigen Amplituden einer schwingungsisoliert aufgestellten Umformmaschine nicht  \u00fcberschreiten. Zur Vermeidung der St\u00f6rungen in der Umgebung der  Umformmaschinen sind die dynamischen Eigenschaften von B\u00fcros, Geb\u00e4uden bzw. von Maschinen vorher zu ermitteln, bevor eine Schwingungsisolierung f\u00fcr diese Umformmaschine ausgelegt wird. Bei einer Umformmaschine entstehen immer R\u00fcckstellkr\u00e4fte, die die Lebensdauer von Umformmaschinen und deren Teile, insbesondere elektronische Teile beeinflussen. Daher  sollen diese R\u00fcckstellkr\u00e4fte und die dynamischen Amplituden in den  zul\u00e4ssigen Bereichen bleiben. Wir haben uns dies zur Aufgabe gemacht und ISTD Pressenlagerungssysteme entwickelt, so dass die oben beschriebenen Anforderungen an Isolationselemente f\u00fcr Pressen bestens erf\u00fcllt werden.   <\/p>\n\n\n\n<p class=\"wp-block-paragraph\">Soll eine Umformmaschine, Presse, Stanze etc. schwingungsisoliert aufgestellt werden, \u00fcbersenden Sie uns die  Maschinendaten, damit wir f\u00fcr Sie ISTD Pressenlagerungssysteme  dimensionieren und z\u00fcgig liefern k\u00f6nnen. <\/p>\n\n\n\n<p class=\"wp-block-paragraph\"><strong>Vorteile der ISTD Pressenlagerungssysteme:<\/strong><\/p>\n\n\n\n<ul class=\"wp-block-list\"><li>Reduzierung der dynamischen Beanspruchungen und der dynamischen Amplituden von Umformmaschinen und ihrer Komponenten (z. B. Elektronik, Zu- und Abf\u00fchrungen Verankerungsschrauben) <\/li><li>Reduzierung der \u00dcbertragung von Ersch\u00fctterungen an die Umgebung (Geb\u00e4ude, Werkzeugmaschinen, Nachbarn, B\u00fcros) <\/li><li>Optimierung der Maschinen gegen\u00fcber Ersch\u00fctterungseinwirkungen.  Verbesserte Qualit\u00e4t, Maschinenleistung und Werkzeugstandzeiten infolge Reduktion von Prellschwingungen und R\u00fcckstellkr\u00e4fte <\/li><li>Reduzierung der Kippbewegungen durch optimale Auslegung von ISTD Pressenlagerungssystemen unter Ber\u00fccksichtigung der statischen und dynamischen Auflagekr\u00e4fte <\/li><li>Verbesserung der Arbeitsgenauigkeit der Maschinen durch \u00c4nderung ihrer dynamischen Eigenschaften. Bessere Arbeitsbedingungen f\u00fcr Mensch und Maschine. <\/li><li>Erh\u00f6hung der Produktivit\u00e4t durch Erm\u00f6glichung der h\u00f6heren Hubzahlen der Pressen, insbesondere der Schnelll\u00e4ufer <\/li><li>Geringere Bauh\u00f6he, wartungsfrei <\/li><li>sehr hohes Preis-\/Leistungsverh\u00e4ltnis <\/li><li>kein zus\u00e4tzlicher Stahlrahmen insbesondere bei der Aufstellung von Schmiedepressen, dadurch geringere Kosten und geringerer Platzbedarf <\/li><li>hohe D\u00e4mpfung und tiefe Eigenfrequenz, trotzdem sehr hohe Niveaustabilit\u00e4t <\/li><li>ggf. Nivellierung von Umformmaschinen durch Integration von ISOTILDAM\u2013IKS &#8211; Maschinenschuhen <\/li><\/ul>\n","protected":false},"excerpt":{"rendered":"<p>Pressenlagerungssysteme zur optimalen Aufstellung von Umformmaschinen, Pressen, Schmiedepressen, H\u00e4mmern, Stanzen, Scheren, Schredder, Zerbrecher, M\u00fchlen ISTD Pressenlagerungssysteme zur Aufstellung von Umformmaschinen, Pressen, Stanzen, H\u00e4mmern, Scheren etc. bestehen aus einem ISOTILDAM Isolierpaket, einer Druckverteilungsplatte, aus Sicherungslaschen, Medienschutz und ggf. Zubeh\u00f6r zur Entkopplung der Verankerungsschrauben. Diese Systeme werden individuell an Ihren Maschinen unter Ber\u00fccksichtigung der statischen und dynamischen [&hellip;]<\/p>\n","protected":false},"author":1,"featured_media":0,"parent":20,"menu_order":6,"comment_status":"closed","ping_status":"closed","template":"","meta":{"_crdt_document":"","footnotes":""},"class_list":["post-470","page","type-page","status-publish","hentry"],"_links":{"self":[{"href":"https:\/\/www.isotildam.de\/index.php\/wp-json\/wp\/v2\/pages\/470","targetHints":{"allow":["GET"]}}],"collection":[{"href":"https:\/\/www.isotildam.de\/index.php\/wp-json\/wp\/v2\/pages"}],"about":[{"href":"https:\/\/www.isotildam.de\/index.php\/wp-json\/wp\/v2\/types\/page"}],"author":[{"embeddable":true,"href":"https:\/\/www.isotildam.de\/index.php\/wp-json\/wp\/v2\/users\/1"}],"replies":[{"embeddable":true,"href":"https:\/\/www.isotildam.de\/index.php\/wp-json\/wp\/v2\/comments?post=470"}],"version-history":[{"count":0,"href":"https:\/\/www.isotildam.de\/index.php\/wp-json\/wp\/v2\/pages\/470\/revisions"}],"up":[{"embeddable":true,"href":"https:\/\/www.isotildam.de\/index.php\/wp-json\/wp\/v2\/pages\/20"}],"wp:attachment":[{"href":"https:\/\/www.isotildam.de\/index.php\/wp-json\/wp\/v2\/media?parent=470"}],"curies":[{"name":"wp","href":"https:\/\/api.w.org\/{rel}","templated":true}]}}