{"id":483,"date":"2020-03-23T09:56:30","date_gmt":"2020-03-23T08:56:30","guid":{"rendered":"https:\/\/web176.globalbases.com\/?page_id=483"},"modified":"2021-07-03T11:37:33","modified_gmt":"2021-07-03T09:37:33","slug":"fundamentisolierung","status":"publish","type":"page","link":"https:\/\/www.isotildam.de\/index.php\/produkte\/fundamentisolierung\/","title":{"rendered":"Fundamentisolierung"},"content":{"rendered":"\n<h2 class=\"wp-block-heading\" id=\"fundamentisolierung-oberirdisch-und-unterirdisch-zur-reduzierung-von-schwingungen-und-zur-versteifung-von-maschinen\">Fundamentisolierung, oberirdisch und unterirdisch zur Reduzierung von Schwingungen und zur Versteifung von Maschinen<\/h2>\n\n\n\n<div class=\"wp-block-image\"><figure class=\"alignright size-large is-resized\"><img loading=\"lazy\" decoding=\"async\" src=\"https:\/\/www.isotildam.de\/wp-content\/uploads\/2020\/10\/Bild7.png\" alt=\"\" class=\"wp-image-5911\" width=\"396\" height=\"212\" srcset=\"https:\/\/www.isotildam.de\/wp-content\/uploads\/2020\/10\/Bild7.png 792w, https:\/\/www.isotildam.de\/wp-content\/uploads\/2020\/10\/Bild7-600x321.png 600w, https:\/\/www.isotildam.de\/wp-content\/uploads\/2020\/10\/Bild7-300x161.png 300w, https:\/\/www.isotildam.de\/wp-content\/uploads\/2020\/10\/Bild7-768x411.png 768w\" sizes=\"auto, (max-width: 396px) 100vw, 396px\" \/><\/figure><\/div>\n\n\n\n<p class=\"wp-block-paragraph\">Zur Dimensionierung bzw. Realisierung einer optimal wirksamen Schwingungsisolation m\u00fcssen mehrere Voraussetzungen erf\u00fcllt werden. Die wichtigsten Voraussetzungen u. a. daf\u00fcr sind: <\/p>\n\n\n\n<ul class=\"wp-block-list\"><li>Untergrund (Aufstellort) muss theoretisch unendlich und praktisch ausreichend steif sein. <\/li><li>Die elastisch aufzustellende Maschine darf keine Eigenfrequenz in dem betrachteten Frequenzbereich haben. Dieses Objekt kann dann als starrer K\u00f6rper betrachtet werden. <\/li><\/ul>\n\n\n\n<p class=\"wp-block-paragraph\">Bei langen Maschinen, z. B. Druckmaschinen und aber auch bei vielen Werkzeugmaschinen k\u00f6nnen diese Voraussetzungen, insbesondere 2. Voraussetzung nicht erf\u00fcllt werden, da diese Maschinen nicht ausreichend steif sind. Zur schwingungsisolierten Aufstellung solcher Maschinen wird ein schwingungsisoliert gelagertes Fundament verwendet. Die Maschine wird dann auf diesem Fundament mittels Keilschuhen starr aufgestellt. Durch das Fundament (Zusatzmasse) wird die Masse, die schwingungsisoliert aufzustellen ist, vergr\u00f6\u00dfert. Die Vorteile dieser Zusatzmasse sind je nach Maschinenart und -gr\u00f6\u00dfe von entscheidender Bedeutung. Mit einer Zusatzmasse bei gleichbleibender Steifigkeit wird die Lagerungseigenfrequenz kleiner. Damit wird die Isolation etwas besser. Jedoch wird der D\u00e4mpfungsgrad mit zunehmender Masse kleiner, da die D\u00e4mpfungskoeffizienten und Steifigkeiten gleich geblieben sind. Mit einem Fundament wird <\/p>\n\n\n\n<ul class=\"wp-block-list\"><li>Eigenfrequenz der Lagerung klein (dies auch \u00fcber k klein erreichbar) <\/li><li>Maschine ruhiger bei der Betriebsdrehzahl <\/li><li>die Maschine steifer. <\/li><\/ul>\n\n\n\n<p class=\"wp-block-paragraph\">Durch eine Zusatzmasse und Zusatzfeder bei der gleich bleibenden Eigenkreisfrequenz werden die folgenden Verbesserungen beim dynamischen Verhalten einer schwingungsisoliert aufgestellten Maschine erreicht, obwohl dadurch der Isolationsgrad unver\u00e4ndert bleibt. Die Vorteile sind: <\/p>\n\n\n\n<ul class=\"wp-block-list\"><li>Die Zusatzmasse f\u00fchrt zu einer weiteren Versteifung der Maschine. <\/li><li>Angeschlossene Elemente werden mechanisch weniger beansprucht.<\/li><li>Es wirken geringere Massenkr\u00e4fte auf die Komponenten der Maschine. <\/li><li>Die  dynamischen Amplituden der Maschine werden kleiner. Damit &nbsp;werden die  elektronischen Maschinen- und Steuerungskomponenten geschont.<\/li><li>Die dynamische Beanspruchung ist geringer. Somit wird der Verschlei\u00df von Maschinenkomponenten reduziert. <\/li><li>In  den meisten F\u00e4llen ist eine freie Aufstellung der Maschinen auf dem o.  e. Fundament mittels Keilschuhe, best\u00fcckt mit Antirutschplatten m\u00f6glich.<\/li><li>Die Fertigungsqualit\u00e4t wird erh\u00f6ht.<\/li><li>Die reduzierten Montagekosten f\u00fchren zu wirtschaftlichen Vorteilen. <\/li><\/ul>\n","protected":false},"excerpt":{"rendered":"<p>Fundamentisolierung, oberirdisch und unterirdisch zur Reduzierung von Schwingungen und zur Versteifung von Maschinen Zur Dimensionierung bzw. Realisierung einer optimal wirksamen Schwingungsisolation m\u00fcssen mehrere Voraussetzungen erf\u00fcllt werden. Die wichtigsten Voraussetzungen u. a. daf\u00fcr sind: Untergrund (Aufstellort) muss theoretisch unendlich und praktisch ausreichend steif sein. Die elastisch aufzustellende Maschine darf keine Eigenfrequenz in dem betrachteten Frequenzbereich haben. [&hellip;]<\/p>\n","protected":false},"author":1,"featured_media":0,"parent":20,"menu_order":7,"comment_status":"closed","ping_status":"closed","template":"","meta":{"_crdt_document":"","footnotes":""},"class_list":["post-483","page","type-page","status-publish","hentry"],"_links":{"self":[{"href":"https:\/\/www.isotildam.de\/index.php\/wp-json\/wp\/v2\/pages\/483","targetHints":{"allow":["GET"]}}],"collection":[{"href":"https:\/\/www.isotildam.de\/index.php\/wp-json\/wp\/v2\/pages"}],"about":[{"href":"https:\/\/www.isotildam.de\/index.php\/wp-json\/wp\/v2\/types\/page"}],"author":[{"embeddable":true,"href":"https:\/\/www.isotildam.de\/index.php\/wp-json\/wp\/v2\/users\/1"}],"replies":[{"embeddable":true,"href":"https:\/\/www.isotildam.de\/index.php\/wp-json\/wp\/v2\/comments?post=483"}],"version-history":[{"count":1,"href":"https:\/\/www.isotildam.de\/index.php\/wp-json\/wp\/v2\/pages\/483\/revisions"}],"predecessor-version":[{"id":6396,"href":"https:\/\/www.isotildam.de\/index.php\/wp-json\/wp\/v2\/pages\/483\/revisions\/6396"}],"up":[{"embeddable":true,"href":"https:\/\/www.isotildam.de\/index.php\/wp-json\/wp\/v2\/pages\/20"}],"wp:attachment":[{"href":"https:\/\/www.isotildam.de\/index.php\/wp-json\/wp\/v2\/media?parent=483"}],"curies":[{"name":"wp","href":"https:\/\/api.w.org\/{rel}","templated":true}]}}