{"id":490,"date":"2020-03-23T10:02:30","date_gmt":"2020-03-23T09:02:30","guid":{"rendered":"https:\/\/web176.globalbases.com\/?page_id=490"},"modified":"2021-07-03T11:45:34","modified_gmt":"2021-07-03T09:45:34","slug":"schwingungstilger","status":"publish","type":"page","link":"https:\/\/www.isotildam.de\/index.php\/produkte\/schwingungstilger\/","title":{"rendered":"Schwingungstilger"},"content":{"rendered":"<h2 class=\"wp-block-heading\" id=\"schwingungstilger-zur-reduzierung-der-schwingungen-von-maschinen-anlagen-geraeten-und-gebaeuden\">Schwingungstilger zur Reduzierung der Schwingungen von Maschinen, Anlagen, Ger\u00e4ten und Geb\u00e4uden<\/h2>\n\n\n<figure class=\"wp-block-gallery alignright columns-1 is-cropped wp-block-gallery-1 is-layout-flex wp-block-gallery-is-layout-flex\"><ul class=\"blocks-gallery-grid\"><li class=\"blocks-gallery-item\"><figure><img loading=\"lazy\" decoding=\"async\" width=\"137\" height=\"142\" src=\"https:\/\/www.isotildam.de\/wp-content\/uploads\/2020\/10\/Bild8.png\" alt=\"\" data-id=\"5915\" data-full-url=\"https:\/\/www.isotildam.de\/wp-content\/uploads\/2020\/10\/Bild8.png\" data-link=\"https:\/\/www.isotildam.de\/index.php\/produkte\/schwingungstilger\/bild8\/\" class=\"wp-image-5915\"\/><\/figure><\/li><li class=\"blocks-gallery-item\"><figure><img loading=\"lazy\" decoding=\"async\" width=\"389\" height=\"272\" src=\"https:\/\/www.isotildam.de\/wp-content\/uploads\/2020\/10\/Bild9.jpg\" alt=\"\" data-id=\"5920\" data-full-url=\"https:\/\/www.isotildam.de\/wp-content\/uploads\/2020\/10\/Bild9.jpg\" data-link=\"https:\/\/www.isotildam.de\/index.php\/produkte\/schwingungstilger\/bild9\/\" class=\"wp-image-5920\" srcset=\"https:\/\/www.isotildam.de\/wp-content\/uploads\/2020\/10\/Bild9.jpg 389w, https:\/\/www.isotildam.de\/wp-content\/uploads\/2020\/10\/Bild9-300x210.jpg 300w\" sizes=\"auto, (max-width: 389px) 100vw, 389px\" \/><\/figure><\/li><\/ul><\/figure>\n\n\n\n<p class=\"wp-block-paragraph\">Schwingungstilgung ist eine Reduzierung von Schwingungen unter eingeschr\u00e4nkten Bedingungen. Der Effekt der Schwingungstilgung an einem schwingungsf\u00e4higen System wird durch die Ankopplung einer Zusatzmasse und einer Steifigkeit erreicht. Schwingungstilgung ist auch eine Massenkraftkompensation, wobei die Massenkr\u00e4fte an einer Zusatzmasse  entstehen. Der Tilgereffekt f\u00fchrt innerhalb der Resonanzkurve des Hauptsystems zu einer Schwingungsreduzierung, au\u00dferhalb des Resonanzbereiches zu einer Verst\u00e4rkung der Amplituden. Die Gr\u00f6\u00dfe dieser Amplituden kann durch D\u00e4mpfung begrenzt werden, wobei die Amplitude des Hauptsystems in der Umgebung des Tilgerpunktes mit zunehmender D\u00e4mpfung gr\u00f6\u00dfer wird. In der Praxis ist die Dimensionierung eines ged\u00e4mpften Tilgers deshalb immer eine Optimierungsaufgabe, die ausf\u00fchrliche Messtechnik bzw. Analyse voraussetzt.<\/p>\n\n\n\n<p class=\"wp-block-paragraph\">Durch einen ged\u00e4mpften Tilger eines schwingungsf\u00e4higen Systems, z. B. eines Getriebes konnten die Schwingungen und K\u00f6rperschallschwingungen um den Faktor 2,5 reduziert werden.<\/p>\n\n\n\n<div class=\"wp-block-image\"><figure class=\"aligncenter size-large\"><img loading=\"lazy\" decoding=\"async\" width=\"537\" height=\"367\" src=\"https:\/\/www.isotildam.de\/wp-content\/uploads\/2020\/11\/Bild2.png\" alt=\"\" class=\"wp-image-6129\" srcset=\"https:\/\/www.isotildam.de\/wp-content\/uploads\/2020\/11\/Bild2.png 537w, https:\/\/www.isotildam.de\/wp-content\/uploads\/2020\/11\/Bild2-300x205.png 300w\" sizes=\"auto, (max-width: 537px) 100vw, 537px\" \/><\/figure><\/div>\n\n\n\n<p class=\"wp-block-paragraph\">a) Ged\u00e4pfter Schwingungstilger<br>b) berechnete Amplitudenfrequenzg\u00e4nge dieses Tilgers<br>c) Amplitudenspektren des Getriebes ohne und mit dem ged\u00e4mpften Tilger<\/p>\n\n\n\n<div class=\"wp-block-image\"><figure class=\"aligncenter size-full\"><img loading=\"lazy\" decoding=\"async\" width=\"874\" height=\"578\" src=\"https:\/\/www.isotildam.de\/wp-content\/uploads\/2020\/11\/Bild3.png\" alt=\"\" class=\"wp-image-6142\" srcset=\"https:\/\/www.isotildam.de\/wp-content\/uploads\/2020\/11\/Bild3.png 874w, https:\/\/www.isotildam.de\/wp-content\/uploads\/2020\/11\/Bild3-600x397.png 600w, https:\/\/www.isotildam.de\/wp-content\/uploads\/2020\/11\/Bild3-300x198.png 300w, https:\/\/www.isotildam.de\/wp-content\/uploads\/2020\/11\/Bild3-768x508.png 768w\" sizes=\"auto, (max-width: 874px) 100vw, 874px\" \/><\/figure><\/div>\n","protected":false},"excerpt":{"rendered":"<p>Schwingungstilger zur Reduzierung der Schwingungen von Maschinen, Anlagen, Ger\u00e4ten und Geb\u00e4uden Schwingungstilgung ist eine Reduzierung von Schwingungen unter eingeschr\u00e4nkten Bedingungen. Der Effekt der Schwingungstilgung an einem schwingungsf\u00e4higen System wird durch die Ankopplung einer Zusatzmasse und einer Steifigkeit erreicht. Schwingungstilgung ist auch eine Massenkraftkompensation, wobei die Massenkr\u00e4fte an einer Zusatzmasse entstehen. Der Tilgereffekt f\u00fchrt innerhalb der [&hellip;]<\/p>\n","protected":false},"author":1,"featured_media":0,"parent":20,"menu_order":9,"comment_status":"closed","ping_status":"closed","template":"","meta":{"_crdt_document":"","footnotes":""},"class_list":["post-490","page","type-page","status-publish","hentry"],"_links":{"self":[{"href":"https:\/\/www.isotildam.de\/index.php\/wp-json\/wp\/v2\/pages\/490","targetHints":{"allow":["GET"]}}],"collection":[{"href":"https:\/\/www.isotildam.de\/index.php\/wp-json\/wp\/v2\/pages"}],"about":[{"href":"https:\/\/www.isotildam.de\/index.php\/wp-json\/wp\/v2\/types\/page"}],"author":[{"embeddable":true,"href":"https:\/\/www.isotildam.de\/index.php\/wp-json\/wp\/v2\/users\/1"}],"replies":[{"embeddable":true,"href":"https:\/\/www.isotildam.de\/index.php\/wp-json\/wp\/v2\/comments?post=490"}],"version-history":[{"count":2,"href":"https:\/\/www.isotildam.de\/index.php\/wp-json\/wp\/v2\/pages\/490\/revisions"}],"predecessor-version":[{"id":6412,"href":"https:\/\/www.isotildam.de\/index.php\/wp-json\/wp\/v2\/pages\/490\/revisions\/6412"}],"up":[{"embeddable":true,"href":"https:\/\/www.isotildam.de\/index.php\/wp-json\/wp\/v2\/pages\/20"}],"wp:attachment":[{"href":"https:\/\/www.isotildam.de\/index.php\/wp-json\/wp\/v2\/media?parent=490"}],"curies":[{"name":"wp","href":"https:\/\/api.w.org\/{rel}","templated":true}]}}