{"id":492,"date":"2020-03-23T10:03:59","date_gmt":"2020-03-23T09:03:59","guid":{"rendered":"https:\/\/web176.globalbases.com\/?page_id=492"},"modified":"2021-07-03T11:38:27","modified_gmt":"2021-07-03T09:38:27","slug":"schwingungsdaempfer-und-daempfungselemente-zur-reduzierung","status":"publish","type":"page","link":"https:\/\/www.isotildam.de\/index.php\/produkte\/schwingungsdaempfer-und-daempfungselemente-zur-reduzierung\/","title":{"rendered":"Schwingungsd\u00e4mpfer und D\u00e4mpfungselemente zur Reduzierung"},"content":{"rendered":"\n<figure class=\"wp-block-gallery alignright columns-1 is-cropped wp-block-gallery-1 is-layout-flex wp-block-gallery-is-layout-flex\"><ul class=\"blocks-gallery-grid\"><li class=\"blocks-gallery-item\"><figure><img loading=\"lazy\" decoding=\"async\" width=\"150\" height=\"150\" src=\"https:\/\/www.isotildam.de\/wp-content\/uploads\/2020\/10\/IMG_0070-150x150.png\" alt=\"\" data-id=\"5292\" data-full-url=\"https:\/\/web176.globalbases.com\/wp-content\/uploads\/2020\/10\/IMG_0070.png\" data-link=\"https:\/\/web176.globalbases.com\/img_0070\/\" class=\"wp-image-5292\" srcset=\"https:\/\/www.isotildam.de\/wp-content\/uploads\/2020\/10\/IMG_0070-150x150.png 150w, https:\/\/www.isotildam.de\/wp-content\/uploads\/2020\/10\/IMG_0070-300x300.png 300w, https:\/\/www.isotildam.de\/wp-content\/uploads\/2020\/10\/IMG_0070-100x100.png 100w\" sizes=\"auto, (max-width: 150px) 100vw, 150px\" \/><\/figure><\/li><li class=\"blocks-gallery-item\"><figure><img loading=\"lazy\" decoding=\"async\" width=\"150\" height=\"150\" src=\"https:\/\/www.isotildam.de\/wp-content\/uploads\/2020\/10\/IMG_0074-150x150.png\" alt=\"\" data-id=\"5300\" data-full-url=\"https:\/\/web176.globalbases.com\/wp-content\/uploads\/2020\/10\/IMG_0074.png\" data-link=\"https:\/\/web176.globalbases.com\/img_0074\/\" class=\"wp-image-5300\" srcset=\"https:\/\/www.isotildam.de\/wp-content\/uploads\/2020\/10\/IMG_0074-150x150.png 150w, https:\/\/www.isotildam.de\/wp-content\/uploads\/2020\/10\/IMG_0074-300x300.png 300w, https:\/\/www.isotildam.de\/wp-content\/uploads\/2020\/10\/IMG_0074-100x100.png 100w\" sizes=\"auto, (max-width: 150px) 100vw, 150px\" \/><\/figure><\/li><li class=\"blocks-gallery-item\"><figure><img loading=\"lazy\" decoding=\"async\" width=\"150\" height=\"150\" src=\"https:\/\/www.isotildam.de\/wp-content\/uploads\/2020\/10\/Bild4-150x150.png\" alt=\"\" data-id=\"5898\" data-full-url=\"https:\/\/web176.globalbases.com\/wp-content\/uploads\/2020\/10\/Bild4.png\" data-link=\"https:\/\/web176.globalbases.com\/index.php\/produkte\/schwingungsisolierpakete\/bild4\/\" class=\"wp-image-5898\" srcset=\"https:\/\/www.isotildam.de\/wp-content\/uploads\/2020\/10\/Bild4-150x150.png 150w, https:\/\/www.isotildam.de\/wp-content\/uploads\/2020\/10\/Bild4-100x100.png 100w\" sizes=\"auto, (max-width: 150px) 100vw, 150px\" \/><\/figure><\/li><\/ul><\/figure>\n\n\n\n<p class=\"wp-block-paragraph\">Unsere Elastomerplatten EPL30G, EPL30P, EPL35G und EPL35P haben eine sehr hohe D\u00e4mpfungswirkung (bis zu 25%). Auch unsere Elastomerpakete (z. B. EPK30G-4) haben einen sehr hohen D\u00e4mpfungsgrad (25%).<\/p>\n\n\n\n<p class=\"wp-block-paragraph\">Eine Maschine ist mit ihren Biege- und  Torsionseigenfrequenzen ein schwingungsf\u00e4higes System. Unter  Ber\u00fccksichtigung der dynamischen Eigenschaften kann eine Maschine auf  speziellen ISOTILDAM D\u00e4mpfungselementen mit hoher D\u00e4mpfung so gelagert  werden, dass neben der gew\u00fcnschten Schwingungsisolierung das dynamische  Verhalten der Maschine vorteilhaft beeinflusst wird, mit dem Ziel, das  Eigenschwingverhalten der Maschine deutlich zu verbessern. Die ISOTILDAM  D\u00e4mpfungselemente bestehen aus hochged\u00e4mpften Elastomeren. Dazu k\u00f6nnen  eine Druckverteilungsplatte und ein Nivellierelement sowie Schrauben und  Schraubenentkopplungselemente verwendet werden, um die geeignete  Vorspannung und damit optimale D\u00e4mpfung erreichen zu k\u00f6nnen. <\/p>\n\n\n\n<p class=\"wp-block-paragraph\">Die hierf\u00fcr speziell ausgelegten Elemente wirken auf\n ein schwingungsf\u00e4higes System global. Durch die richtigen \nLagerungselemente kann das dynamische Verhalten einer Maschine beruhigt \nwerden. Obwohl die Resonanzstellen einer Maschine bei h\u00f6heren Frequenzen\n als die Lagerungseigenfrequenz liegen, k\u00f6nnen die Amplituden durch die \nrichtig ausgew\u00e4hlten Elemente erheblich reduziert werden. Um eine solche\n Abhilfema\u00dfnahme optimal auslegen zu k\u00f6nnen, m\u00fcssen die dynamischen \nEigenschaften der betroffenen Maschine und des Aufstellortes bekannt \nsein. Durch Erh\u00f6hung der D\u00e4mpfung der Maschinenstrukturen wird die \nBewegungsenergie von Maschinen in eine andere Energieform umgewandelt. \n<\/p>\n\n\n\n<p class=\"wp-block-paragraph\">Unter D\u00e4mpfung wird die Umwandlung von Bewegungsenergie in andere, f\u00fcr das Schwingungssystem nicht mehr relevante Eigenformen, oder Wegf\u00fchren von Energie au\u00dferhalb der betrachteten Grenze des Schwingungssystems verstanden. Beides kann mit dem  Begriff \u201cEnergiedissipation\u201c (Energieabstrahlung) beschrieben werden. <\/p>\n\n\n\n<p class=\"wp-block-paragraph\">Im Allgemeinen wird davon ausgegangen, dass durch Erh\u00f6hung der D\u00e4mpfung eine Reduzierung der Schwingungsamplituden oder  eine Verbesserung der Schwingungsverh\u00e4ltnisse erreicht wird. Jedoch gilt  diese Aussage nicht allgemein. Durch Erh\u00f6hung der D\u00e4mpfung k\u00f6nnen die  Schwingungsamplituden in einem System auch deutlich gr\u00f6\u00dfer werden. Im Bereich des Tilgerpunktes und im Bereich der Isolierung werden die Amplituden der Schwingungen durch zunehmende D\u00e4mpfung gr\u00f6\u00dfer werden.<\/p>\n\n\n<h2 class=\"wp-block-heading\" id=\"datenblaetter\">Datenbl\u00e4tter<\/h2>\n\n<a href=\"https:\/\/www.isotildam.de\/wp-content\/uploads\/2020\/10\/EPL30G-Eigenfrequenzen-und-Daempfungsgrade.pdf\" class=\"pdfemb-viewer\" style=\"\" data-width=\"max\" data-height=\"max\" data-toolbar=\"bottom\" data-toolbar-fixed=\"on\">EPL30G-Eigenfrequenzen-und-Daempfungsgrade<\/a>\n<p class=\"wp-block-pdfemb-pdf-embedder-viewer\"><\/p>\n","protected":false},"excerpt":{"rendered":"<p>Unsere Elastomerplatten EPL30G, EPL30P, EPL35G und EPL35P haben eine sehr hohe D\u00e4mpfungswirkung (bis zu 25%). Auch unsere Elastomerpakete (z. B. EPK30G-4) haben einen sehr hohen D\u00e4mpfungsgrad (25%). Eine Maschine ist mit ihren Biege- und Torsionseigenfrequenzen ein schwingungsf\u00e4higes System. Unter Ber\u00fccksichtigung der dynamischen Eigenschaften kann eine Maschine auf speziellen ISOTILDAM D\u00e4mpfungselementen mit hoher D\u00e4mpfung so gelagert [&hellip;]<\/p>\n","protected":false},"author":1,"featured_media":0,"parent":20,"menu_order":10,"comment_status":"closed","ping_status":"closed","template":"","meta":{"_crdt_document":"","footnotes":""},"class_list":["post-492","page","type-page","status-publish","hentry"],"_links":{"self":[{"href":"https:\/\/www.isotildam.de\/index.php\/wp-json\/wp\/v2\/pages\/492","targetHints":{"allow":["GET"]}}],"collection":[{"href":"https:\/\/www.isotildam.de\/index.php\/wp-json\/wp\/v2\/pages"}],"about":[{"href":"https:\/\/www.isotildam.de\/index.php\/wp-json\/wp\/v2\/types\/page"}],"author":[{"embeddable":true,"href":"https:\/\/www.isotildam.de\/index.php\/wp-json\/wp\/v2\/users\/1"}],"replies":[{"embeddable":true,"href":"https:\/\/www.isotildam.de\/index.php\/wp-json\/wp\/v2\/comments?post=492"}],"version-history":[{"count":3,"href":"https:\/\/www.isotildam.de\/index.php\/wp-json\/wp\/v2\/pages\/492\/revisions"}],"predecessor-version":[{"id":6399,"href":"https:\/\/www.isotildam.de\/index.php\/wp-json\/wp\/v2\/pages\/492\/revisions\/6399"}],"up":[{"embeddable":true,"href":"https:\/\/www.isotildam.de\/index.php\/wp-json\/wp\/v2\/pages\/20"}],"wp:attachment":[{"href":"https:\/\/www.isotildam.de\/index.php\/wp-json\/wp\/v2\/media?parent=492"}],"curies":[{"name":"wp","href":"https:\/\/api.w.org\/{rel}","templated":true}]}}