{"id":502,"date":"2020-03-23T10:11:54","date_gmt":"2020-03-23T09:11:54","guid":{"rendered":"https:\/\/web176.globalbases.com\/?page_id=502"},"modified":"2021-07-03T11:50:06","modified_gmt":"2021-07-03T09:50:06","slug":"zubehoer","status":"publish","type":"page","link":"https:\/\/www.isotildam.de\/index.php\/produkte\/zubehoer\/","title":{"rendered":"Zubeh\u00f6r"},"content":{"rendered":"<h2 class=\"wp-block-heading\" id=\"zubehoer-schrauben-schraubenkopfisolation-etc\">Zubeh\u00f6r, Schrauben, Schraubenkopfisolation etc.<\/h2>\n\n\n<figure class=\"wp-block-gallery alignright columns-1 is-cropped wp-block-gallery-1 is-layout-flex wp-block-gallery-is-layout-flex\"><ul class=\"blocks-gallery-grid\"><li class=\"blocks-gallery-item\"><figure><img loading=\"lazy\" decoding=\"async\" width=\"1024\" height=\"523\" src=\"https:\/\/www.isotildam.de\/wp-content\/uploads\/2020\/10\/IMG_0123-1024x523.png\" alt=\"\" data-id=\"5539\" data-full-url=\"https:\/\/web176.globalbases.com\/wp-content\/uploads\/2020\/10\/IMG_0123.png\" data-link=\"https:\/\/web176.globalbases.com\/img_0123\/\" class=\"wp-image-5539\" srcset=\"https:\/\/www.isotildam.de\/wp-content\/uploads\/2020\/10\/IMG_0123-1024x523.png 1024w, https:\/\/www.isotildam.de\/wp-content\/uploads\/2020\/10\/IMG_0123-600x307.png 600w, https:\/\/www.isotildam.de\/wp-content\/uploads\/2020\/10\/IMG_0123-300x153.png 300w, https:\/\/www.isotildam.de\/wp-content\/uploads\/2020\/10\/IMG_0123-768x392.png 768w, https:\/\/www.isotildam.de\/wp-content\/uploads\/2020\/10\/IMG_0123.png 1200w\" sizes=\"auto, (max-width: 1024px) 100vw, 1024px\" \/><\/figure><\/li><li class=\"blocks-gallery-item\"><figure><img loading=\"lazy\" decoding=\"async\" width=\"385\" height=\"1024\" src=\"https:\/\/www.isotildam.de\/wp-content\/uploads\/2020\/11\/IMG_0195-385x1024.png\" alt=\"\" data-id=\"6152\" data-full-url=\"https:\/\/web176.globalbases.com\/wp-content\/uploads\/2020\/11\/IMG_0195.png\" data-link=\"https:\/\/web176.globalbases.com\/img_0195\/\" class=\"wp-image-6152\" srcset=\"https:\/\/www.isotildam.de\/wp-content\/uploads\/2020\/11\/IMG_0195-385x1024.png 385w, https:\/\/www.isotildam.de\/wp-content\/uploads\/2020\/11\/IMG_0195-578x1536.png 578w, https:\/\/www.isotildam.de\/wp-content\/uploads\/2020\/11\/IMG_0195-771x2048.png 771w, https:\/\/www.isotildam.de\/wp-content\/uploads\/2020\/11\/IMG_0195-600x1594.png 600w, https:\/\/www.isotildam.de\/wp-content\/uploads\/2020\/11\/IMG_0195-113x300.png 113w, https:\/\/www.isotildam.de\/wp-content\/uploads\/2020\/11\/IMG_0195-768x2040.png 768w, https:\/\/www.isotildam.de\/wp-content\/uploads\/2020\/11\/IMG_0195.png 990w\" sizes=\"auto, (max-width: 385px) 100vw, 385px\" \/><\/figure><\/li><\/ul><\/figure>\n\n\n\n<p class=\"wp-block-paragraph\">Wir liefern Ihnen aller Art von Nivellierschrauben und Klebeanker. <\/p>\n\n\n\n<p class=\"wp-block-paragraph\">Mit Schraubenkopfisolation&nbsp;werden die Verankerungen einer Maschine mit dem Untergrund schwingungstechnisch entkoppelt.<\/p>\n\n\n\n<div style=\"height:20px\" aria-hidden=\"true\" class=\"wp-block-spacer\"><\/div>\n\n\n\n<figure class=\"wp-block-gallery columns-3 is-cropped wp-block-gallery-2 is-layout-flex wp-block-gallery-is-layout-flex\"><ul class=\"blocks-gallery-grid\"><li class=\"blocks-gallery-item\"><figure><img loading=\"lazy\" decoding=\"async\" width=\"1024\" height=\"664\" src=\"https:\/\/www.isotildam.de\/wp-content\/uploads\/2020\/10\/IMG_0186-1024x664.png\" alt=\"\" data-id=\"5978\" data-full-url=\"https:\/\/web176.globalbases.com\/wp-content\/uploads\/2020\/10\/IMG_0186.png\" data-link=\"https:\/\/web176.globalbases.com\/img_0186\/\" class=\"wp-image-5978\" srcset=\"https:\/\/www.isotildam.de\/wp-content\/uploads\/2020\/10\/IMG_0186-1024x664.png 1024w, https:\/\/www.isotildam.de\/wp-content\/uploads\/2020\/10\/IMG_0186-600x389.png 600w, https:\/\/www.isotildam.de\/wp-content\/uploads\/2020\/10\/IMG_0186-300x195.png 300w, https:\/\/www.isotildam.de\/wp-content\/uploads\/2020\/10\/IMG_0186-768x498.png 768w, https:\/\/www.isotildam.de\/wp-content\/uploads\/2020\/10\/IMG_0186.png 1200w\" sizes=\"auto, (max-width: 1024px) 100vw, 1024px\" \/><\/figure><\/li><li class=\"blocks-gallery-item\"><figure><img loading=\"lazy\" decoding=\"async\" width=\"1024\" height=\"801\" src=\"https:\/\/www.isotildam.de\/wp-content\/uploads\/2020\/10\/IMG_0188-1024x801.png\" alt=\"\" data-id=\"5980\" data-full-url=\"https:\/\/web176.globalbases.com\/wp-content\/uploads\/2020\/10\/IMG_0188.png\" data-link=\"https:\/\/web176.globalbases.com\/img_0188\/\" class=\"wp-image-5980\" srcset=\"https:\/\/www.isotildam.de\/wp-content\/uploads\/2020\/10\/IMG_0188-1024x801.png 1024w, https:\/\/www.isotildam.de\/wp-content\/uploads\/2020\/10\/IMG_0188-600x470.png 600w, https:\/\/www.isotildam.de\/wp-content\/uploads\/2020\/10\/IMG_0188-300x235.png 300w, https:\/\/www.isotildam.de\/wp-content\/uploads\/2020\/10\/IMG_0188-768x601.png 768w, https:\/\/www.isotildam.de\/wp-content\/uploads\/2020\/10\/IMG_0188.png 1200w\" sizes=\"auto, (max-width: 1024px) 100vw, 1024px\" \/><\/figure><\/li><li class=\"blocks-gallery-item\"><figure><img loading=\"lazy\" decoding=\"async\" width=\"1024\" height=\"521\" src=\"https:\/\/www.isotildam.de\/wp-content\/uploads\/2020\/10\/IMG_0192-1024x521.png\" alt=\"\" data-id=\"5984\" data-full-url=\"https:\/\/web176.globalbases.com\/wp-content\/uploads\/2020\/10\/IMG_0192.png\" data-link=\"https:\/\/web176.globalbases.com\/img_0192\/\" class=\"wp-image-5984\" srcset=\"https:\/\/www.isotildam.de\/wp-content\/uploads\/2020\/10\/IMG_0192-1024x521.png 1024w, https:\/\/www.isotildam.de\/wp-content\/uploads\/2020\/10\/IMG_0192-600x306.png 600w, https:\/\/www.isotildam.de\/wp-content\/uploads\/2020\/10\/IMG_0192-300x153.png 300w, https:\/\/www.isotildam.de\/wp-content\/uploads\/2020\/10\/IMG_0192-768x391.png 768w, https:\/\/www.isotildam.de\/wp-content\/uploads\/2020\/10\/IMG_0192.png 1200w\" sizes=\"auto, (max-width: 1024px) 100vw, 1024px\" \/><\/figure><\/li><\/ul><\/figure>\n\n\n<h2 class=\"wp-block-heading\" id=\"datenblaetter\">Datenbl\u00e4tter<\/h2>\n\n<h3 class=\"wp-block-heading\" id=\"datenblatt-feingewinde\">Datenblatt Feingewinde<\/h3>\n\n<a href=\"https:\/\/www.isotildam.de\/wp-content\/uploads\/2020\/10\/Datenblatt_Feingewinde.pdf\" class=\"pdfemb-viewer\" style=\"\" data-width=\"max\" data-height=\"max\" data-toolbar=\"bottom\" data-toolbar-fixed=\"on\">Datenblatt_Feingewinde<\/a>\n<p class=\"wp-block-pdfemb-pdf-embedder-viewer\"><\/p>\n\n\n<h3 class=\"wp-block-heading\" id=\"datenblatt-regelgewinde-fuer-maschinen-und-keilschuhe\">Datenblatt Regelgewinde f\u00fcr Maschinen- und Keilschuhe<\/h3>\n\n<a href=\"https:\/\/www.isotildam.de\/wp-content\/uploads\/2020\/10\/Datenblatt_Regelgewinde_fuer_Maschinen_und_Keilschuhe.pdf\" class=\"pdfemb-viewer\" style=\"\" data-width=\"max\" data-height=\"max\" data-toolbar=\"bottom\" data-toolbar-fixed=\"on\">Datenblatt_Regelgewinde_fuer_Maschinen_und_Keilschuhe<\/a>\n<p class=\"wp-block-pdfemb-pdf-embedder-viewer\"><\/p>\n\n\n<h3 class=\"wp-block-heading\" id=\"datenblatt-regelgewinde-fuer-nivellierteller\">Datenblatt Regelgewinde f\u00fcr Nivellierteller<\/h3>\n\n<a href=\"https:\/\/www.isotildam.de\/wp-content\/uploads\/2020\/10\/Datenblatt_Regelgewinde_fuer_Nivellierteller.pdf\" class=\"pdfemb-viewer\" style=\"\" data-width=\"max\" data-height=\"max\" data-toolbar=\"bottom\" data-toolbar-fixed=\"on\">Datenblatt_Regelgewinde_fuer_Nivellierteller<\/a>\n<p class=\"wp-block-pdfemb-pdf-embedder-viewer\"><\/p>\n","protected":false},"excerpt":{"rendered":"<p>Zubeh\u00f6r, Schrauben, Schraubenkopfisolation etc. Wir liefern Ihnen aller Art von Nivellierschrauben und Klebeanker. Mit Schraubenkopfisolation&nbsp;werden die Verankerungen einer Maschine mit dem Untergrund schwingungstechnisch entkoppelt. Datenbl\u00e4tter Datenblatt Feingewinde Datenblatt Regelgewinde f\u00fcr Maschinen- und Keilschuhe Datenblatt Regelgewinde f\u00fcr Nivellierteller<\/p>\n","protected":false},"author":1,"featured_media":0,"parent":20,"menu_order":14,"comment_status":"closed","ping_status":"closed","template":"","meta":{"_crdt_document":"","footnotes":""},"class_list":["post-502","page","type-page","status-publish","hentry"],"_links":{"self":[{"href":"https:\/\/www.isotildam.de\/index.php\/wp-json\/wp\/v2\/pages\/502","targetHints":{"allow":["GET"]}}],"collection":[{"href":"https:\/\/www.isotildam.de\/index.php\/wp-json\/wp\/v2\/pages"}],"about":[{"href":"https:\/\/www.isotildam.de\/index.php\/wp-json\/wp\/v2\/types\/page"}],"author":[{"embeddable":true,"href":"https:\/\/www.isotildam.de\/index.php\/wp-json\/wp\/v2\/users\/1"}],"replies":[{"embeddable":true,"href":"https:\/\/www.isotildam.de\/index.php\/wp-json\/wp\/v2\/comments?post=502"}],"version-history":[{"count":5,"href":"https:\/\/www.isotildam.de\/index.php\/wp-json\/wp\/v2\/pages\/502\/revisions"}],"predecessor-version":[{"id":6418,"href":"https:\/\/www.isotildam.de\/index.php\/wp-json\/wp\/v2\/pages\/502\/revisions\/6418"}],"up":[{"embeddable":true,"href":"https:\/\/www.isotildam.de\/index.php\/wp-json\/wp\/v2\/pages\/20"}],"wp:attachment":[{"href":"https:\/\/www.isotildam.de\/index.php\/wp-json\/wp\/v2\/media?parent=502"}],"curies":[{"name":"wp","href":"https:\/\/api.w.org\/{rel}","templated":true}]}}