{"id":523,"date":"2020-03-23T10:30:12","date_gmt":"2020-03-23T09:30:12","guid":{"rendered":"https:\/\/web176.globalbases.com\/?page_id=523"},"modified":"2020-10-30T11:39:40","modified_gmt":"2020-10-30T10:39:40","slug":"referenzen","status":"publish","type":"page","link":"https:\/\/www.isotildam.de\/index.php\/referenzen\/","title":{"rendered":"Referenzen"},"content":{"rendered":"\n<p class=\"wp-block-paragraph\">Fa. ISOTILDAM Schwingungstechnik arbeitet weltweit mit namhaften Firmen zusammen. Bei diesen Firmen hat Fa. ISOTILDAM u. a. verschiedene Messmaschinen, Mikroskope, Waagen, Messtische, Ger\u00e4te, Werkzeugmaschinen (Fr\u00e4s-, und Schleifmaschinen, Drehmaschinen und Drehb\u00e4nke), Bearbeitungszentren, Umformmaschinen, Hammer, Schmiedepressen, Pressen und Stanzen, M\u00fchlen, Schredder, Zerkleinerungsmaschinen, Pr\u00fcfst\u00e4nde, Papiermaschinen, Druckmaschinen, Falzmaschinen, Verpackungsmaschinen, Textilmaschinen, Band-, Kreis- und B\u00fcgels\u00e4gen, F\u00f6rderb\u00e4nder, Spritzgussmaschinen, Extruder, Ventilatoren, Klimager\u00e4te, L\u00fcfter, Kompressoren, Pumpen, Verdichter erfolgreich aufgestellt. <\/p>\n\n\n\n<p class=\"wp-block-paragraph\">Ferner hat Fa. ISOTILDAM komplizierte Schwingungsprobleme bei ihren Kunden gel\u00f6st. Somit  werden folgende Nutzen und Vorteile f\u00fcr Kunden erreicht:<\/p>\n\n\n\n<ul class=\"wp-block-list\"><li>Erh\u00f6hung der Genauigkeit und Produktivit\u00e4t<\/li><li>Verbesserung der Oberfl\u00e4chenqualit\u00e4t<\/li><li>Erh\u00f6hung der Stabilit\u00e4t<\/li><li>Bessere Ma\u00dfgenauigkeit, dadurch eine geringere Ausschussquote<\/li><li>Geringerer Werkzeugverschleiss, l\u00e4ngere Standzeit\u00a0<\/li><li>Gew\u00e4hrung eines optimalen dynamischen Verhaltens<\/li><\/ul>\n\n\n\n<p class=\"wp-block-paragraph\">In den folgenden Abschnitten finden Sie Referenzen, die beispielhaft dargestellt worden sind.<\/p>\n","protected":false},"excerpt":{"rendered":"<p>Fa. ISOTILDAM Schwingungstechnik arbeitet weltweit mit namhaften Firmen zusammen. Bei diesen Firmen hat Fa. ISOTILDAM u. a. verschiedene Messmaschinen, Mikroskope, Waagen, Messtische, Ger\u00e4te, Werkzeugmaschinen (Fr\u00e4s-, und Schleifmaschinen, Drehmaschinen und Drehb\u00e4nke), Bearbeitungszentren, Umformmaschinen, Hammer, Schmiedepressen, Pressen und Stanzen, M\u00fchlen, Schredder, Zerkleinerungsmaschinen, Pr\u00fcfst\u00e4nde, Papiermaschinen, Druckmaschinen, Falzmaschinen, Verpackungsmaschinen, Textilmaschinen, Band-, Kreis- und B\u00fcgels\u00e4gen, F\u00f6rderb\u00e4nder, Spritzgussmaschinen, Extruder, Ventilatoren, Klimager\u00e4te, [&hellip;]<\/p>\n","protected":false},"author":1,"featured_media":0,"parent":0,"menu_order":70,"comment_status":"closed","ping_status":"closed","template":"","meta":{"_crdt_document":"","footnotes":""},"class_list":["post-523","page","type-page","status-publish","hentry"],"_links":{"self":[{"href":"https:\/\/www.isotildam.de\/index.php\/wp-json\/wp\/v2\/pages\/523","targetHints":{"allow":["GET"]}}],"collection":[{"href":"https:\/\/www.isotildam.de\/index.php\/wp-json\/wp\/v2\/pages"}],"about":[{"href":"https:\/\/www.isotildam.de\/index.php\/wp-json\/wp\/v2\/types\/page"}],"author":[{"embeddable":true,"href":"https:\/\/www.isotildam.de\/index.php\/wp-json\/wp\/v2\/users\/1"}],"replies":[{"embeddable":true,"href":"https:\/\/www.isotildam.de\/index.php\/wp-json\/wp\/v2\/comments?post=523"}],"version-history":[{"count":0,"href":"https:\/\/www.isotildam.de\/index.php\/wp-json\/wp\/v2\/pages\/523\/revisions"}],"wp:attachment":[{"href":"https:\/\/www.isotildam.de\/index.php\/wp-json\/wp\/v2\/media?parent=523"}],"curies":[{"name":"wp","href":"https:\/\/api.w.org\/{rel}","templated":true}]}}