{"id":526,"date":"2020-03-23T10:32:39","date_gmt":"2020-03-23T09:32:39","guid":{"rendered":"https:\/\/web176.globalbases.com\/?page_id=526"},"modified":"2020-11-12T17:34:03","modified_gmt":"2020-11-12T16:34:03","slug":"luk-gmbh-co-kg","status":"publish","type":"page","link":"https:\/\/www.isotildam.de\/index.php\/referenzen\/luk-gmbh-co-kg\/","title":{"rendered":"LuK GmbH Co. KG"},"content":{"rendered":"\n<h2 class=\"wp-block-heading\" id=\"optimierung-eines-schwingungsisoliert-aufgestellten-pruefstandes-mit-einem-gewicht-von-320-kn-bei-fa-luk-gmbh-amp-co-kg-in-buehl\">Optimierung eines schwingungsisoliert aufgestellten Pr\u00fcfstandes mit  einem Gewicht von 320 kN bei Fa. LuK GmbH &amp; Co. KG in B\u00fchl<\/h2>\n\n\n\n<figure class=\"wp-block-gallery alignright columns-1 is-cropped wp-block-gallery-1 is-layout-flex wp-block-gallery-is-layout-flex\"><ul class=\"blocks-gallery-grid\"><li class=\"blocks-gallery-item\"><figure><img loading=\"lazy\" decoding=\"async\" width=\"250\" height=\"252\" src=\"https:\/\/www.isotildam.de\/wp-content\/uploads\/2020\/03\/6cc8babbc1.gif\" alt=\"\" data-id=\"529\" data-full-url=\"https:\/\/www.isotildam.de\/wp-content\/uploads\/2020\/03\/6cc8babbc1.gif\" data-link=\"https:\/\/www.isotildam.de\/index.php\/referenzen\/luk-gmbh-co-kg\/6cc8babbc1\/\" class=\"wp-image-529\" srcset=\"https:\/\/www.isotildam.de\/wp-content\/uploads\/2020\/03\/6cc8babbc1.gif 250w, https:\/\/www.isotildam.de\/wp-content\/uploads\/2020\/03\/6cc8babbc1-100x100.gif 100w, https:\/\/www.isotildam.de\/wp-content\/uploads\/2020\/03\/6cc8babbc1-150x150.gif 150w\" sizes=\"auto, (max-width: 250px) 100vw, 250px\" \/><\/figure><\/li><li class=\"blocks-gallery-item\"><figure><img loading=\"lazy\" decoding=\"async\" width=\"250\" height=\"180\" src=\"https:\/\/www.isotildam.de\/wp-content\/uploads\/2020\/03\/baba643bd2.gif\" alt=\"\" data-id=\"530\" data-full-url=\"https:\/\/www.isotildam.de\/wp-content\/uploads\/2020\/03\/baba643bd2.gif\" data-link=\"https:\/\/www.isotildam.de\/index.php\/referenzen\/luk-gmbh-co-kg\/baba643bd2\/\" class=\"wp-image-530\"\/><\/figure><\/li><li class=\"blocks-gallery-item\"><figure><img loading=\"lazy\" decoding=\"async\" width=\"250\" height=\"180\" src=\"https:\/\/www.isotildam.de\/wp-content\/uploads\/2020\/03\/198ea95bad.gif\" alt=\"\" data-id=\"531\" data-full-url=\"https:\/\/www.isotildam.de\/wp-content\/uploads\/2020\/03\/198ea95bad.gif\" data-link=\"https:\/\/www.isotildam.de\/index.php\/referenzen\/luk-gmbh-co-kg\/198ea95bad\/\" class=\"wp-image-531\"\/><\/figure><\/li><li class=\"blocks-gallery-item\"><figure><img loading=\"lazy\" decoding=\"async\" width=\"250\" height=\"175\" src=\"https:\/\/www.isotildam.de\/wp-content\/uploads\/2020\/03\/e7d5c06fae.gif\" alt=\"\" data-id=\"532\" data-full-url=\"https:\/\/www.isotildam.de\/wp-content\/uploads\/2020\/03\/e7d5c06fae.gif\" data-link=\"https:\/\/www.isotildam.de\/index.php\/referenzen\/luk-gmbh-co-kg\/e7d5c06fae\/\" class=\"wp-image-532\"\/><\/figure><\/li><\/ul><\/figure>\n\n\n\n<h3 class=\"wp-block-heading\" id=\"problem\">Problem<\/h3>\n\n\n\n<p class=\"wp-block-paragraph\">Gro\u00dfe Schwingungen am Pr\u00fcfstand und in der Umgebung ab einer Drehzahl von 5000 U\/min. Die Schwingungen werden im Bereich von 5000 U\/min bis 6000 U\/min so gro\u00df, dass die zul\u00e4ssigen Amplituden bei diesem Pr\u00fcfstand \u00fcberschritten werden. Dies f\u00fchrt zum Abschalten des schwingungsisoliert aufgestellten Pr\u00fcfstandes.<\/p>\n\n\n\n<h3 class=\"wp-block-heading\" id=\"aufgabenstellung\">Aufgabenstellung<\/h3>\n\n\n\n<p class=\"wp-block-paragraph\">Kl\u00e4rung der Ursachen der o. e. Schwingungen, Ph\u00e4nomene und Zusammenh\u00e4nge verstehen, Ausarbeitung einer wirksamen L\u00f6sung.<\/p>\n\n\n\n<h3 class=\"wp-block-heading\" id=\"zielsetzungen\">Zielsetzungen<\/h3>\n\n\n\n<p class=\"wp-block-paragraph\">Reduzierung der Schwingungen, Erh\u00f6hung der Betriebszahl von 6000 U\/min auf ca. 8000 U\/min. Somit ist die Produktivit\u00e4t und der Einsatzbereich des o. e. Pr\u00fcfstandes verbessert.<\/p>\n\n\n\n<h3 class=\"wp-block-heading\" id=\"loesungsweg\">L\u00f6sungsweg<\/h3>\n\n\n\n<p class=\"wp-block-paragraph\">Messtechnische Untersuchungen, FE &#8211; und MKS Berechnungen. Auslegung der nivellierbaren D\u00e4mpfungselemente unter Ber\u00fccksichtigung der ermittelten Ergebnisse und der Zielsetzungen. Realisierung dieser Ma\u00dfnahme. Messtechnische \u00dcberpr\u00fcfung der Wirksamkeit der L\u00f6sung. <\/p>\n\n\n\n<h3 class=\"wp-block-heading\" id=\"ergebnis\">Ergebnis<\/h3>\n\n\n\n<p class=\"wp-block-paragraph\">Der Pr\u00fcfstand wird bis zu einer Drehzahl von ca. 8000 U\/min ohne Probleme betrieben. Reduzierung der Schwingungen am Pr\u00fcfstand und in der Umgebung.<\/p>\n","protected":false},"excerpt":{"rendered":"<p>Optimierung eines schwingungsisoliert aufgestellten Pr\u00fcfstandes mit einem Gewicht von 320 kN bei Fa. LuK GmbH &amp; Co. KG in B\u00fchl Problem Gro\u00dfe Schwingungen am Pr\u00fcfstand und in der Umgebung ab einer Drehzahl von 5000 U\/min. Die Schwingungen werden im Bereich von 5000 U\/min bis 6000 U\/min so gro\u00df, dass die zul\u00e4ssigen Amplituden bei diesem Pr\u00fcfstand [&hellip;]<\/p>\n","protected":false},"author":1,"featured_media":0,"parent":523,"menu_order":0,"comment_status":"closed","ping_status":"closed","template":"","meta":{"_crdt_document":"","footnotes":""},"class_list":["post-526","page","type-page","status-publish","hentry"],"_links":{"self":[{"href":"https:\/\/www.isotildam.de\/index.php\/wp-json\/wp\/v2\/pages\/526","targetHints":{"allow":["GET"]}}],"collection":[{"href":"https:\/\/www.isotildam.de\/index.php\/wp-json\/wp\/v2\/pages"}],"about":[{"href":"https:\/\/www.isotildam.de\/index.php\/wp-json\/wp\/v2\/types\/page"}],"author":[{"embeddable":true,"href":"https:\/\/www.isotildam.de\/index.php\/wp-json\/wp\/v2\/users\/1"}],"replies":[{"embeddable":true,"href":"https:\/\/www.isotildam.de\/index.php\/wp-json\/wp\/v2\/comments?post=526"}],"version-history":[{"count":1,"href":"https:\/\/www.isotildam.de\/index.php\/wp-json\/wp\/v2\/pages\/526\/revisions"}],"predecessor-version":[{"id":6360,"href":"https:\/\/www.isotildam.de\/index.php\/wp-json\/wp\/v2\/pages\/526\/revisions\/6360"}],"up":[{"embeddable":true,"href":"https:\/\/www.isotildam.de\/index.php\/wp-json\/wp\/v2\/pages\/523"}],"wp:attachment":[{"href":"https:\/\/www.isotildam.de\/index.php\/wp-json\/wp\/v2\/media?parent=526"}],"curies":[{"name":"wp","href":"https:\/\/api.w.org\/{rel}","templated":true}]}}