{"id":8,"date":"2020-03-09T17:03:02","date_gmt":"2020-03-09T16:03:02","guid":{"rendered":"https:\/\/web176.globalbases.com\/?page_id=8"},"modified":"2026-01-18T11:21:24","modified_gmt":"2026-01-18T10:21:24","slug":"willkommen-auf-der-internetseite-von-isotildam","status":"publish","type":"page","link":"https:\/\/www.isotildam.de\/","title":{"rendered":"Willkommen auf der Internetseite von IsoTilDam Schwingungstechnik GmbH"},"content":{"rendered":"\n<div class=\"wp-block-blockspare-blockspare-notice-bar blockspare-d0a8632f-10d5-4 blockspare-notice-block aligncenter blockspare-block-animation\" blockspare-animation=\"AFTfadeInLeft\"><style>.blockspare-d0a8632f-10d5-4 .blockspare-noticebar-wrapper{background-color:#f9f9f9;border-color:#3c1a5b !important;padding-top:10px;padding-right:20px;padding-bottom:10px;padding-left:20px;margin-top:30px;margin-right:0;margin-bottom:30px;margin-left:0;border-radius:0}.blockspare-d0a8632f-10d5-4 .blockspare-notice-content{color:#4c4c4c;font-size:18px!important}@media screen and (max-width:1025px){.blockspare-d0a8632f-10d5-4 .blockspare-notice-content{font-size:16px!important}}@media screen and (max-width:768px){.blockspare-d0a8632f-10d5-4 .blockspare-notice-content{font-size:14px!important}}<\/style><div class=\"blockspare-noticebar-wrapper blockspare-blocks blockspare-hover-item\"><div class=\"blockspare-section-notice-wrap\"><div class=\"blockspare-title-wrap\"><div><div class=\"blockspare-notice-content\"><mark style=\"background-color:rgba(0, 0, 0, 0)\" class=\"has-inline-color has-luminous-vivid-orange-color\">Wir stellen ein! Sehen Sie sich unsere <a href=\"https:\/\/www.isotildam.de\/index.php\/stellenausschreibung\/\" data-type=\"page\" data-id=\"6544\">Stellenausschreibung<\/a> an.<\/mark><\/div><\/div><\/div><\/div><\/div><\/div>\n\n\n\n<figure class=\"wp-block-pullquote\"><blockquote><p>Schwingungstechnik ist unsere Leidenschaft: Schwingungsd\u00e4mpfer, Maschinenf\u00fc\u00dfe, oder auch Gummipuffer &#8211; wir haben die L\u00f6sung f\u00fcr Sie!<\/p><\/blockquote><\/figure>\n\n\n<h2 class=\"wp-block-heading\" id=\"ausschnitt-unserer-technologievielfalt\">Ausschnitt unserer Technologievielfalt:<\/h2>\n\n\n<ul class=\"wp-block-list\">\n<li>Beratung und Planung, Ausf\u00fchrung von Schwingungsd\u00e4mpfungssystemen in bestehenden Anlagen.<\/li>\n\n\n\n<li>Schwingungsmessung mit anschlie\u00dfender Analyse f\u00fcr Indutrieanlagen.<\/li>\n\n\n\n<li>Optimierte Aufstellung von Maschinen, Anlagen und Geb\u00e4uden, sowie Schwingungsberechnungen.<\/li>\n\n\n\n<li>Erdbebenschutz f\u00fcr Maschinen, Anlagen, Pressen und Geb\u00e4ude, etc.<\/li>\n<\/ul>\n\n\n\n<div class=\"wp-block-blockspare-blockspare-carousel aligncenter blockspare-cc710272-52a7-4\" blockspare-animation=\"\"><style>.blockspare-cc710272-52a7-4 .blockspare-carousel-wrap span:before,.blockspare-cc710272-52a7-4 .blockspare-carousel-wrap ul li button{color:#8ed1fc}.blockspare-cc710272-52a7-4 .blockspare-carousel-wrap .slick-slider .slick-dots > li button{background-color:#8ed1fc}.blockspare-cc710272-52a7-4 .blockspare-carousel-wrap .blockspare-gallery-figure{border-radius:0px}.blockspare-cc710272-52a7-4 .slick-slider .slick-arrow:after{background-color:#fff}<\/style><div class=\"blockspare-blocks blockspare-carousel-wrap has-gutter-space-1 blockspare-original blockspare-navigation-small lpc-navigation-1 bs-has-equal-height blockspare-slides-2\"><div class=\"blockspare-carousel-items\"><div data-next=\"fas fa-chevron-right\" data-prev=\"fas fa-chevron-left\" data-slick=\"{&quot;loop&quot;:true,&quot;autoplay&quot;:true,&quot;slidesToShow&quot;:2,&quot;speed&quot;:&quot;1000&quot;,&quot;arrows&quot;:true,&quot;dots&quot;:true}\"><div><div class=\"blockspare-gallery-figure blockspare-hover-item\"><img decoding=\"async\" src=\"https:\/\/www.isotildam.de\/wp-content\/uploads\/2020\/03\/schwingungsdaempfung_03.jpg\" alt=\"\"\/><\/div><\/div><div><div class=\"blockspare-gallery-figure blockspare-hover-item\"><img decoding=\"async\" src=\"https:\/\/www.isotildam.de\/wp-content\/uploads\/2020\/03\/schwingungsisolation_03.jpg\" alt=\"\"\/><\/div><\/div><div><div class=\"blockspare-gallery-figure blockspare-hover-item\"><img decoding=\"async\" src=\"https:\/\/www.isotildam.de\/wp-content\/uploads\/2020\/03\/schwingungstilgung_03.jpg\" alt=\"\"\/><\/div><\/div><\/div><\/div><\/div><\/div>\n\n\n\n<div class=\"wp-block-columns has-pale-cyan-blue-background-color has-background is-layout-flex wp-container-core-columns-is-layout-9d6595d7 wp-block-columns-is-layout-flex\">\n<div class=\"wp-block-column is-layout-flow wp-block-column-is-layout-flow\"><div class=\"wp-block-image is-style-rounded\">\n<figure class=\"aligncenter size-large is-resized\"><img loading=\"lazy\" decoding=\"async\" width=\"1024\" height=\"698\" src=\"https:\/\/www.isotildam.de\/wp-content\/uploads\/2020\/10\/IMG_0065_gray-1-1024x698.png\" alt=\"\" class=\"wp-image-5334\" style=\"width:220px;height:220px\" srcset=\"https:\/\/www.isotildam.de\/wp-content\/uploads\/2020\/10\/IMG_0065_gray-1-1024x698.png 1024w, https:\/\/www.isotildam.de\/wp-content\/uploads\/2020\/10\/IMG_0065_gray-1-600x409.png 600w, https:\/\/www.isotildam.de\/wp-content\/uploads\/2020\/10\/IMG_0065_gray-1-300x205.png 300w, https:\/\/www.isotildam.de\/wp-content\/uploads\/2020\/10\/IMG_0065_gray-1-768x524.png 768w, https:\/\/www.isotildam.de\/wp-content\/uploads\/2020\/10\/IMG_0065_gray-1.png 1200w\" sizes=\"auto, (max-width: 1024px) 100vw, 1024px\" \/><\/figure>\n<\/div>\n\n\n<p class=\"has-text-align-center has-black-color has-text-color wp-block-paragraph\">Maschinenschuhe IMS<\/p>\n<\/div>\n\n\n\n<div class=\"wp-block-column is-layout-flow wp-block-column-is-layout-flow\"><div class=\"wp-block-image is-style-rounded\">\n<figure class=\"aligncenter size-large is-resized\"><img loading=\"lazy\" decoding=\"async\" width=\"1024\" height=\"696\" src=\"https:\/\/www.isotildam.de\/wp-content\/uploads\/2020\/10\/IMG_0041_gray-1024x696.png\" alt=\"\" class=\"wp-image-5258\" style=\"width:220px;height:220px\" srcset=\"https:\/\/www.isotildam.de\/wp-content\/uploads\/2020\/10\/IMG_0041_gray-1024x696.png 1024w, https:\/\/www.isotildam.de\/wp-content\/uploads\/2020\/10\/IMG_0041_gray-300x204.png 300w, https:\/\/www.isotildam.de\/wp-content\/uploads\/2020\/10\/IMG_0041_gray-768x522.png 768w, https:\/\/www.isotildam.de\/wp-content\/uploads\/2020\/10\/IMG_0041_gray-600x408.png 600w, https:\/\/www.isotildam.de\/wp-content\/uploads\/2020\/10\/IMG_0041_gray.png 1200w\" sizes=\"auto, (max-width: 1024px) 100vw, 1024px\" \/><\/figure>\n<\/div>\n\n\n<p class=\"has-text-align-center has-black-color has-text-color wp-block-paragraph\">Keilschuhe IKS<\/p>\n<\/div>\n\n\n\n<div class=\"wp-block-column is-layout-flow wp-block-column-is-layout-flow\"><div class=\"wp-block-image is-style-rounded\">\n<figure class=\"aligncenter size-large is-resized\"><img loading=\"lazy\" decoding=\"async\" width=\"1024\" height=\"670\" src=\"https:\/\/www.isotildam.de\/wp-content\/uploads\/2020\/10\/IMG_0044_gray-1024x670.png\" alt=\"\" class=\"wp-image-5264\" style=\"width:220px;height:220px\" srcset=\"https:\/\/www.isotildam.de\/wp-content\/uploads\/2020\/10\/IMG_0044_gray-1024x670.png 1024w, https:\/\/www.isotildam.de\/wp-content\/uploads\/2020\/10\/IMG_0044_gray-300x196.png 300w, https:\/\/www.isotildam.de\/wp-content\/uploads\/2020\/10\/IMG_0044_gray-768x502.png 768w, https:\/\/www.isotildam.de\/wp-content\/uploads\/2020\/10\/IMG_0044_gray-600x393.png 600w, https:\/\/www.isotildam.de\/wp-content\/uploads\/2020\/10\/IMG_0044_gray.png 1200w\" sizes=\"auto, (max-width: 1024px) 100vw, 1024px\" \/><\/figure>\n<\/div>\n\n\n<p class=\"has-text-align-center has-black-color has-text-color wp-block-paragraph\">Keilschuhe IKM<\/p>\n<\/div>\n<\/div>\n\n\n\n<div class=\"wp-block-columns has-pale-cyan-blue-background-color has-background is-layout-flex wp-container-core-columns-is-layout-9d6595d7 wp-block-columns-is-layout-flex\">\n<div class=\"wp-block-column is-layout-flow wp-block-column-is-layout-flow\"><div class=\"wp-block-image is-style-rounded\">\n<figure class=\"aligncenter size-full is-resized\"><img loading=\"lazy\" decoding=\"async\" width=\"378\" height=\"294\" src=\"https:\/\/www.isotildam.de\/wp-content\/uploads\/2020\/10\/Maschinenfuss.png\" alt=\"\" class=\"wp-image-5689\" style=\"width:220px;height:220px\" srcset=\"https:\/\/www.isotildam.de\/wp-content\/uploads\/2020\/10\/Maschinenfuss.png 378w, https:\/\/www.isotildam.de\/wp-content\/uploads\/2020\/10\/Maschinenfuss-300x233.png 300w\" sizes=\"auto, (max-width: 378px) 100vw, 378px\" \/><\/figure>\n<\/div>\n\n\n<p class=\"has-text-align-center has-black-color has-text-color wp-block-paragraph\">Maschinenlagerungssystem<\/p>\n<\/div>\n\n\n\n<div class=\"wp-block-column is-layout-flow wp-block-column-is-layout-flow\"><div class=\"wp-block-image is-style-rounded\">\n<figure class=\"aligncenter size-large is-resized\"><img loading=\"lazy\" decoding=\"async\" width=\"972\" height=\"1024\" src=\"https:\/\/www.isotildam.de\/wp-content\/uploads\/2020\/10\/IMG_0056_gray-972x1024.png\" alt=\"\" class=\"wp-image-5309\" style=\"width:220px;height:220px\" srcset=\"https:\/\/www.isotildam.de\/wp-content\/uploads\/2020\/10\/IMG_0056_gray-972x1024.png 972w, https:\/\/www.isotildam.de\/wp-content\/uploads\/2020\/10\/IMG_0056_gray-285x300.png 285w, https:\/\/www.isotildam.de\/wp-content\/uploads\/2020\/10\/IMG_0056_gray-768x809.png 768w, https:\/\/www.isotildam.de\/wp-content\/uploads\/2020\/10\/IMG_0056_gray-600x632.png 600w, https:\/\/www.isotildam.de\/wp-content\/uploads\/2020\/10\/IMG_0056_gray.png 1200w\" sizes=\"auto, (max-width: 972px) 100vw, 972px\" \/><\/figure>\n<\/div>\n\n\n<p class=\"has-text-align-center has-black-color has-text-color wp-block-paragraph\">Runder Maschinenfu\u00df f\u00fcr NIL<\/p>\n<\/div>\n\n\n\n<div class=\"wp-block-column is-layout-flow wp-block-column-is-layout-flow\"><div class=\"wp-block-image is-style-rounded\">\n<figure class=\"aligncenter size-medium is-resized\"><img loading=\"lazy\" decoding=\"async\" width=\"297\" height=\"300\" src=\"https:\/\/www.isotildam.de\/wp-content\/uploads\/2020\/10\/Gummipuffer-297x300.png\" alt=\"\" class=\"wp-image-5691\" style=\"width:220px;height:220px\" srcset=\"https:\/\/www.isotildam.de\/wp-content\/uploads\/2020\/10\/Gummipuffer-297x300.png 297w, https:\/\/www.isotildam.de\/wp-content\/uploads\/2020\/10\/Gummipuffer-100x100.png 100w, https:\/\/www.isotildam.de\/wp-content\/uploads\/2020\/10\/Gummipuffer.png 461w\" sizes=\"auto, (max-width: 297px) 100vw, 297px\" \/><\/figure>\n<\/div>\n\n\n<p class=\"has-text-align-center has-black-color has-text-color wp-block-paragraph\">Gummipuffer<\/p>\n<\/div>\n<\/div>\n\n\n\n<div class=\"wp-block-columns has-pale-cyan-blue-background-color has-background is-layout-flex wp-container-core-columns-is-layout-9d6595d7 wp-block-columns-is-layout-flex\">\n<div class=\"wp-block-column is-layout-flow wp-block-column-is-layout-flow\"><div class=\"wp-block-image is-style-rounded\">\n<figure class=\"aligncenter size-large is-resized\"><img loading=\"lazy\" decoding=\"async\" width=\"1024\" height=\"687\" src=\"https:\/\/www.isotildam.de\/wp-content\/uploads\/2020\/10\/IMG_0070_gray-1-1024x687.png\" alt=\"\" class=\"wp-image-5344\" style=\"width:220px;height:220px\" srcset=\"https:\/\/www.isotildam.de\/wp-content\/uploads\/2020\/10\/IMG_0070_gray-1-1024x687.png 1024w, https:\/\/www.isotildam.de\/wp-content\/uploads\/2020\/10\/IMG_0070_gray-1-600x403.png 600w, https:\/\/www.isotildam.de\/wp-content\/uploads\/2020\/10\/IMG_0070_gray-1-300x201.png 300w, https:\/\/www.isotildam.de\/wp-content\/uploads\/2020\/10\/IMG_0070_gray-1-768x515.png 768w, https:\/\/www.isotildam.de\/wp-content\/uploads\/2020\/10\/IMG_0070_gray-1.png 1200w\" sizes=\"auto, (max-width: 1024px) 100vw, 1024px\" \/><\/figure>\n<\/div>\n\n\n<p class=\"has-text-align-center has-black-color has-text-color wp-block-paragraph\">Elastomerplatten<\/p>\n<\/div>\n\n\n\n<div class=\"wp-block-column is-layout-flow wp-block-column-is-layout-flow\"><div class=\"wp-block-image is-style-rounded\">\n<figure class=\"aligncenter size-full is-resized\"><img loading=\"lazy\" decoding=\"async\" width=\"347\" height=\"272\" src=\"https:\/\/www.isotildam.de\/wp-content\/uploads\/2020\/10\/Elastomerpakete.png\" alt=\"\" class=\"wp-image-5680\" style=\"width:220px;height:220px\" srcset=\"https:\/\/www.isotildam.de\/wp-content\/uploads\/2020\/10\/Elastomerpakete.png 347w, https:\/\/www.isotildam.de\/wp-content\/uploads\/2020\/10\/Elastomerpakete-300x235.png 300w\" sizes=\"auto, (max-width: 347px) 100vw, 347px\" \/><\/figure>\n<\/div>\n\n\n<p class=\"has-text-align-center has-black-color has-text-color wp-block-paragraph\">Elastomerpakete<\/p>\n<\/div>\n\n\n\n<div class=\"wp-block-column is-layout-flow wp-block-column-is-layout-flow\"><div class=\"wp-block-image is-style-rounded\">\n<figure class=\"aligncenter size-full is-resized\"><img loading=\"lazy\" decoding=\"async\" width=\"242\" height=\"199\" src=\"https:\/\/www.isotildam.de\/wp-content\/uploads\/2020\/10\/Schraeglager.png\" alt=\"\" class=\"wp-image-5700\" style=\"width:220px;height:220px\"\/><\/figure>\n<\/div>\n\n\n<p class=\"has-text-align-center has-black-color has-text-color wp-block-paragraph\">Schr\u00e4glager<\/p>\n<\/div>\n<\/div>\n\n\n\n<div class=\"wp-block-columns has-pale-cyan-blue-background-color has-background is-layout-flex wp-container-core-columns-is-layout-9d6595d7 wp-block-columns-is-layout-flex\">\n<div class=\"wp-block-column is-layout-flow wp-block-column-is-layout-flow\"><div class=\"wp-block-image is-style-rounded\">\n<figure class=\"aligncenter size-large is-resized\"><img loading=\"lazy\" decoding=\"async\" width=\"783\" height=\"1024\" src=\"https:\/\/www.isotildam.de\/wp-content\/uploads\/2020\/10\/IMG_0054_gray-783x1024.png\" alt=\"\" class=\"wp-image-5307\" style=\"width:220px;height:220px\" srcset=\"https:\/\/www.isotildam.de\/wp-content\/uploads\/2020\/10\/IMG_0054_gray-783x1024.png 783w, https:\/\/www.isotildam.de\/wp-content\/uploads\/2020\/10\/IMG_0054_gray-229x300.png 229w, https:\/\/www.isotildam.de\/wp-content\/uploads\/2020\/10\/IMG_0054_gray-768x1005.png 768w, https:\/\/www.isotildam.de\/wp-content\/uploads\/2020\/10\/IMG_0054_gray-1174x1536.png 1174w, https:\/\/www.isotildam.de\/wp-content\/uploads\/2020\/10\/IMG_0054_gray-600x785.png 600w, https:\/\/www.isotildam.de\/wp-content\/uploads\/2020\/10\/IMG_0054_gray.png 1200w\" sizes=\"auto, (max-width: 783px) 100vw, 783px\" \/><\/figure>\n<\/div>\n\n\n<p class=\"has-text-align-center has-black-color has-text-color wp-block-paragraph\">Runder Maschinenfu\u00df f\u00fcr NIM<\/p>\n<\/div>\n\n\n\n<div class=\"wp-block-column is-layout-flow wp-block-column-is-layout-flow\"><div class=\"wp-block-image is-style-rounded\">\n<figure class=\"aligncenter size-large is-resized\"><img loading=\"lazy\" decoding=\"async\" width=\"1024\" height=\"653\" src=\"https:\/\/www.isotildam.de\/wp-content\/uploads\/2020\/10\/IMG_0117_grey-1024x653.png\" alt=\"\" class=\"wp-image-5474\" style=\"width:220px;height:220px\" srcset=\"https:\/\/www.isotildam.de\/wp-content\/uploads\/2020\/10\/IMG_0117_grey-1024x653.png 1024w, https:\/\/www.isotildam.de\/wp-content\/uploads\/2020\/10\/IMG_0117_grey-600x383.png 600w, https:\/\/www.isotildam.de\/wp-content\/uploads\/2020\/10\/IMG_0117_grey-300x191.png 300w, https:\/\/www.isotildam.de\/wp-content\/uploads\/2020\/10\/IMG_0117_grey-768x490.png 768w, https:\/\/www.isotildam.de\/wp-content\/uploads\/2020\/10\/IMG_0117_grey.png 1200w\" sizes=\"auto, (max-width: 1024px) 100vw, 1024px\" \/><\/figure>\n<\/div>\n\n\n<p class=\"has-text-align-center has-black-color has-text-color wp-block-paragraph\">Nivellierteller<\/p>\n<\/div>\n\n\n\n<div class=\"wp-block-column is-layout-flow wp-block-column-is-layout-flow\"><div class=\"wp-block-image is-style-rounded\">\n<figure class=\"aligncenter size-full is-resized\"><img loading=\"lazy\" decoding=\"async\" width=\"295\" height=\"212\" src=\"https:\/\/www.isotildam.de\/wp-content\/uploads\/2020\/10\/Pressenlagerungssysteme.png\" alt=\"\" class=\"wp-image-5684\" style=\"width:220px;height:220px\"\/><\/figure>\n<\/div>\n\n\n<p class=\"has-text-align-center has-black-color has-text-color wp-block-paragraph\">Pressenlagerungssysteme<\/p>\n<\/div>\n<\/div>\n\n\n\n<div class=\"wp-block-columns has-pale-cyan-blue-background-color has-background is-layout-flex wp-container-core-columns-is-layout-9d6595d7 wp-block-columns-is-layout-flex\">\n<div class=\"wp-block-column is-layout-flow wp-block-column-is-layout-flow\"><div class=\"wp-block-image is-style-rounded\">\n<figure class=\"aligncenter size-large is-resized\"><img loading=\"lazy\" decoding=\"async\" width=\"1024\" height=\"523\" src=\"https:\/\/www.isotildam.de\/wp-content\/uploads\/2020\/10\/IMG_0123_grey-1024x523.png\" alt=\"\" class=\"wp-image-5540\" style=\"width:220px;height:220px\" srcset=\"https:\/\/www.isotildam.de\/wp-content\/uploads\/2020\/10\/IMG_0123_grey-1024x523.png 1024w, https:\/\/www.isotildam.de\/wp-content\/uploads\/2020\/10\/IMG_0123_grey-600x307.png 600w, https:\/\/www.isotildam.de\/wp-content\/uploads\/2020\/10\/IMG_0123_grey-300x153.png 300w, https:\/\/www.isotildam.de\/wp-content\/uploads\/2020\/10\/IMG_0123_grey-768x392.png 768w, https:\/\/www.isotildam.de\/wp-content\/uploads\/2020\/10\/IMG_0123_grey.png 1200w\" sizes=\"auto, (max-width: 1024px) 100vw, 1024px\" \/><\/figure>\n<\/div>\n\n\n<p class=\"has-text-align-center has-black-color has-text-color wp-block-paragraph\">Nivellierschrauben, Schrauben f\u00fcr Maschinenschuhe<\/p>\n<\/div>\n<\/div>\n","protected":false},"excerpt":{"rendered":"<p>Schwingungstechnik ist unsere Leidenschaft: Schwingungsd\u00e4mpfer, Maschinenf\u00fc\u00dfe, oder auch Gummipuffer &#8211; wir haben die L\u00f6sung f\u00fcr Sie! Ausschnitt unserer Technologievielfalt: Maschinenschuhe IMS Keilschuhe IKS Keilschuhe IKM Maschinenlagerungssystem Runder Maschinenfu\u00df f\u00fcr NIL Gummipuffer Elastomerplatten Elastomerpakete Schr\u00e4glager Runder Maschinenfu\u00df f\u00fcr NIM Nivellierteller Pressenlagerungssysteme Nivellierschrauben, Schrauben f\u00fcr Maschinenschuhe<\/p>\n","protected":false},"author":1,"featured_media":0,"parent":0,"menu_order":0,"comment_status":"closed","ping_status":"closed","template":"","meta":{"_crdt_document":"","footnotes":""},"class_list":["post-8","page","type-page","status-publish","hentry"],"_links":{"self":[{"href":"https:\/\/www.isotildam.de\/index.php\/wp-json\/wp\/v2\/pages\/8","targetHints":{"allow":["GET"]}}],"collection":[{"href":"https:\/\/www.isotildam.de\/index.php\/wp-json\/wp\/v2\/pages"}],"about":[{"href":"https:\/\/www.isotildam.de\/index.php\/wp-json\/wp\/v2\/types\/page"}],"author":[{"embeddable":true,"href":"https:\/\/www.isotildam.de\/index.php\/wp-json\/wp\/v2\/users\/1"}],"replies":[{"embeddable":true,"href":"https:\/\/www.isotildam.de\/index.php\/wp-json\/wp\/v2\/comments?post=8"}],"version-history":[{"count":3,"href":"https:\/\/www.isotildam.de\/index.php\/wp-json\/wp\/v2\/pages\/8\/revisions"}],"predecessor-version":[{"id":6549,"href":"https:\/\/www.isotildam.de\/index.php\/wp-json\/wp\/v2\/pages\/8\/revisions\/6549"}],"wp:attachment":[{"href":"https:\/\/www.isotildam.de\/index.php\/wp-json\/wp\/v2\/media?parent=8"}],"curies":[{"name":"wp","href":"https:\/\/api.w.org\/{rel}","templated":true}]}}