{"id":84,"date":"2020-03-10T15:03:33","date_gmt":"2020-03-10T14:03:33","guid":{"rendered":"https:\/\/web176.globalbases.com\/?page_id=84"},"modified":"2021-07-03T11:28:24","modified_gmt":"2021-07-03T09:28:24","slug":"ueber-uns","status":"publish","type":"page","link":"https:\/\/www.isotildam.de\/index.php\/ueber-uns\/","title":{"rendered":"\u00dcber uns"},"content":{"rendered":"\n<div class=\"wp-block-image\"><figure class=\"alignright size-medium\"><img loading=\"lazy\" decoding=\"async\" width=\"300\" height=\"200\" src=\"https:\/\/www.isotildam.de\/wp-content\/uploads\/2020\/06\/IMG_0008-300x200.jpg\" alt=\"\" class=\"wp-image-4071\" srcset=\"https:\/\/www.isotildam.de\/wp-content\/uploads\/2020\/06\/IMG_0008-300x200.jpg 300w, https:\/\/www.isotildam.de\/wp-content\/uploads\/2020\/06\/IMG_0008-768x512.jpg 768w, https:\/\/www.isotildam.de\/wp-content\/uploads\/2020\/06\/IMG_0008-1024x683.jpg 1024w\" sizes=\"auto, (max-width: 300px) 100vw, 300px\" \/><\/figure><\/div>\n\n\n\n<p class=\"wp-block-paragraph\">Fa. ISOTILDAM Schwingungstechnik ist ein junges Unternehmen, das von einem sehr erfahrenen Fachmann im Bereich der Maschinenaufstell- und Schwingungstechnik in Stuttgart gegr\u00fcndet wurde. Fa. ISOTILDAM entwickelt und vertreibt innovative Produkte und L\u00f6sungen u. a. f\u00fcr die Bereiche  Maschinenaufstelltechnik, Schwingungstechnik, Schwingungsisolation, Schwingungsd\u00e4mpfung, Schwingungstilgung und Erdbebenschutz. Fa. ISOTILDAM liefert die Gesamtl\u00f6sung aus einer Hand beginnend von der Ursachenermittlung, \u00fcber die Realisierung einer L\u00f6sung bis hin zur messtechnischen \u00dcberpr\u00fcfung der realisierten Ma\u00dfnahme. Fa. ISOTILDAM hat sich in o. g. Bereichen etabliert und ist auch als Probleml\u00f6ser sehr bekannt.<\/p>\n","protected":false},"excerpt":{"rendered":"<p>Fa. ISOTILDAM Schwingungstechnik ist ein junges Unternehmen, das von einem sehr erfahrenen Fachmann im Bereich der Maschinenaufstell- und Schwingungstechnik in Stuttgart gegr\u00fcndet wurde. Fa. ISOTILDAM entwickelt und vertreibt innovative Produkte und L\u00f6sungen u. a. f\u00fcr die Bereiche Maschinenaufstelltechnik, Schwingungstechnik, Schwingungsisolation, Schwingungsd\u00e4mpfung, Schwingungstilgung und Erdbebenschutz. Fa. ISOTILDAM liefert die Gesamtl\u00f6sung aus einer Hand beginnend von der [&hellip;]<\/p>\n","protected":false},"author":1,"featured_media":0,"parent":0,"menu_order":0,"comment_status":"closed","ping_status":"closed","template":"","meta":{"_crdt_document":"","footnotes":""},"class_list":["post-84","page","type-page","status-publish","hentry"],"_links":{"self":[{"href":"https:\/\/www.isotildam.de\/index.php\/wp-json\/wp\/v2\/pages\/84","targetHints":{"allow":["GET"]}}],"collection":[{"href":"https:\/\/www.isotildam.de\/index.php\/wp-json\/wp\/v2\/pages"}],"about":[{"href":"https:\/\/www.isotildam.de\/index.php\/wp-json\/wp\/v2\/types\/page"}],"author":[{"embeddable":true,"href":"https:\/\/www.isotildam.de\/index.php\/wp-json\/wp\/v2\/users\/1"}],"replies":[{"embeddable":true,"href":"https:\/\/www.isotildam.de\/index.php\/wp-json\/wp\/v2\/comments?post=84"}],"version-history":[{"count":1,"href":"https:\/\/www.isotildam.de\/index.php\/wp-json\/wp\/v2\/pages\/84\/revisions"}],"predecessor-version":[{"id":6381,"href":"https:\/\/www.isotildam.de\/index.php\/wp-json\/wp\/v2\/pages\/84\/revisions\/6381"}],"wp:attachment":[{"href":"https:\/\/www.isotildam.de\/index.php\/wp-json\/wp\/v2\/media?parent=84"}],"curies":[{"name":"wp","href":"https:\/\/api.w.org\/{rel}","templated":true}]}}